{"id":19578,"date":"2022-11-28T10:56:57","date_gmt":"2022-11-28T09:56:57","guid":{"rendered":"https:\/\/www.petroni.hr\/proizvod\/13989\/"},"modified":"2026-04-14T09:25:30","modified_gmt":"2026-04-14T08:25:30","slug":"13989","status":"publish","type":"product","link":"https:\/\/www.petroni.hr\/en\/proizvod\/13989\/","title":{"rendered":"Televizor smart LED TV 23,6&#8243; 12\/220V"},"content":{"rendered":"<p>WiFi, DVB-S2 (SAT), DVB-C (kabelska), DVB-T2 s HD (zemaljski)<br \/>\nVeliki kut gledanja<br \/>\nEkstra usko ku\u0107i\u0161te<br \/>\nAndroid sustav<\/p>\n<p>Ekran 23,6&#8243;<br \/>\nPotro\u0161nja 36 W<br \/>\nPotro\u0161nja energije kWh\/godina 21<br \/>\nRezolucija (piksela) 1920x1080px<br \/>\nTuner DVB-S2<br \/>\n\u0160irina 551 mm<br \/>\nVisina 327 mm<br \/>\nDubina 430 mm<br \/>\nTe\u017eina 3,3 kg<br \/>\nHDMI priklju\u010dak, 2x USB 2.0, 1x VGA, 1x PC audio, 1x CI+ utor, 1x AV, 1x RJ45<\/p>\n","protected":false},"excerpt":{"rendered":"<p>WiFi, DVB-S2 (SAT), DVB-C (kabelska), DVB-T2 s HD (zemaljski) Veliki kut gledanja Ekstra usko ku\u0107i\u0161te Android sustav Ekran 23,6&#8243; Potro\u0161nja 36 W Potro\u0161nja energije kWh\/godina 21 Rezolucija (piksela) 1920x1080px Tuner DVB-S2 \u0160irina 551 mm Visina 327 mm Dubina 430 mm Te\u017eina 3,3 kg HDMI priklju\u010dak, 2x USB 2.0, 1x VGA, 1x PC audio, 1x CI+ [&hellip;]<\/p>\n","protected":false},"featured_media":13991,"comment_status":"open","ping_status":"closed","template":"","meta":{"_acf_changed":false,"_themeisle_gutenberg_block_has_review":false},"product_brand":[],"product_cat":[281,371],"product_tag":[],"class_list":{"0":"post-19578","1":"product","2":"type-product","3":"status-publish","4":"has-post-thumbnail","6":"product_cat-multimedia-2-en","7":"product_cat-televizori-i-oprema","9":"first","10":"outofstock","11":"shipping-taxable","12":"purchasable","13":"product-type-simple"},"acf":[],"yoast_head":"<!-- This site is optimized with the Yoast SEO plugin v27.4 - https:\/\/yoast.com\/product\/yoast-seo-wordpress\/ -->\n<title>Televizor smart LED TV 23,6&quot; 12\/220V | Petroni - rent | sale | service | conversions<\/title>\n<meta name=\"robots\" content=\"index, follow, max-snippet:-1, max-image-preview:large, max-video-preview:-1\" \/>\n<link rel=\"canonical\" href=\"https:\/\/www.petroni.hr\/en\/proizvod\/13989\/\" \/>\n<meta property=\"og:locale\" content=\"en_US\" \/>\n<meta property=\"og:type\" content=\"article\" \/>\n<meta property=\"og:title\" content=\"Televizor smart LED TV 23,6&quot; 12\/220V | Petroni - rent | sale | service | conversions\" \/>\n<meta property=\"og:description\" content=\"WiFi, DVB-S2 (SAT), DVB-C (kabelska), DVB-T2 s HD (zemaljski) Veliki kut gledanja Ekstra usko ku\u0107i\u0161te Android sustav Ekran 23,6&#8243; Potro\u0161nja 36 W Potro\u0161nja energije kWh\/godina 21 Rezolucija (piksela) 1920x1080px Tuner DVB-S2 \u0160irina 551 mm Visina 327 mm Dubina 430 mm Te\u017eina 3,3 kg HDMI priklju\u010dak, 2x USB 2.0, 1x VGA, 1x PC audio, 1x CI+ [&hellip;]\" \/>\n<meta property=\"og:url\" content=\"https:\/\/www.petroni.hr\/en\/proizvod\/13989\/\" \/>\n<meta property=\"og:site_name\" content=\"Petroni - rent | sale | service | conversions\" \/>\n<meta property=\"article:publisher\" content=\"https:\/\/www.facebook.com\/Kamperi.Petroni.Sesvete\/?locale=hr_HR\" \/>\n<meta property=\"article:modified_time\" content=\"2026-04-14T08:25:30+00:00\" \/>\n<meta property=\"og:image\" content=\"https:\/\/www.petroni.hr\/wp-content\/uploads\/2022\/11\/99949885-smart-TV-LED-236.jpg\" \/>\n\t<meta property=\"og:image:width\" content=\"770\" \/>\n\t<meta property=\"og:image:height\" content=\"600\" \/>\n\t<meta property=\"og:image:type\" content=\"image\/jpeg\" \/>\n<meta name=\"twitter:card\" content=\"summary_large_image\" \/>\n<script type=\"application\/ld+json\" class=\"yoast-schema-graph\">{\"@context\":\"https:\\\/\\\/schema.org\",\"@graph\":[{\"@type\":\"WebPage\",\"@id\":\"https:\\\/\\\/www.petroni.hr\\\/en\\\/proizvod\\\/13989\\\/\",\"url\":\"https:\\\/\\\/www.petroni.hr\\\/en\\\/proizvod\\\/13989\\\/\",\"name\":\"Televizor smart LED TV 23,6\\\" 12\\\/220V | Petroni - rent | sale | service | conversions\",\"isPartOf\":{\"@id\":\"https:\\\/\\\/www.petroni.hr\\\/en\\\/#website\"},\"primaryImageOfPage\":{\"@id\":\"https:\\\/\\\/www.petroni.hr\\\/en\\\/proizvod\\\/13989\\\/#primaryimage\"},\"image\":{\"@id\":\"https:\\\/\\\/www.petroni.hr\\\/en\\\/proizvod\\\/13989\\\/#primaryimage\"},\"thumbnailUrl\":\"https:\\\/\\\/www.petroni.hr\\\/wp-content\\\/uploads\\\/2022\\\/11\\\/99949885-smart-TV-LED-236.jpg\",\"datePublished\":\"2022-11-28T09:56:57+00:00\",\"dateModified\":\"2026-04-14T08:25:30+00:00\",\"breadcrumb\":{\"@id\":\"https:\\\/\\\/www.petroni.hr\\\/en\\\/proizvod\\\/13989\\\/#breadcrumb\"},\"inLanguage\":\"en-US\",\"potentialAction\":[{\"@type\":\"ReadAction\",\"target\":[\"https:\\\/\\\/www.petroni.hr\\\/en\\\/proizvod\\\/13989\\\/\"]}]},{\"@type\":\"ImageObject\",\"inLanguage\":\"en-US\",\"@id\":\"https:\\\/\\\/www.petroni.hr\\\/en\\\/proizvod\\\/13989\\\/#primaryimage\",\"url\":\"https:\\\/\\\/www.petroni.hr\\\/wp-content\\\/uploads\\\/2022\\\/11\\\/99949885-smart-TV-LED-236.jpg\",\"contentUrl\":\"https:\\\/\\\/www.petroni.hr\\\/wp-content\\\/uploads\\\/2022\\\/11\\\/99949885-smart-TV-LED-236.jpg\",\"width\":770,\"height\":600},{\"@type\":\"BreadcrumbList\",\"@id\":\"https:\\\/\\\/www.petroni.hr\\\/en\\\/proizvod\\\/13989\\\/#breadcrumb\",\"itemListElement\":[{\"@type\":\"ListItem\",\"position\":1,\"name\":\"Po\u010detna stranica\",\"item\":\"https:\\\/\\\/www.petroni.hr\\\/en\\\/\"},{\"@type\":\"ListItem\",\"position\":2,\"name\":\"Shop\",\"item\":\"https:\\\/\\\/www.petroni.hr\\\/en\\\/shop\\\/\"},{\"@type\":\"ListItem\",\"position\":3,\"name\":\"Televizor smart LED TV 23,6&#8243; 12\\\/220V\"}]},{\"@type\":\"WebSite\",\"@id\":\"https:\\\/\\\/www.petroni.hr\\\/en\\\/#website\",\"url\":\"https:\\\/\\\/www.petroni.hr\\\/en\\\/\",\"name\":\"Petroni.hr\",\"description\":\"Experience the unprecedented freedom of travel\",\"publisher\":{\"@id\":\"https:\\\/\\\/www.petroni.hr\\\/en\\\/#organization\"},\"alternateName\":\"Petroni\",\"potentialAction\":[{\"@type\":\"SearchAction\",\"target\":{\"@type\":\"EntryPoint\",\"urlTemplate\":\"https:\\\/\\\/www.petroni.hr\\\/en\\\/?s={search_term_string}\"},\"query-input\":{\"@type\":\"PropertyValueSpecification\",\"valueRequired\":true,\"valueName\":\"search_term_string\"}}],\"inLanguage\":\"en-US\"},{\"@type\":\"Organization\",\"@id\":\"https:\\\/\\\/www.petroni.hr\\\/en\\\/#organization\",\"name\":\"Petroni d.o.o.\",\"alternateName\":\"Petroni\",\"url\":\"https:\\\/\\\/www.petroni.hr\\\/en\\\/\",\"logo\":{\"@type\":\"ImageObject\",\"inLanguage\":\"en-US\",\"@id\":\"https:\\\/\\\/www.petroni.hr\\\/en\\\/#\\\/schema\\\/logo\\\/image\\\/\",\"url\":\"https:\\\/\\\/www.petroni.hr\\\/wp-content\\\/uploads\\\/2024\\\/03\\\/cropped-Group-3.jpg\",\"contentUrl\":\"https:\\\/\\\/www.petroni.hr\\\/wp-content\\\/uploads\\\/2024\\\/03\\\/cropped-Group-3.jpg\",\"width\":512,\"height\":512,\"caption\":\"Petroni d.o.o.\"},\"image\":{\"@id\":\"https:\\\/\\\/www.petroni.hr\\\/en\\\/#\\\/schema\\\/logo\\\/image\\\/\"},\"sameAs\":[\"https:\\\/\\\/www.facebook.com\\\/Kamperi.Petroni.Sesvete\\\/?locale=hr_HR\"]}]}<\/script>\n<!-- \/ Yoast SEO plugin. -->","yoast_head_json":{"title":"Televizor smart LED TV 23,6\" 12\/220V | Petroni - rent | sale | service | conversions","robots":{"index":"index","follow":"follow","max-snippet":"max-snippet:-1","max-image-preview":"max-image-preview:large","max-video-preview":"max-video-preview:-1"},"canonical":"https:\/\/www.petroni.hr\/en\/proizvod\/13989\/","og_locale":"en_US","og_type":"article","og_title":"Televizor smart LED TV 23,6\" 12\/220V | Petroni - rent | sale | service | conversions","og_description":"WiFi, DVB-S2 (SAT), DVB-C (kabelska), DVB-T2 s HD (zemaljski) Veliki kut gledanja Ekstra usko ku\u0107i\u0161te Android sustav Ekran 23,6&#8243; Potro\u0161nja 36 W Potro\u0161nja energije kWh\/godina 21 Rezolucija (piksela) 1920x1080px Tuner DVB-S2 \u0160irina 551 mm Visina 327 mm Dubina 430 mm Te\u017eina 3,3 kg HDMI priklju\u010dak, 2x USB 2.0, 1x VGA, 1x PC audio, 1x CI+ [&hellip;]","og_url":"https:\/\/www.petroni.hr\/en\/proizvod\/13989\/","og_site_name":"Petroni - rent | sale | service | conversions","article_publisher":"https:\/\/www.facebook.com\/Kamperi.Petroni.Sesvete\/?locale=hr_HR","article_modified_time":"2026-04-14T08:25:30+00:00","og_image":[{"width":770,"height":600,"url":"https:\/\/www.petroni.hr\/wp-content\/uploads\/2022\/11\/99949885-smart-TV-LED-236.jpg","type":"image\/jpeg"}],"twitter_card":"summary_large_image","schema":{"@context":"https:\/\/schema.org","@graph":[{"@type":"WebPage","@id":"https:\/\/www.petroni.hr\/en\/proizvod\/13989\/","url":"https:\/\/www.petroni.hr\/en\/proizvod\/13989\/","name":"Televizor smart LED TV 23,6\" 12\/220V | Petroni - rent | sale | service | conversions","isPartOf":{"@id":"https:\/\/www.petroni.hr\/en\/#website"},"primaryImageOfPage":{"@id":"https:\/\/www.petroni.hr\/en\/proizvod\/13989\/#primaryimage"},"image":{"@id":"https:\/\/www.petroni.hr\/en\/proizvod\/13989\/#primaryimage"},"thumbnailUrl":"https:\/\/www.petroni.hr\/wp-content\/uploads\/2022\/11\/99949885-smart-TV-LED-236.jpg","datePublished":"2022-11-28T09:56:57+00:00","dateModified":"2026-04-14T08:25:30+00:00","breadcrumb":{"@id":"https:\/\/www.petroni.hr\/en\/proizvod\/13989\/#breadcrumb"},"inLanguage":"en-US","potentialAction":[{"@type":"ReadAction","target":["https:\/\/www.petroni.hr\/en\/proizvod\/13989\/"]}]},{"@type":"ImageObject","inLanguage":"en-US","@id":"https:\/\/www.petroni.hr\/en\/proizvod\/13989\/#primaryimage","url":"https:\/\/www.petroni.hr\/wp-content\/uploads\/2022\/11\/99949885-smart-TV-LED-236.jpg","contentUrl":"https:\/\/www.petroni.hr\/wp-content\/uploads\/2022\/11\/99949885-smart-TV-LED-236.jpg","width":770,"height":600},{"@type":"BreadcrumbList","@id":"https:\/\/www.petroni.hr\/en\/proizvod\/13989\/#breadcrumb","itemListElement":[{"@type":"ListItem","position":1,"name":"Po\u010detna stranica","item":"https:\/\/www.petroni.hr\/en\/"},{"@type":"ListItem","position":2,"name":"Shop","item":"https:\/\/www.petroni.hr\/en\/shop\/"},{"@type":"ListItem","position":3,"name":"Televizor smart LED TV 23,6&#8243; 12\/220V"}]},{"@type":"WebSite","@id":"https:\/\/www.petroni.hr\/en\/#website","url":"https:\/\/www.petroni.hr\/en\/","name":"Petroni.hr","description":"Experience the unprecedented freedom of travel","publisher":{"@id":"https:\/\/www.petroni.hr\/en\/#organization"},"alternateName":"Petroni","potentialAction":[{"@type":"SearchAction","target":{"@type":"EntryPoint","urlTemplate":"https:\/\/www.petroni.hr\/en\/?s={search_term_string}"},"query-input":{"@type":"PropertyValueSpecification","valueRequired":true,"valueName":"search_term_string"}}],"inLanguage":"en-US"},{"@type":"Organization","@id":"https:\/\/www.petroni.hr\/en\/#organization","name":"Petroni d.o.o.","alternateName":"Petroni","url":"https:\/\/www.petroni.hr\/en\/","logo":{"@type":"ImageObject","inLanguage":"en-US","@id":"https:\/\/www.petroni.hr\/en\/#\/schema\/logo\/image\/","url":"https:\/\/www.petroni.hr\/wp-content\/uploads\/2024\/03\/cropped-Group-3.jpg","contentUrl":"https:\/\/www.petroni.hr\/wp-content\/uploads\/2024\/03\/cropped-Group-3.jpg","width":512,"height":512,"caption":"Petroni d.o.o."},"image":{"@id":"https:\/\/www.petroni.hr\/en\/#\/schema\/logo\/image\/"},"sameAs":["https:\/\/www.facebook.com\/Kamperi.Petroni.Sesvete\/?locale=hr_HR"]}]}},"_links":{"self":[{"href":"https:\/\/www.petroni.hr\/en\/wp-json\/wp\/v2\/product\/19578","targetHints":{"allow":["GET"]}}],"collection":[{"href":"https:\/\/www.petroni.hr\/en\/wp-json\/wp\/v2\/product"}],"about":[{"href":"https:\/\/www.petroni.hr\/en\/wp-json\/wp\/v2\/types\/product"}],"replies":[{"embeddable":true,"href":"https:\/\/www.petroni.hr\/en\/wp-json\/wp\/v2\/comments?post=19578"}],"wp:featuredmedia":[{"embeddable":true,"href":"https:\/\/www.petroni.hr\/en\/wp-json\/wp\/v2\/media\/13991"}],"wp:attachment":[{"href":"https:\/\/www.petroni.hr\/en\/wp-json\/wp\/v2\/media?parent=19578"}],"wp:term":[{"taxonomy":"product_brand","embeddable":true,"href":"https:\/\/www.petroni.hr\/en\/wp-json\/wp\/v2\/product_brand?post=19578"},{"taxonomy":"product_cat","embeddable":true,"href":"https:\/\/www.petroni.hr\/en\/wp-json\/wp\/v2\/product_cat?post=19578"},{"taxonomy":"product_tag","embeddable":true,"href":"https:\/\/www.petroni.hr\/en\/wp-json\/wp\/v2\/product_tag?post=19578"}],"curies":[{"name":"wp","href":"https:\/\/api.w.org\/{rel}","templated":true}]}}