{"id":19528,"date":"2023-01-26T12:01:01","date_gmt":"2023-01-26T11:01:01","guid":{"rendered":"https:\/\/www.petroni.hr\/proizvod\/bocno-staklo-za-klizna-vrata-za-vw-caddy-2021\/"},"modified":"2024-12-06T14:07:40","modified_gmt":"2024-12-06T13:07:40","slug":"bocno-staklo-za-klizna-vrata-za-vw-caddy-2021","status":"publish","type":"product","link":"https:\/\/www.petroni.hr\/en\/proizvod\/bocno-staklo-za-klizna-vrata-za-vw-caddy-2021\/","title":{"rendered":"Staklo bo\u010dno za klizna vrata za VW Caddy 2021>"},"content":{"rendered":"<p>Zatamnjeno sigurnosno staklo za VW Caddy od 2021. (dugi me\u0111uosovinski razmak, 4853 mm).<\/p>\n<p>Sa kliznim dijelom za otvaranje<\/p>\n<p>Ukupne dimenzije (\u0160 x V): 970 x 493 mm<\/p>\n<p>Bo\u010dna desna klizna vrata<\/p>\n<p>&nbsp;<\/p>\n<p>Dostupna su stakla za &#8211;<\/p>\n<p>lijevi bok iza voza\u010da 970&#215;493<\/p>\n<p>Zadnji desni dio 830&#215;470<\/p>\n<p>zadnji lijevi dio 830&#215;470<\/p>\n<p>&nbsp;<\/p>\n<p>&nbsp;<\/p>\n","protected":false},"excerpt":{"rendered":"<p>Zatamnjeno sigurnosno staklo za VW Caddy od 2021. (dugi me\u0111uosovinski razmak, 4853 mm). Sa kliznim dijelom za otvaranje Ukupne dimenzije (\u0160 x V): 970 x 493 mm Bo\u010dna desna klizna vrata &nbsp; Dostupna su stakla za &#8211; lijevi bok iza voza\u010da 970&#215;493 Zadnji desni dio 830&#215;470 zadnji lijevi dio 830&#215;470 &nbsp; &nbsp;<\/p>\n","protected":false},"featured_media":14422,"comment_status":"open","ping_status":"closed","template":"","meta":{"_acf_changed":false,"_themeisle_gutenberg_block_has_review":false},"product_brand":[],"product_cat":[310,288],"product_tag":[],"class_list":{"0":"post-19528","1":"product","2":"type-product","3":"status-publish","4":"has-post-thumbnail","6":"product_cat-staklo-en","7":"product_cat-windows-en","8":"product_shipping_class-potrebno-osobno-preuzimanje-u-trgovini","10":"first","11":"outofstock","12":"shipping-taxable","13":"purchasable","14":"product-type-simple"},"acf":[],"yoast_head":"<!-- This site is optimized with the Yoast SEO plugin v27.4 - https:\/\/yoast.com\/product\/yoast-seo-wordpress\/ -->\n<title>Staklo bo\u010dno za klizna vrata za VW Caddy 2021&gt; | Petroni - rent | sale | service | conversions<\/title>\n<meta name=\"robots\" content=\"index, follow, max-snippet:-1, max-image-preview:large, max-video-preview:-1\" \/>\n<link rel=\"canonical\" href=\"https:\/\/www.petroni.hr\/en\/proizvod\/bocno-staklo-za-klizna-vrata-za-vw-caddy-2021\/\" \/>\n<meta property=\"og:locale\" content=\"en_US\" \/>\n<meta property=\"og:type\" content=\"article\" \/>\n<meta property=\"og:title\" content=\"Staklo bo\u010dno za klizna vrata za VW Caddy 2021&gt; | Petroni - rent | sale | service | conversions\" \/>\n<meta property=\"og:description\" content=\"Zatamnjeno sigurnosno staklo za VW Caddy od 2021. (dugi me\u0111uosovinski razmak, 4853 mm). Sa kliznim dijelom za otvaranje Ukupne dimenzije (\u0160 x V): 970 x 493 mm Bo\u010dna desna klizna vrata &nbsp; Dostupna su stakla za &#8211; lijevi bok iza voza\u010da 970&#215;493 Zadnji desni dio 830&#215;470 zadnji lijevi dio 830&#215;470 &nbsp; &nbsp;\" \/>\n<meta property=\"og:url\" content=\"https:\/\/www.petroni.hr\/en\/proizvod\/bocno-staklo-za-klizna-vrata-za-vw-caddy-2021\/\" \/>\n<meta property=\"og:site_name\" content=\"Petroni - rent | sale | service | conversions\" \/>\n<meta property=\"article:publisher\" content=\"https:\/\/www.facebook.com\/Kamperi.Petroni.Sesvete\/?locale=hr_HR\" \/>\n<meta property=\"article:modified_time\" content=\"2024-12-06T13:07:40+00:00\" \/>\n<meta property=\"og:image\" content=\"https:\/\/www.petroni.hr\/wp-content\/uploads\/2023\/01\/316027-bocno-klizno-staklo-za-VW-Caddy.jpg\" \/>\n\t<meta property=\"og:image:width\" content=\"800\" \/>\n\t<meta property=\"og:image:height\" content=\"600\" \/>\n\t<meta property=\"og:image:type\" content=\"image\/jpeg\" \/>\n<meta name=\"twitter:card\" content=\"summary_large_image\" \/>\n<script type=\"application\/ld+json\" class=\"yoast-schema-graph\">{\"@context\":\"https:\\\/\\\/schema.org\",\"@graph\":[{\"@type\":\"WebPage\",\"@id\":\"https:\\\/\\\/www.petroni.hr\\\/en\\\/proizvod\\\/bocno-staklo-za-klizna-vrata-za-vw-caddy-2021\\\/\",\"url\":\"https:\\\/\\\/www.petroni.hr\\\/en\\\/proizvod\\\/bocno-staklo-za-klizna-vrata-za-vw-caddy-2021\\\/\",\"name\":\"Staklo bo\u010dno za klizna vrata za VW Caddy 2021> | Petroni - rent | sale | service | conversions\",\"isPartOf\":{\"@id\":\"https:\\\/\\\/www.petroni.hr\\\/en\\\/#website\"},\"primaryImageOfPage\":{\"@id\":\"https:\\\/\\\/www.petroni.hr\\\/en\\\/proizvod\\\/bocno-staklo-za-klizna-vrata-za-vw-caddy-2021\\\/#primaryimage\"},\"image\":{\"@id\":\"https:\\\/\\\/www.petroni.hr\\\/en\\\/proizvod\\\/bocno-staklo-za-klizna-vrata-za-vw-caddy-2021\\\/#primaryimage\"},\"thumbnailUrl\":\"https:\\\/\\\/www.petroni.hr\\\/wp-content\\\/uploads\\\/2023\\\/01\\\/316027-bocno-klizno-staklo-za-VW-Caddy.jpg\",\"datePublished\":\"2023-01-26T11:01:01+00:00\",\"dateModified\":\"2024-12-06T13:07:40+00:00\",\"breadcrumb\":{\"@id\":\"https:\\\/\\\/www.petroni.hr\\\/en\\\/proizvod\\\/bocno-staklo-za-klizna-vrata-za-vw-caddy-2021\\\/#breadcrumb\"},\"inLanguage\":\"en-US\",\"potentialAction\":[{\"@type\":\"ReadAction\",\"target\":[\"https:\\\/\\\/www.petroni.hr\\\/en\\\/proizvod\\\/bocno-staklo-za-klizna-vrata-za-vw-caddy-2021\\\/\"]}]},{\"@type\":\"ImageObject\",\"inLanguage\":\"en-US\",\"@id\":\"https:\\\/\\\/www.petroni.hr\\\/en\\\/proizvod\\\/bocno-staklo-za-klizna-vrata-za-vw-caddy-2021\\\/#primaryimage\",\"url\":\"https:\\\/\\\/www.petroni.hr\\\/wp-content\\\/uploads\\\/2023\\\/01\\\/316027-bocno-klizno-staklo-za-VW-Caddy.jpg\",\"contentUrl\":\"https:\\\/\\\/www.petroni.hr\\\/wp-content\\\/uploads\\\/2023\\\/01\\\/316027-bocno-klizno-staklo-za-VW-Caddy.jpg\",\"width\":800,\"height\":600},{\"@type\":\"BreadcrumbList\",\"@id\":\"https:\\\/\\\/www.petroni.hr\\\/en\\\/proizvod\\\/bocno-staklo-za-klizna-vrata-za-vw-caddy-2021\\\/#breadcrumb\",\"itemListElement\":[{\"@type\":\"ListItem\",\"position\":1,\"name\":\"Po\u010detna stranica\",\"item\":\"https:\\\/\\\/www.petroni.hr\\\/en\\\/\"},{\"@type\":\"ListItem\",\"position\":2,\"name\":\"Shop\",\"item\":\"https:\\\/\\\/www.petroni.hr\\\/en\\\/shop\\\/\"},{\"@type\":\"ListItem\",\"position\":3,\"name\":\"Staklo bo\u010dno za klizna vrata za VW Caddy 2021>\"}]},{\"@type\":\"WebSite\",\"@id\":\"https:\\\/\\\/www.petroni.hr\\\/en\\\/#website\",\"url\":\"https:\\\/\\\/www.petroni.hr\\\/en\\\/\",\"name\":\"Petroni.hr\",\"description\":\"Experience the unprecedented freedom of travel\",\"publisher\":{\"@id\":\"https:\\\/\\\/www.petroni.hr\\\/en\\\/#organization\"},\"alternateName\":\"Petroni\",\"potentialAction\":[{\"@type\":\"SearchAction\",\"target\":{\"@type\":\"EntryPoint\",\"urlTemplate\":\"https:\\\/\\\/www.petroni.hr\\\/en\\\/?s={search_term_string}\"},\"query-input\":{\"@type\":\"PropertyValueSpecification\",\"valueRequired\":true,\"valueName\":\"search_term_string\"}}],\"inLanguage\":\"en-US\"},{\"@type\":\"Organization\",\"@id\":\"https:\\\/\\\/www.petroni.hr\\\/en\\\/#organization\",\"name\":\"Petroni d.o.o.\",\"alternateName\":\"Petroni\",\"url\":\"https:\\\/\\\/www.petroni.hr\\\/en\\\/\",\"logo\":{\"@type\":\"ImageObject\",\"inLanguage\":\"en-US\",\"@id\":\"https:\\\/\\\/www.petroni.hr\\\/en\\\/#\\\/schema\\\/logo\\\/image\\\/\",\"url\":\"https:\\\/\\\/www.petroni.hr\\\/wp-content\\\/uploads\\\/2024\\\/03\\\/cropped-Group-3.jpg\",\"contentUrl\":\"https:\\\/\\\/www.petroni.hr\\\/wp-content\\\/uploads\\\/2024\\\/03\\\/cropped-Group-3.jpg\",\"width\":512,\"height\":512,\"caption\":\"Petroni d.o.o.\"},\"image\":{\"@id\":\"https:\\\/\\\/www.petroni.hr\\\/en\\\/#\\\/schema\\\/logo\\\/image\\\/\"},\"sameAs\":[\"https:\\\/\\\/www.facebook.com\\\/Kamperi.Petroni.Sesvete\\\/?locale=hr_HR\"]}]}<\/script>\n<!-- \/ Yoast SEO plugin. -->","yoast_head_json":{"title":"Staklo bo\u010dno za klizna vrata za VW Caddy 2021> | Petroni - rent | sale | service | conversions","robots":{"index":"index","follow":"follow","max-snippet":"max-snippet:-1","max-image-preview":"max-image-preview:large","max-video-preview":"max-video-preview:-1"},"canonical":"https:\/\/www.petroni.hr\/en\/proizvod\/bocno-staklo-za-klizna-vrata-za-vw-caddy-2021\/","og_locale":"en_US","og_type":"article","og_title":"Staklo bo\u010dno za klizna vrata za VW Caddy 2021> | Petroni - rent | sale | service | conversions","og_description":"Zatamnjeno sigurnosno staklo za VW Caddy od 2021. (dugi me\u0111uosovinski razmak, 4853 mm). Sa kliznim dijelom za otvaranje Ukupne dimenzije (\u0160 x V): 970 x 493 mm Bo\u010dna desna klizna vrata &nbsp; Dostupna su stakla za &#8211; lijevi bok iza voza\u010da 970&#215;493 Zadnji desni dio 830&#215;470 zadnji lijevi dio 830&#215;470 &nbsp; &nbsp;","og_url":"https:\/\/www.petroni.hr\/en\/proizvod\/bocno-staklo-za-klizna-vrata-za-vw-caddy-2021\/","og_site_name":"Petroni - rent | sale | service | conversions","article_publisher":"https:\/\/www.facebook.com\/Kamperi.Petroni.Sesvete\/?locale=hr_HR","article_modified_time":"2024-12-06T13:07:40+00:00","og_image":[{"width":800,"height":600,"url":"https:\/\/www.petroni.hr\/wp-content\/uploads\/2023\/01\/316027-bocno-klizno-staklo-za-VW-Caddy.jpg","type":"image\/jpeg"}],"twitter_card":"summary_large_image","schema":{"@context":"https:\/\/schema.org","@graph":[{"@type":"WebPage","@id":"https:\/\/www.petroni.hr\/en\/proizvod\/bocno-staklo-za-klizna-vrata-za-vw-caddy-2021\/","url":"https:\/\/www.petroni.hr\/en\/proizvod\/bocno-staklo-za-klizna-vrata-za-vw-caddy-2021\/","name":"Staklo bo\u010dno za klizna vrata za VW Caddy 2021> | Petroni - rent | sale | service | conversions","isPartOf":{"@id":"https:\/\/www.petroni.hr\/en\/#website"},"primaryImageOfPage":{"@id":"https:\/\/www.petroni.hr\/en\/proizvod\/bocno-staklo-za-klizna-vrata-za-vw-caddy-2021\/#primaryimage"},"image":{"@id":"https:\/\/www.petroni.hr\/en\/proizvod\/bocno-staklo-za-klizna-vrata-za-vw-caddy-2021\/#primaryimage"},"thumbnailUrl":"https:\/\/www.petroni.hr\/wp-content\/uploads\/2023\/01\/316027-bocno-klizno-staklo-za-VW-Caddy.jpg","datePublished":"2023-01-26T11:01:01+00:00","dateModified":"2024-12-06T13:07:40+00:00","breadcrumb":{"@id":"https:\/\/www.petroni.hr\/en\/proizvod\/bocno-staklo-za-klizna-vrata-za-vw-caddy-2021\/#breadcrumb"},"inLanguage":"en-US","potentialAction":[{"@type":"ReadAction","target":["https:\/\/www.petroni.hr\/en\/proizvod\/bocno-staklo-za-klizna-vrata-za-vw-caddy-2021\/"]}]},{"@type":"ImageObject","inLanguage":"en-US","@id":"https:\/\/www.petroni.hr\/en\/proizvod\/bocno-staklo-za-klizna-vrata-za-vw-caddy-2021\/#primaryimage","url":"https:\/\/www.petroni.hr\/wp-content\/uploads\/2023\/01\/316027-bocno-klizno-staklo-za-VW-Caddy.jpg","contentUrl":"https:\/\/www.petroni.hr\/wp-content\/uploads\/2023\/01\/316027-bocno-klizno-staklo-za-VW-Caddy.jpg","width":800,"height":600},{"@type":"BreadcrumbList","@id":"https:\/\/www.petroni.hr\/en\/proizvod\/bocno-staklo-za-klizna-vrata-za-vw-caddy-2021\/#breadcrumb","itemListElement":[{"@type":"ListItem","position":1,"name":"Po\u010detna stranica","item":"https:\/\/www.petroni.hr\/en\/"},{"@type":"ListItem","position":2,"name":"Shop","item":"https:\/\/www.petroni.hr\/en\/shop\/"},{"@type":"ListItem","position":3,"name":"Staklo bo\u010dno za klizna vrata za VW Caddy 2021>"}]},{"@type":"WebSite","@id":"https:\/\/www.petroni.hr\/en\/#website","url":"https:\/\/www.petroni.hr\/en\/","name":"Petroni.hr","description":"Experience the unprecedented freedom of travel","publisher":{"@id":"https:\/\/www.petroni.hr\/en\/#organization"},"alternateName":"Petroni","potentialAction":[{"@type":"SearchAction","target":{"@type":"EntryPoint","urlTemplate":"https:\/\/www.petroni.hr\/en\/?s={search_term_string}"},"query-input":{"@type":"PropertyValueSpecification","valueRequired":true,"valueName":"search_term_string"}}],"inLanguage":"en-US"},{"@type":"Organization","@id":"https:\/\/www.petroni.hr\/en\/#organization","name":"Petroni d.o.o.","alternateName":"Petroni","url":"https:\/\/www.petroni.hr\/en\/","logo":{"@type":"ImageObject","inLanguage":"en-US","@id":"https:\/\/www.petroni.hr\/en\/#\/schema\/logo\/image\/","url":"https:\/\/www.petroni.hr\/wp-content\/uploads\/2024\/03\/cropped-Group-3.jpg","contentUrl":"https:\/\/www.petroni.hr\/wp-content\/uploads\/2024\/03\/cropped-Group-3.jpg","width":512,"height":512,"caption":"Petroni d.o.o."},"image":{"@id":"https:\/\/www.petroni.hr\/en\/#\/schema\/logo\/image\/"},"sameAs":["https:\/\/www.facebook.com\/Kamperi.Petroni.Sesvete\/?locale=hr_HR"]}]}},"_links":{"self":[{"href":"https:\/\/www.petroni.hr\/en\/wp-json\/wp\/v2\/product\/19528","targetHints":{"allow":["GET"]}}],"collection":[{"href":"https:\/\/www.petroni.hr\/en\/wp-json\/wp\/v2\/product"}],"about":[{"href":"https:\/\/www.petroni.hr\/en\/wp-json\/wp\/v2\/types\/product"}],"replies":[{"embeddable":true,"href":"https:\/\/www.petroni.hr\/en\/wp-json\/wp\/v2\/comments?post=19528"}],"wp:featuredmedia":[{"embeddable":true,"href":"https:\/\/www.petroni.hr\/en\/wp-json\/wp\/v2\/media\/14422"}],"wp:attachment":[{"href":"https:\/\/www.petroni.hr\/en\/wp-json\/wp\/v2\/media?parent=19528"}],"wp:term":[{"taxonomy":"product_brand","embeddable":true,"href":"https:\/\/www.petroni.hr\/en\/wp-json\/wp\/v2\/product_brand?post=19528"},{"taxonomy":"product_cat","embeddable":true,"href":"https:\/\/www.petroni.hr\/en\/wp-json\/wp\/v2\/product_cat?post=19528"},{"taxonomy":"product_tag","embeddable":true,"href":"https:\/\/www.petroni.hr\/en\/wp-json\/wp\/v2\/product_tag?post=19528"}],"curies":[{"name":"wp","href":"https:\/\/api.w.org\/{rel}","templated":true}]}}