{"id":19514,"date":"2023-02-04T08:53:52","date_gmt":"2023-02-04T07:53:52","guid":{"rendered":"https:\/\/www.petroni.hr\/proizvod\/prozor-bocni-klizni-sa-alu-okvirom-500x300mm\/"},"modified":"2024-12-06T13:48:53","modified_gmt":"2024-12-06T12:48:53","slug":"prozor-bocni-klizni-sa-alu-okvirom-500x300mm","status":"publish","type":"product","link":"https:\/\/www.petroni.hr\/en\/proizvod\/prozor-bocni-klizni-sa-alu-okvirom-500x300mm\/","title":{"rendered":"Prozor bo\u010dni klizni sa alu okvirom 500x300mm"},"content":{"rendered":"<p>Najbolja izolacija kroz DVOSTRUKO staklo<br \/>\nVisokokvalitetni aluminijski okvir oblo\u017een prahom<br \/>\nZatamnjeno sigurnosno staklo za debljinu stijenke 30 mm i polumjer kuta 87 mm<br \/>\nVozilu daje plemenit karakter<br \/>\nOsigurava svje\u017e zrak u vozilu<br \/>\nPove\u0107ava \u017eivotnu atmosferu<br \/>\nHomologacija<br \/>\nUpute za monta\u017eu<\/p>\n<p>S odgovaraju\u0107om unutarnjom roletom (prodaje se zasebno)<\/p>\n<p>&nbsp;<\/p>\n<p>U ponudi imamo\u00a0 slijede\u0107e dimenzije &#8211;<\/p>\n<p>izrez mm\u00a0 \/\/ vanjska mjera mm<\/p>\n<p>500&#215;300\/\/528&#215;328<\/p>\n<p>500&#215;350\/\/528&#215;378<\/p>\n<p>500&#215;450\/\/528&#215;478<\/p>\n<p>600&#215;350\/\/628&#215;378<\/p>\n<p>600&#215;450\/\/628&#215;478<\/p>\n<p>700&#215;300\/\/728&#215;328<\/p>\n<p>700&#215;400\/\/728&#215;428<\/p>\n<p>700&#215;450\/\/728&#215;478<\/p>\n<p>800&#215;340\/\/828&#215;368<\/p>\n<p>800&#215;400\/\/728&#215;428<\/p>\n<p>800&#215;450\/\/828&#215;478<\/p>\n<p>900&#215;450\/\/928&#215;478<\/p>\n<p>900&#215;500\/\/928&#215;528<\/p>\n<p>960&#215;450\/\/988&#215;478<\/p>\n<p>1000&#215;500\/\/1028&#215;528<\/p>\n<p>&nbsp;<\/p>\n<p>Informativne cijene 175\u20ac do 360\u20ac<\/p>\n","protected":false},"excerpt":{"rendered":"<p>Najbolja izolacija kroz DVOSTRUKO staklo Visokokvalitetni aluminijski okvir oblo\u017een prahom Zatamnjeno sigurnosno staklo za debljinu stijenke 30 mm i polumjer kuta 87 mm Vozilu daje plemenit karakter Osigurava svje\u017e zrak u vozilu Pove\u0107ava \u017eivotnu atmosferu Homologacija Upute za monta\u017eu S odgovaraju\u0107om unutarnjom roletom (prodaje se zasebno) &nbsp; U ponudi imamo\u00a0 slijede\u0107e dimenzije &#8211; izrez mm\u00a0 [&hellip;]<\/p>\n","protected":false},"featured_media":14488,"comment_status":"open","ping_status":"closed","template":"","meta":{"_acf_changed":false,"_themeisle_gutenberg_block_has_review":false},"product_brand":[],"product_cat":[287,288],"product_tag":[],"class_list":{"0":"post-19514","1":"product","2":"type-product","3":"status-publish","4":"has-post-thumbnail","6":"product_cat-side-window-en","7":"product_cat-windows-en","9":"first","10":"outofstock","11":"shipping-taxable","12":"purchasable","13":"product-type-simple"},"acf":[],"yoast_head":"<!-- This site is optimized with the Yoast SEO plugin v27.4 - https:\/\/yoast.com\/product\/yoast-seo-wordpress\/ -->\n<title>Prozor bo\u010dni klizni sa alu okvirom 500x300mm | Petroni - rent | sale | service | conversions<\/title>\n<meta name=\"robots\" content=\"index, follow, max-snippet:-1, max-image-preview:large, max-video-preview:-1\" \/>\n<link rel=\"canonical\" href=\"https:\/\/www.petroni.hr\/en\/proizvod\/prozor-bocni-klizni-sa-alu-okvirom-500x300mm\/\" \/>\n<meta property=\"og:locale\" content=\"en_US\" \/>\n<meta property=\"og:type\" content=\"article\" \/>\n<meta property=\"og:title\" content=\"Prozor bo\u010dni klizni sa alu okvirom 500x300mm | Petroni - rent | sale | service | conversions\" \/>\n<meta property=\"og:description\" content=\"Najbolja izolacija kroz DVOSTRUKO staklo Visokokvalitetni aluminijski okvir oblo\u017een prahom Zatamnjeno sigurnosno staklo za debljinu stijenke 30 mm i polumjer kuta 87 mm Vozilu daje plemenit karakter Osigurava svje\u017e zrak u vozilu Pove\u0107ava \u017eivotnu atmosferu Homologacija Upute za monta\u017eu S odgovaraju\u0107om unutarnjom roletom (prodaje se zasebno) &nbsp; U ponudi imamo\u00a0 slijede\u0107e dimenzije &#8211; izrez mm\u00a0 [&hellip;]\" \/>\n<meta property=\"og:url\" content=\"https:\/\/www.petroni.hr\/en\/proizvod\/prozor-bocni-klizni-sa-alu-okvirom-500x300mm\/\" \/>\n<meta property=\"og:site_name\" content=\"Petroni - rent | sale | service | conversions\" \/>\n<meta property=\"article:publisher\" content=\"https:\/\/www.facebook.com\/Kamperi.Petroni.Sesvete\/?locale=hr_HR\" \/>\n<meta property=\"article:modified_time\" content=\"2024-12-06T12:48:53+00:00\" \/>\n<meta property=\"og:image\" content=\"https:\/\/www.petroni.hr\/wp-content\/uploads\/2023\/02\/31650-klizni-prozor-sa-alu-okvirom.jpg\" \/>\n\t<meta property=\"og:image:width\" content=\"800\" \/>\n\t<meta property=\"og:image:height\" content=\"533\" \/>\n\t<meta property=\"og:image:type\" content=\"image\/jpeg\" \/>\n<meta name=\"twitter:card\" content=\"summary_large_image\" \/>\n<script type=\"application\/ld+json\" class=\"yoast-schema-graph\">{\"@context\":\"https:\\\/\\\/schema.org\",\"@graph\":[{\"@type\":\"WebPage\",\"@id\":\"https:\\\/\\\/www.petroni.hr\\\/en\\\/proizvod\\\/prozor-bocni-klizni-sa-alu-okvirom-500x300mm\\\/\",\"url\":\"https:\\\/\\\/www.petroni.hr\\\/en\\\/proizvod\\\/prozor-bocni-klizni-sa-alu-okvirom-500x300mm\\\/\",\"name\":\"Prozor bo\u010dni klizni sa alu okvirom 500x300mm | Petroni - rent | sale | service | conversions\",\"isPartOf\":{\"@id\":\"https:\\\/\\\/www.petroni.hr\\\/en\\\/#website\"},\"primaryImageOfPage\":{\"@id\":\"https:\\\/\\\/www.petroni.hr\\\/en\\\/proizvod\\\/prozor-bocni-klizni-sa-alu-okvirom-500x300mm\\\/#primaryimage\"},\"image\":{\"@id\":\"https:\\\/\\\/www.petroni.hr\\\/en\\\/proizvod\\\/prozor-bocni-klizni-sa-alu-okvirom-500x300mm\\\/#primaryimage\"},\"thumbnailUrl\":\"https:\\\/\\\/www.petroni.hr\\\/wp-content\\\/uploads\\\/2023\\\/02\\\/31650-klizni-prozor-sa-alu-okvirom.jpg\",\"datePublished\":\"2023-02-04T07:53:52+00:00\",\"dateModified\":\"2024-12-06T12:48:53+00:00\",\"breadcrumb\":{\"@id\":\"https:\\\/\\\/www.petroni.hr\\\/en\\\/proizvod\\\/prozor-bocni-klizni-sa-alu-okvirom-500x300mm\\\/#breadcrumb\"},\"inLanguage\":\"en-US\",\"potentialAction\":[{\"@type\":\"ReadAction\",\"target\":[\"https:\\\/\\\/www.petroni.hr\\\/en\\\/proizvod\\\/prozor-bocni-klizni-sa-alu-okvirom-500x300mm\\\/\"]}]},{\"@type\":\"ImageObject\",\"inLanguage\":\"en-US\",\"@id\":\"https:\\\/\\\/www.petroni.hr\\\/en\\\/proizvod\\\/prozor-bocni-klizni-sa-alu-okvirom-500x300mm\\\/#primaryimage\",\"url\":\"https:\\\/\\\/www.petroni.hr\\\/wp-content\\\/uploads\\\/2023\\\/02\\\/31650-klizni-prozor-sa-alu-okvirom.jpg\",\"contentUrl\":\"https:\\\/\\\/www.petroni.hr\\\/wp-content\\\/uploads\\\/2023\\\/02\\\/31650-klizni-prozor-sa-alu-okvirom.jpg\",\"width\":800,\"height\":533},{\"@type\":\"BreadcrumbList\",\"@id\":\"https:\\\/\\\/www.petroni.hr\\\/en\\\/proizvod\\\/prozor-bocni-klizni-sa-alu-okvirom-500x300mm\\\/#breadcrumb\",\"itemListElement\":[{\"@type\":\"ListItem\",\"position\":1,\"name\":\"Po\u010detna stranica\",\"item\":\"https:\\\/\\\/www.petroni.hr\\\/en\\\/\"},{\"@type\":\"ListItem\",\"position\":2,\"name\":\"Shop\",\"item\":\"https:\\\/\\\/www.petroni.hr\\\/en\\\/shop\\\/\"},{\"@type\":\"ListItem\",\"position\":3,\"name\":\"Prozor bo\u010dni klizni sa alu okvirom 500x300mm\"}]},{\"@type\":\"WebSite\",\"@id\":\"https:\\\/\\\/www.petroni.hr\\\/en\\\/#website\",\"url\":\"https:\\\/\\\/www.petroni.hr\\\/en\\\/\",\"name\":\"Petroni.hr\",\"description\":\"Experience the unprecedented freedom of travel\",\"publisher\":{\"@id\":\"https:\\\/\\\/www.petroni.hr\\\/en\\\/#organization\"},\"alternateName\":\"Petroni\",\"potentialAction\":[{\"@type\":\"SearchAction\",\"target\":{\"@type\":\"EntryPoint\",\"urlTemplate\":\"https:\\\/\\\/www.petroni.hr\\\/en\\\/?s={search_term_string}\"},\"query-input\":{\"@type\":\"PropertyValueSpecification\",\"valueRequired\":true,\"valueName\":\"search_term_string\"}}],\"inLanguage\":\"en-US\"},{\"@type\":\"Organization\",\"@id\":\"https:\\\/\\\/www.petroni.hr\\\/en\\\/#organization\",\"name\":\"Petroni d.o.o.\",\"alternateName\":\"Petroni\",\"url\":\"https:\\\/\\\/www.petroni.hr\\\/en\\\/\",\"logo\":{\"@type\":\"ImageObject\",\"inLanguage\":\"en-US\",\"@id\":\"https:\\\/\\\/www.petroni.hr\\\/en\\\/#\\\/schema\\\/logo\\\/image\\\/\",\"url\":\"https:\\\/\\\/www.petroni.hr\\\/wp-content\\\/uploads\\\/2024\\\/03\\\/cropped-Group-3.jpg\",\"contentUrl\":\"https:\\\/\\\/www.petroni.hr\\\/wp-content\\\/uploads\\\/2024\\\/03\\\/cropped-Group-3.jpg\",\"width\":512,\"height\":512,\"caption\":\"Petroni d.o.o.\"},\"image\":{\"@id\":\"https:\\\/\\\/www.petroni.hr\\\/en\\\/#\\\/schema\\\/logo\\\/image\\\/\"},\"sameAs\":[\"https:\\\/\\\/www.facebook.com\\\/Kamperi.Petroni.Sesvete\\\/?locale=hr_HR\"]}]}<\/script>\n<!-- \/ Yoast SEO plugin. -->","yoast_head_json":{"title":"Prozor bo\u010dni klizni sa alu okvirom 500x300mm | Petroni - rent | sale | service | conversions","robots":{"index":"index","follow":"follow","max-snippet":"max-snippet:-1","max-image-preview":"max-image-preview:large","max-video-preview":"max-video-preview:-1"},"canonical":"https:\/\/www.petroni.hr\/en\/proizvod\/prozor-bocni-klizni-sa-alu-okvirom-500x300mm\/","og_locale":"en_US","og_type":"article","og_title":"Prozor bo\u010dni klizni sa alu okvirom 500x300mm | Petroni - rent | sale | service | conversions","og_description":"Najbolja izolacija kroz DVOSTRUKO staklo Visokokvalitetni aluminijski okvir oblo\u017een prahom Zatamnjeno sigurnosno staklo za debljinu stijenke 30 mm i polumjer kuta 87 mm Vozilu daje plemenit karakter Osigurava svje\u017e zrak u vozilu Pove\u0107ava \u017eivotnu atmosferu Homologacija Upute za monta\u017eu S odgovaraju\u0107om unutarnjom roletom (prodaje se zasebno) &nbsp; U ponudi imamo\u00a0 slijede\u0107e dimenzije &#8211; izrez mm\u00a0 [&hellip;]","og_url":"https:\/\/www.petroni.hr\/en\/proizvod\/prozor-bocni-klizni-sa-alu-okvirom-500x300mm\/","og_site_name":"Petroni - rent | sale | service | conversions","article_publisher":"https:\/\/www.facebook.com\/Kamperi.Petroni.Sesvete\/?locale=hr_HR","article_modified_time":"2024-12-06T12:48:53+00:00","og_image":[{"width":800,"height":533,"url":"https:\/\/www.petroni.hr\/wp-content\/uploads\/2023\/02\/31650-klizni-prozor-sa-alu-okvirom.jpg","type":"image\/jpeg"}],"twitter_card":"summary_large_image","schema":{"@context":"https:\/\/schema.org","@graph":[{"@type":"WebPage","@id":"https:\/\/www.petroni.hr\/en\/proizvod\/prozor-bocni-klizni-sa-alu-okvirom-500x300mm\/","url":"https:\/\/www.petroni.hr\/en\/proizvod\/prozor-bocni-klizni-sa-alu-okvirom-500x300mm\/","name":"Prozor bo\u010dni klizni sa alu okvirom 500x300mm | Petroni - rent | sale | service | conversions","isPartOf":{"@id":"https:\/\/www.petroni.hr\/en\/#website"},"primaryImageOfPage":{"@id":"https:\/\/www.petroni.hr\/en\/proizvod\/prozor-bocni-klizni-sa-alu-okvirom-500x300mm\/#primaryimage"},"image":{"@id":"https:\/\/www.petroni.hr\/en\/proizvod\/prozor-bocni-klizni-sa-alu-okvirom-500x300mm\/#primaryimage"},"thumbnailUrl":"https:\/\/www.petroni.hr\/wp-content\/uploads\/2023\/02\/31650-klizni-prozor-sa-alu-okvirom.jpg","datePublished":"2023-02-04T07:53:52+00:00","dateModified":"2024-12-06T12:48:53+00:00","breadcrumb":{"@id":"https:\/\/www.petroni.hr\/en\/proizvod\/prozor-bocni-klizni-sa-alu-okvirom-500x300mm\/#breadcrumb"},"inLanguage":"en-US","potentialAction":[{"@type":"ReadAction","target":["https:\/\/www.petroni.hr\/en\/proizvod\/prozor-bocni-klizni-sa-alu-okvirom-500x300mm\/"]}]},{"@type":"ImageObject","inLanguage":"en-US","@id":"https:\/\/www.petroni.hr\/en\/proizvod\/prozor-bocni-klizni-sa-alu-okvirom-500x300mm\/#primaryimage","url":"https:\/\/www.petroni.hr\/wp-content\/uploads\/2023\/02\/31650-klizni-prozor-sa-alu-okvirom.jpg","contentUrl":"https:\/\/www.petroni.hr\/wp-content\/uploads\/2023\/02\/31650-klizni-prozor-sa-alu-okvirom.jpg","width":800,"height":533},{"@type":"BreadcrumbList","@id":"https:\/\/www.petroni.hr\/en\/proizvod\/prozor-bocni-klizni-sa-alu-okvirom-500x300mm\/#breadcrumb","itemListElement":[{"@type":"ListItem","position":1,"name":"Po\u010detna stranica","item":"https:\/\/www.petroni.hr\/en\/"},{"@type":"ListItem","position":2,"name":"Shop","item":"https:\/\/www.petroni.hr\/en\/shop\/"},{"@type":"ListItem","position":3,"name":"Prozor bo\u010dni klizni sa alu okvirom 500x300mm"}]},{"@type":"WebSite","@id":"https:\/\/www.petroni.hr\/en\/#website","url":"https:\/\/www.petroni.hr\/en\/","name":"Petroni.hr","description":"Experience the unprecedented freedom of travel","publisher":{"@id":"https:\/\/www.petroni.hr\/en\/#organization"},"alternateName":"Petroni","potentialAction":[{"@type":"SearchAction","target":{"@type":"EntryPoint","urlTemplate":"https:\/\/www.petroni.hr\/en\/?s={search_term_string}"},"query-input":{"@type":"PropertyValueSpecification","valueRequired":true,"valueName":"search_term_string"}}],"inLanguage":"en-US"},{"@type":"Organization","@id":"https:\/\/www.petroni.hr\/en\/#organization","name":"Petroni d.o.o.","alternateName":"Petroni","url":"https:\/\/www.petroni.hr\/en\/","logo":{"@type":"ImageObject","inLanguage":"en-US","@id":"https:\/\/www.petroni.hr\/en\/#\/schema\/logo\/image\/","url":"https:\/\/www.petroni.hr\/wp-content\/uploads\/2024\/03\/cropped-Group-3.jpg","contentUrl":"https:\/\/www.petroni.hr\/wp-content\/uploads\/2024\/03\/cropped-Group-3.jpg","width":512,"height":512,"caption":"Petroni d.o.o."},"image":{"@id":"https:\/\/www.petroni.hr\/en\/#\/schema\/logo\/image\/"},"sameAs":["https:\/\/www.facebook.com\/Kamperi.Petroni.Sesvete\/?locale=hr_HR"]}]}},"_links":{"self":[{"href":"https:\/\/www.petroni.hr\/en\/wp-json\/wp\/v2\/product\/19514","targetHints":{"allow":["GET"]}}],"collection":[{"href":"https:\/\/www.petroni.hr\/en\/wp-json\/wp\/v2\/product"}],"about":[{"href":"https:\/\/www.petroni.hr\/en\/wp-json\/wp\/v2\/types\/product"}],"replies":[{"embeddable":true,"href":"https:\/\/www.petroni.hr\/en\/wp-json\/wp\/v2\/comments?post=19514"}],"wp:featuredmedia":[{"embeddable":true,"href":"https:\/\/www.petroni.hr\/en\/wp-json\/wp\/v2\/media\/14488"}],"wp:attachment":[{"href":"https:\/\/www.petroni.hr\/en\/wp-json\/wp\/v2\/media?parent=19514"}],"wp:term":[{"taxonomy":"product_brand","embeddable":true,"href":"https:\/\/www.petroni.hr\/en\/wp-json\/wp\/v2\/product_brand?post=19514"},{"taxonomy":"product_cat","embeddable":true,"href":"https:\/\/www.petroni.hr\/en\/wp-json\/wp\/v2\/product_cat?post=19514"},{"taxonomy":"product_tag","embeddable":true,"href":"https:\/\/www.petroni.hr\/en\/wp-json\/wp\/v2\/product_tag?post=19514"}],"curies":[{"name":"wp","href":"https:\/\/api.w.org\/{rel}","templated":true}]}}