{"id":19511,"date":"2023-02-05T09:47:18","date_gmt":"2023-02-05T08:47:18","guid":{"rendered":"https:\/\/www.petroni.hr\/proizvod\/prozor-bocni-350x500-acryl-alu-okvir\/"},"modified":"2025-08-06T10:06:23","modified_gmt":"2025-08-06T09:06:23","slug":"prozor-bocni-350x500-acryl-alu-okvir","status":"publish","type":"product","link":"https:\/\/www.petroni.hr\/en\/proizvod\/prozor-bocni-350x500-acryl-alu-okvir\/","title":{"rendered":"Prozor bo\u010dni 350&#215;500 Comfort Acryl alu okvir"},"content":{"rendered":"<p>Carbest Comfort ventilacijski prozor s dvostrukim stijenkama, zatamnjenim akrilnim staklom s UV za\u0161titom i okvirom od visokokvalitetne aluminijske legure. Staklo je ravno izvana, u liniji sa okvirom i vozilom, te konveksno iznutra. Teleskopski podiza\u010di od nehr\u0111aju\u0107eg \u010delika bez koraka. Dizajniran za debljinu zida od 25-30 mm.<\/p>\n<p>Cijene od 170\u20ac &#8211; 410\u20ac komad<\/p>\n<p>Nutarnji okvir ( mre\u017ea proziv insekata i tamna zavjesa) se naru\u010duje zasebno<\/p>\n<p>&nbsp;<\/p>\n<p>U ponudi imamo prozore slijede\u0107ih dimenzija &#8211;<\/p>\n<p>izrez mm \/\/ vanjska mjera mm<\/p>\n<p>350&#215;500\/\/380&#215;530\u00a0 185\u20ac<\/p>\n<p>500&#215;300\/\/530&#215;330<\/p>\n<p>500&#215;350\/\/530&#215;380<\/p>\n<p>500&#215;450\/\/530&#215;480<\/p>\n<p>600&#215;450\/\/630&#215;480<\/p>\n<p>700&#215;300\/\/730&#215;330<\/p>\n<p>700&#215;400\/\/730&#215;430<\/p>\n<p>700&#215;450\/\/730&#215;480<\/p>\n<p>800&#215;450\/\/830&#215;480<\/p>\n<p>900&#215;450\/\/930&#215;480<\/p>\n<p>900&#215;500\/\/930&#215;530<\/p>\n<p>1000&#215;500\/\/1030&#215;530 410\u20ac<\/p>\n","protected":false},"excerpt":{"rendered":"<p>Carbest Comfort ventilacijski prozor s dvostrukim stijenkama, zatamnjenim akrilnim staklom s UV za\u0161titom i okvirom od visokokvalitetne aluminijske legure. Staklo je ravno izvana, u liniji sa okvirom i vozilom, te konveksno iznutra. Teleskopski podiza\u010di od nehr\u0111aju\u0107eg \u010delika bez koraka. Dizajniran za debljinu zida od 25-30 mm. Cijene od 170\u20ac &#8211; 410\u20ac komad Nutarnji okvir ( [&hellip;]<\/p>\n","protected":false},"featured_media":14508,"comment_status":"open","ping_status":"closed","template":"","meta":{"_acf_changed":false,"_themeisle_gutenberg_block_has_review":false},"product_brand":[],"product_cat":[287,288],"product_tag":[],"class_list":{"0":"post-19511","1":"product","2":"type-product","3":"status-publish","4":"has-post-thumbnail","6":"product_cat-side-window-en","7":"product_cat-windows-en","9":"first","10":"outofstock","11":"shipping-taxable","12":"purchasable","13":"product-type-simple"},"acf":[],"yoast_head":"<!-- This site is optimized with the Yoast SEO plugin v27.4 - https:\/\/yoast.com\/product\/yoast-seo-wordpress\/ -->\n<title>Prozor bo\u010dni 350x500 Comfort Acryl alu okvir | Petroni - rent | sale | service | conversions<\/title>\n<meta name=\"robots\" content=\"index, follow, max-snippet:-1, max-image-preview:large, max-video-preview:-1\" \/>\n<link rel=\"canonical\" href=\"https:\/\/www.petroni.hr\/en\/proizvod\/prozor-bocni-350x500-acryl-alu-okvir\/\" \/>\n<meta property=\"og:locale\" content=\"en_US\" \/>\n<meta property=\"og:type\" content=\"article\" \/>\n<meta property=\"og:title\" content=\"Prozor bo\u010dni 350x500 Comfort Acryl alu okvir | Petroni - rent | sale | service | conversions\" \/>\n<meta property=\"og:description\" content=\"Carbest Comfort ventilacijski prozor s dvostrukim stijenkama, zatamnjenim akrilnim staklom s UV za\u0161titom i okvirom od visokokvalitetne aluminijske legure. Staklo je ravno izvana, u liniji sa okvirom i vozilom, te konveksno iznutra. Teleskopski podiza\u010di od nehr\u0111aju\u0107eg \u010delika bez koraka. Dizajniran za debljinu zida od 25-30 mm. Cijene od 170\u20ac &#8211; 410\u20ac komad Nutarnji okvir ( [&hellip;]\" \/>\n<meta property=\"og:url\" content=\"https:\/\/www.petroni.hr\/en\/proizvod\/prozor-bocni-350x500-acryl-alu-okvir\/\" \/>\n<meta property=\"og:site_name\" content=\"Petroni - rent | sale | service | conversions\" \/>\n<meta property=\"article:publisher\" content=\"https:\/\/www.facebook.com\/Kamperi.Petroni.Sesvete\/?locale=hr_HR\" \/>\n<meta property=\"article:modified_time\" content=\"2025-08-06T09:06:23+00:00\" \/>\n<meta property=\"og:image\" content=\"https:\/\/www.petroni.hr\/wp-content\/uploads\/2023\/02\/318100-prozor-bocni-Acryl-comfort.jpg\" \/>\n\t<meta property=\"og:image:width\" content=\"800\" \/>\n\t<meta property=\"og:image:height\" content=\"533\" \/>\n\t<meta property=\"og:image:type\" content=\"image\/jpeg\" \/>\n<meta name=\"twitter:card\" content=\"summary_large_image\" \/>\n<meta name=\"twitter:label1\" content=\"Est. reading time\" \/>\n\t<meta name=\"twitter:data1\" content=\"1 minute\" \/>\n<script type=\"application\/ld+json\" class=\"yoast-schema-graph\">{\"@context\":\"https:\\\/\\\/schema.org\",\"@graph\":[{\"@type\":\"WebPage\",\"@id\":\"https:\\\/\\\/www.petroni.hr\\\/en\\\/proizvod\\\/prozor-bocni-350x500-acryl-alu-okvir\\\/\",\"url\":\"https:\\\/\\\/www.petroni.hr\\\/en\\\/proizvod\\\/prozor-bocni-350x500-acryl-alu-okvir\\\/\",\"name\":\"Prozor bo\u010dni 350x500 Comfort Acryl alu okvir | Petroni - rent | sale | service | conversions\",\"isPartOf\":{\"@id\":\"https:\\\/\\\/www.petroni.hr\\\/en\\\/#website\"},\"primaryImageOfPage\":{\"@id\":\"https:\\\/\\\/www.petroni.hr\\\/en\\\/proizvod\\\/prozor-bocni-350x500-acryl-alu-okvir\\\/#primaryimage\"},\"image\":{\"@id\":\"https:\\\/\\\/www.petroni.hr\\\/en\\\/proizvod\\\/prozor-bocni-350x500-acryl-alu-okvir\\\/#primaryimage\"},\"thumbnailUrl\":\"https:\\\/\\\/www.petroni.hr\\\/wp-content\\\/uploads\\\/2023\\\/02\\\/318100-prozor-bocni-Acryl-comfort.jpg\",\"datePublished\":\"2023-02-05T08:47:18+00:00\",\"dateModified\":\"2025-08-06T09:06:23+00:00\",\"breadcrumb\":{\"@id\":\"https:\\\/\\\/www.petroni.hr\\\/en\\\/proizvod\\\/prozor-bocni-350x500-acryl-alu-okvir\\\/#breadcrumb\"},\"inLanguage\":\"en-US\",\"potentialAction\":[{\"@type\":\"ReadAction\",\"target\":[\"https:\\\/\\\/www.petroni.hr\\\/en\\\/proizvod\\\/prozor-bocni-350x500-acryl-alu-okvir\\\/\"]}]},{\"@type\":\"ImageObject\",\"inLanguage\":\"en-US\",\"@id\":\"https:\\\/\\\/www.petroni.hr\\\/en\\\/proizvod\\\/prozor-bocni-350x500-acryl-alu-okvir\\\/#primaryimage\",\"url\":\"https:\\\/\\\/www.petroni.hr\\\/wp-content\\\/uploads\\\/2023\\\/02\\\/318100-prozor-bocni-Acryl-comfort.jpg\",\"contentUrl\":\"https:\\\/\\\/www.petroni.hr\\\/wp-content\\\/uploads\\\/2023\\\/02\\\/318100-prozor-bocni-Acryl-comfort.jpg\",\"width\":800,\"height\":533},{\"@type\":\"BreadcrumbList\",\"@id\":\"https:\\\/\\\/www.petroni.hr\\\/en\\\/proizvod\\\/prozor-bocni-350x500-acryl-alu-okvir\\\/#breadcrumb\",\"itemListElement\":[{\"@type\":\"ListItem\",\"position\":1,\"name\":\"Po\u010detna stranica\",\"item\":\"https:\\\/\\\/www.petroni.hr\\\/en\\\/\"},{\"@type\":\"ListItem\",\"position\":2,\"name\":\"Shop\",\"item\":\"https:\\\/\\\/www.petroni.hr\\\/en\\\/shop\\\/\"},{\"@type\":\"ListItem\",\"position\":3,\"name\":\"Prozor bo\u010dni 350&#215;500 Comfort Acryl alu okvir\"}]},{\"@type\":\"WebSite\",\"@id\":\"https:\\\/\\\/www.petroni.hr\\\/en\\\/#website\",\"url\":\"https:\\\/\\\/www.petroni.hr\\\/en\\\/\",\"name\":\"Petroni.hr\",\"description\":\"Experience the unprecedented freedom of travel\",\"publisher\":{\"@id\":\"https:\\\/\\\/www.petroni.hr\\\/en\\\/#organization\"},\"alternateName\":\"Petroni\",\"potentialAction\":[{\"@type\":\"SearchAction\",\"target\":{\"@type\":\"EntryPoint\",\"urlTemplate\":\"https:\\\/\\\/www.petroni.hr\\\/en\\\/?s={search_term_string}\"},\"query-input\":{\"@type\":\"PropertyValueSpecification\",\"valueRequired\":true,\"valueName\":\"search_term_string\"}}],\"inLanguage\":\"en-US\"},{\"@type\":\"Organization\",\"@id\":\"https:\\\/\\\/www.petroni.hr\\\/en\\\/#organization\",\"name\":\"Petroni d.o.o.\",\"alternateName\":\"Petroni\",\"url\":\"https:\\\/\\\/www.petroni.hr\\\/en\\\/\",\"logo\":{\"@type\":\"ImageObject\",\"inLanguage\":\"en-US\",\"@id\":\"https:\\\/\\\/www.petroni.hr\\\/en\\\/#\\\/schema\\\/logo\\\/image\\\/\",\"url\":\"https:\\\/\\\/www.petroni.hr\\\/wp-content\\\/uploads\\\/2024\\\/03\\\/cropped-Group-3.jpg\",\"contentUrl\":\"https:\\\/\\\/www.petroni.hr\\\/wp-content\\\/uploads\\\/2024\\\/03\\\/cropped-Group-3.jpg\",\"width\":512,\"height\":512,\"caption\":\"Petroni d.o.o.\"},\"image\":{\"@id\":\"https:\\\/\\\/www.petroni.hr\\\/en\\\/#\\\/schema\\\/logo\\\/image\\\/\"},\"sameAs\":[\"https:\\\/\\\/www.facebook.com\\\/Kamperi.Petroni.Sesvete\\\/?locale=hr_HR\"]}]}<\/script>\n<!-- \/ Yoast SEO plugin. -->","yoast_head_json":{"title":"Prozor bo\u010dni 350x500 Comfort Acryl alu okvir | Petroni - rent | sale | service | conversions","robots":{"index":"index","follow":"follow","max-snippet":"max-snippet:-1","max-image-preview":"max-image-preview:large","max-video-preview":"max-video-preview:-1"},"canonical":"https:\/\/www.petroni.hr\/en\/proizvod\/prozor-bocni-350x500-acryl-alu-okvir\/","og_locale":"en_US","og_type":"article","og_title":"Prozor bo\u010dni 350x500 Comfort Acryl alu okvir | Petroni - rent | sale | service | conversions","og_description":"Carbest Comfort ventilacijski prozor s dvostrukim stijenkama, zatamnjenim akrilnim staklom s UV za\u0161titom i okvirom od visokokvalitetne aluminijske legure. Staklo je ravno izvana, u liniji sa okvirom i vozilom, te konveksno iznutra. Teleskopski podiza\u010di od nehr\u0111aju\u0107eg \u010delika bez koraka. Dizajniran za debljinu zida od 25-30 mm. Cijene od 170\u20ac &#8211; 410\u20ac komad Nutarnji okvir ( [&hellip;]","og_url":"https:\/\/www.petroni.hr\/en\/proizvod\/prozor-bocni-350x500-acryl-alu-okvir\/","og_site_name":"Petroni - rent | sale | service | conversions","article_publisher":"https:\/\/www.facebook.com\/Kamperi.Petroni.Sesvete\/?locale=hr_HR","article_modified_time":"2025-08-06T09:06:23+00:00","og_image":[{"width":800,"height":533,"url":"https:\/\/www.petroni.hr\/wp-content\/uploads\/2023\/02\/318100-prozor-bocni-Acryl-comfort.jpg","type":"image\/jpeg"}],"twitter_card":"summary_large_image","twitter_misc":{"Est. reading time":"1 minute"},"schema":{"@context":"https:\/\/schema.org","@graph":[{"@type":"WebPage","@id":"https:\/\/www.petroni.hr\/en\/proizvod\/prozor-bocni-350x500-acryl-alu-okvir\/","url":"https:\/\/www.petroni.hr\/en\/proizvod\/prozor-bocni-350x500-acryl-alu-okvir\/","name":"Prozor bo\u010dni 350x500 Comfort Acryl alu okvir | Petroni - rent | sale | service | conversions","isPartOf":{"@id":"https:\/\/www.petroni.hr\/en\/#website"},"primaryImageOfPage":{"@id":"https:\/\/www.petroni.hr\/en\/proizvod\/prozor-bocni-350x500-acryl-alu-okvir\/#primaryimage"},"image":{"@id":"https:\/\/www.petroni.hr\/en\/proizvod\/prozor-bocni-350x500-acryl-alu-okvir\/#primaryimage"},"thumbnailUrl":"https:\/\/www.petroni.hr\/wp-content\/uploads\/2023\/02\/318100-prozor-bocni-Acryl-comfort.jpg","datePublished":"2023-02-05T08:47:18+00:00","dateModified":"2025-08-06T09:06:23+00:00","breadcrumb":{"@id":"https:\/\/www.petroni.hr\/en\/proizvod\/prozor-bocni-350x500-acryl-alu-okvir\/#breadcrumb"},"inLanguage":"en-US","potentialAction":[{"@type":"ReadAction","target":["https:\/\/www.petroni.hr\/en\/proizvod\/prozor-bocni-350x500-acryl-alu-okvir\/"]}]},{"@type":"ImageObject","inLanguage":"en-US","@id":"https:\/\/www.petroni.hr\/en\/proizvod\/prozor-bocni-350x500-acryl-alu-okvir\/#primaryimage","url":"https:\/\/www.petroni.hr\/wp-content\/uploads\/2023\/02\/318100-prozor-bocni-Acryl-comfort.jpg","contentUrl":"https:\/\/www.petroni.hr\/wp-content\/uploads\/2023\/02\/318100-prozor-bocni-Acryl-comfort.jpg","width":800,"height":533},{"@type":"BreadcrumbList","@id":"https:\/\/www.petroni.hr\/en\/proizvod\/prozor-bocni-350x500-acryl-alu-okvir\/#breadcrumb","itemListElement":[{"@type":"ListItem","position":1,"name":"Po\u010detna stranica","item":"https:\/\/www.petroni.hr\/en\/"},{"@type":"ListItem","position":2,"name":"Shop","item":"https:\/\/www.petroni.hr\/en\/shop\/"},{"@type":"ListItem","position":3,"name":"Prozor bo\u010dni 350&#215;500 Comfort Acryl alu okvir"}]},{"@type":"WebSite","@id":"https:\/\/www.petroni.hr\/en\/#website","url":"https:\/\/www.petroni.hr\/en\/","name":"Petroni.hr","description":"Experience the unprecedented freedom of travel","publisher":{"@id":"https:\/\/www.petroni.hr\/en\/#organization"},"alternateName":"Petroni","potentialAction":[{"@type":"SearchAction","target":{"@type":"EntryPoint","urlTemplate":"https:\/\/www.petroni.hr\/en\/?s={search_term_string}"},"query-input":{"@type":"PropertyValueSpecification","valueRequired":true,"valueName":"search_term_string"}}],"inLanguage":"en-US"},{"@type":"Organization","@id":"https:\/\/www.petroni.hr\/en\/#organization","name":"Petroni d.o.o.","alternateName":"Petroni","url":"https:\/\/www.petroni.hr\/en\/","logo":{"@type":"ImageObject","inLanguage":"en-US","@id":"https:\/\/www.petroni.hr\/en\/#\/schema\/logo\/image\/","url":"https:\/\/www.petroni.hr\/wp-content\/uploads\/2024\/03\/cropped-Group-3.jpg","contentUrl":"https:\/\/www.petroni.hr\/wp-content\/uploads\/2024\/03\/cropped-Group-3.jpg","width":512,"height":512,"caption":"Petroni d.o.o."},"image":{"@id":"https:\/\/www.petroni.hr\/en\/#\/schema\/logo\/image\/"},"sameAs":["https:\/\/www.facebook.com\/Kamperi.Petroni.Sesvete\/?locale=hr_HR"]}]}},"_links":{"self":[{"href":"https:\/\/www.petroni.hr\/en\/wp-json\/wp\/v2\/product\/19511","targetHints":{"allow":["GET"]}}],"collection":[{"href":"https:\/\/www.petroni.hr\/en\/wp-json\/wp\/v2\/product"}],"about":[{"href":"https:\/\/www.petroni.hr\/en\/wp-json\/wp\/v2\/types\/product"}],"replies":[{"embeddable":true,"href":"https:\/\/www.petroni.hr\/en\/wp-json\/wp\/v2\/comments?post=19511"}],"wp:featuredmedia":[{"embeddable":true,"href":"https:\/\/www.petroni.hr\/en\/wp-json\/wp\/v2\/media\/14508"}],"wp:attachment":[{"href":"https:\/\/www.petroni.hr\/en\/wp-json\/wp\/v2\/media?parent=19511"}],"wp:term":[{"taxonomy":"product_brand","embeddable":true,"href":"https:\/\/www.petroni.hr\/en\/wp-json\/wp\/v2\/product_brand?post=19511"},{"taxonomy":"product_cat","embeddable":true,"href":"https:\/\/www.petroni.hr\/en\/wp-json\/wp\/v2\/product_cat?post=19511"},{"taxonomy":"product_tag","embeddable":true,"href":"https:\/\/www.petroni.hr\/en\/wp-json\/wp\/v2\/product_tag?post=19511"}],"curies":[{"name":"wp","href":"https:\/\/api.w.org\/{rel}","templated":true}]}}