{"id":19507,"date":"2023-02-05T10:48:49","date_gmt":"2023-02-05T09:48:49","guid":{"rendered":"https:\/\/www.petroni.hr\/proizvod\/prozor-bocni-500x350-acryl-elegance\/"},"modified":"2024-12-06T13:42:50","modified_gmt":"2024-12-06T12:42:50","slug":"prozor-bocni-500x350-acryl-elegance","status":"publish","type":"product","link":"https:\/\/www.petroni.hr\/en\/proizvod\/prozor-bocni-500x350-acryl-elegance\/","title":{"rendered":"Prozor bo\u010dni 500&#215;350 Acryl Elegance"},"content":{"rendered":"<p>Elegantni izolacijski prozor sa okvirom za kombi vozila &#8211; camper vanove<\/p>\n<p>Prozorsko staklo je izvana u ravnini s okvirom prozora<br \/>\nNutarnji dio stakla savijen prema unutra<br \/>\nToplinski izolirana plo\u010da od akrilnog stakla<br \/>\nPlasti\u010dni okvir uklju\u010duju\u0107i unutarnji okvir<br \/>\nZa debljine zidova od 28 mm do 32 mm<br \/>\nSa zamra\u010denjem, za\u0161titom od komaraca i no\u0107nom zavjesom<br \/>\nUklju\u010duju\u0107i visokokvalitetne plisirane rolete<\/p>\n<p>&nbsp;<\/p>\n<p>U ponudi imamo slijede\u0107e dimezije prozora &#8211;<\/p>\n<p>&nbsp;<\/p>\n<p>izrez mm\/ vanjska mjera mm<\/p>\n<p>500&#215;350\/\/529&#215;379\u00a0 325\u20ac<\/p>\n<p>500&#215;450\/\/529&#215;479<\/p>\n<p>900&#215;350\/\/929&#215;379<\/p>\n<p>900&#215;450\/\/929&#215;479<\/p>\n<p>1000&#215;800\/\/1029&#215;829 605\u20ac<\/p>\n<p>1100&#215;450\/\/1129&#215;479<\/p>\n<p>1200&#215;300\/\/1229&#215;329<\/p>\n<p>1200&#215;500\/\/1229&#215;529 565\u20ac<\/p>\n<p>&nbsp;<\/p>\n<p>Cijene od 325\u20ac do 605\u20ac komad<\/p>\n<p>&nbsp;<\/p>\n<p>&nbsp;<\/p>\n","protected":false},"excerpt":{"rendered":"<p>Elegantni izolacijski prozor sa okvirom za kombi vozila &#8211; camper vanove Prozorsko staklo je izvana u ravnini s okvirom prozora Nutarnji dio stakla savijen prema unutra Toplinski izolirana plo\u010da od akrilnog stakla Plasti\u010dni okvir uklju\u010duju\u0107i unutarnji okvir Za debljine zidova od 28 mm do 32 mm Sa zamra\u010denjem, za\u0161titom od komaraca i no\u0107nom zavjesom Uklju\u010duju\u0107i [&hellip;]<\/p>\n","protected":false},"featured_media":14533,"comment_status":"open","ping_status":"closed","template":"","meta":{"_acf_changed":false,"_themeisle_gutenberg_block_has_review":false},"product_brand":[],"product_cat":[287,288],"product_tag":[],"class_list":{"0":"post-19507","1":"product","2":"type-product","3":"status-publish","4":"has-post-thumbnail","6":"product_cat-side-window-en","7":"product_cat-windows-en","9":"first","10":"outofstock","11":"shipping-taxable","12":"purchasable","13":"product-type-simple"},"acf":[],"yoast_head":"<!-- This site is optimized with the Yoast SEO plugin v27.4 - https:\/\/yoast.com\/product\/yoast-seo-wordpress\/ -->\n<title>Prozor bo\u010dni 500x350 Acryl Elegance | Petroni - rent | sale | service | conversions<\/title>\n<meta name=\"robots\" content=\"index, follow, max-snippet:-1, max-image-preview:large, max-video-preview:-1\" \/>\n<link rel=\"canonical\" href=\"https:\/\/www.petroni.hr\/en\/proizvod\/prozor-bocni-500x350-acryl-elegance\/\" \/>\n<meta property=\"og:locale\" content=\"en_US\" \/>\n<meta property=\"og:type\" content=\"article\" \/>\n<meta property=\"og:title\" content=\"Prozor bo\u010dni 500x350 Acryl Elegance | Petroni - rent | sale | service | conversions\" \/>\n<meta property=\"og:description\" content=\"Elegantni izolacijski prozor sa okvirom za kombi vozila &#8211; camper vanove Prozorsko staklo je izvana u ravnini s okvirom prozora Nutarnji dio stakla savijen prema unutra Toplinski izolirana plo\u010da od akrilnog stakla Plasti\u010dni okvir uklju\u010duju\u0107i unutarnji okvir Za debljine zidova od 28 mm do 32 mm Sa zamra\u010denjem, za\u0161titom od komaraca i no\u0107nom zavjesom Uklju\u010duju\u0107i [&hellip;]\" \/>\n<meta property=\"og:url\" content=\"https:\/\/www.petroni.hr\/en\/proizvod\/prozor-bocni-500x350-acryl-elegance\/\" \/>\n<meta property=\"og:site_name\" content=\"Petroni - rent | sale | service | conversions\" \/>\n<meta property=\"article:publisher\" content=\"https:\/\/www.facebook.com\/Kamperi.Petroni.Sesvete\/?locale=hr_HR\" \/>\n<meta property=\"article:modified_time\" content=\"2024-12-06T12:42:50+00:00\" \/>\n<meta property=\"og:image\" content=\"https:\/\/www.petroni.hr\/wp-content\/uploads\/2023\/02\/318500-prozor-bocni-elegance.jpg\" \/>\n\t<meta property=\"og:image:width\" content=\"800\" \/>\n\t<meta property=\"og:image:height\" content=\"600\" \/>\n\t<meta property=\"og:image:type\" content=\"image\/jpeg\" \/>\n<meta name=\"twitter:card\" content=\"summary_large_image\" \/>\n<meta name=\"twitter:label1\" content=\"Est. reading time\" \/>\n\t<meta name=\"twitter:data1\" content=\"1 minute\" \/>\n<script type=\"application\/ld+json\" class=\"yoast-schema-graph\">{\"@context\":\"https:\\\/\\\/schema.org\",\"@graph\":[{\"@type\":\"WebPage\",\"@id\":\"https:\\\/\\\/www.petroni.hr\\\/en\\\/proizvod\\\/prozor-bocni-500x350-acryl-elegance\\\/\",\"url\":\"https:\\\/\\\/www.petroni.hr\\\/en\\\/proizvod\\\/prozor-bocni-500x350-acryl-elegance\\\/\",\"name\":\"Prozor bo\u010dni 500x350 Acryl Elegance | Petroni - rent | sale | service | conversions\",\"isPartOf\":{\"@id\":\"https:\\\/\\\/www.petroni.hr\\\/en\\\/#website\"},\"primaryImageOfPage\":{\"@id\":\"https:\\\/\\\/www.petroni.hr\\\/en\\\/proizvod\\\/prozor-bocni-500x350-acryl-elegance\\\/#primaryimage\"},\"image\":{\"@id\":\"https:\\\/\\\/www.petroni.hr\\\/en\\\/proizvod\\\/prozor-bocni-500x350-acryl-elegance\\\/#primaryimage\"},\"thumbnailUrl\":\"https:\\\/\\\/www.petroni.hr\\\/wp-content\\\/uploads\\\/2023\\\/02\\\/318500-prozor-bocni-elegance.jpg\",\"datePublished\":\"2023-02-05T09:48:49+00:00\",\"dateModified\":\"2024-12-06T12:42:50+00:00\",\"breadcrumb\":{\"@id\":\"https:\\\/\\\/www.petroni.hr\\\/en\\\/proizvod\\\/prozor-bocni-500x350-acryl-elegance\\\/#breadcrumb\"},\"inLanguage\":\"en-US\",\"potentialAction\":[{\"@type\":\"ReadAction\",\"target\":[\"https:\\\/\\\/www.petroni.hr\\\/en\\\/proizvod\\\/prozor-bocni-500x350-acryl-elegance\\\/\"]}]},{\"@type\":\"ImageObject\",\"inLanguage\":\"en-US\",\"@id\":\"https:\\\/\\\/www.petroni.hr\\\/en\\\/proizvod\\\/prozor-bocni-500x350-acryl-elegance\\\/#primaryimage\",\"url\":\"https:\\\/\\\/www.petroni.hr\\\/wp-content\\\/uploads\\\/2023\\\/02\\\/318500-prozor-bocni-elegance.jpg\",\"contentUrl\":\"https:\\\/\\\/www.petroni.hr\\\/wp-content\\\/uploads\\\/2023\\\/02\\\/318500-prozor-bocni-elegance.jpg\",\"width\":800,\"height\":600},{\"@type\":\"BreadcrumbList\",\"@id\":\"https:\\\/\\\/www.petroni.hr\\\/en\\\/proizvod\\\/prozor-bocni-500x350-acryl-elegance\\\/#breadcrumb\",\"itemListElement\":[{\"@type\":\"ListItem\",\"position\":1,\"name\":\"Po\u010detna stranica\",\"item\":\"https:\\\/\\\/www.petroni.hr\\\/en\\\/\"},{\"@type\":\"ListItem\",\"position\":2,\"name\":\"Shop\",\"item\":\"https:\\\/\\\/www.petroni.hr\\\/en\\\/shop\\\/\"},{\"@type\":\"ListItem\",\"position\":3,\"name\":\"Prozor bo\u010dni 500&#215;350 Acryl Elegance\"}]},{\"@type\":\"WebSite\",\"@id\":\"https:\\\/\\\/www.petroni.hr\\\/en\\\/#website\",\"url\":\"https:\\\/\\\/www.petroni.hr\\\/en\\\/\",\"name\":\"Petroni.hr\",\"description\":\"Experience the unprecedented freedom of travel\",\"publisher\":{\"@id\":\"https:\\\/\\\/www.petroni.hr\\\/en\\\/#organization\"},\"alternateName\":\"Petroni\",\"potentialAction\":[{\"@type\":\"SearchAction\",\"target\":{\"@type\":\"EntryPoint\",\"urlTemplate\":\"https:\\\/\\\/www.petroni.hr\\\/en\\\/?s={search_term_string}\"},\"query-input\":{\"@type\":\"PropertyValueSpecification\",\"valueRequired\":true,\"valueName\":\"search_term_string\"}}],\"inLanguage\":\"en-US\"},{\"@type\":\"Organization\",\"@id\":\"https:\\\/\\\/www.petroni.hr\\\/en\\\/#organization\",\"name\":\"Petroni d.o.o.\",\"alternateName\":\"Petroni\",\"url\":\"https:\\\/\\\/www.petroni.hr\\\/en\\\/\",\"logo\":{\"@type\":\"ImageObject\",\"inLanguage\":\"en-US\",\"@id\":\"https:\\\/\\\/www.petroni.hr\\\/en\\\/#\\\/schema\\\/logo\\\/image\\\/\",\"url\":\"https:\\\/\\\/www.petroni.hr\\\/wp-content\\\/uploads\\\/2024\\\/03\\\/cropped-Group-3.jpg\",\"contentUrl\":\"https:\\\/\\\/www.petroni.hr\\\/wp-content\\\/uploads\\\/2024\\\/03\\\/cropped-Group-3.jpg\",\"width\":512,\"height\":512,\"caption\":\"Petroni d.o.o.\"},\"image\":{\"@id\":\"https:\\\/\\\/www.petroni.hr\\\/en\\\/#\\\/schema\\\/logo\\\/image\\\/\"},\"sameAs\":[\"https:\\\/\\\/www.facebook.com\\\/Kamperi.Petroni.Sesvete\\\/?locale=hr_HR\"]}]}<\/script>\n<!-- \/ Yoast SEO plugin. -->","yoast_head_json":{"title":"Prozor bo\u010dni 500x350 Acryl Elegance | Petroni - rent | sale | service | conversions","robots":{"index":"index","follow":"follow","max-snippet":"max-snippet:-1","max-image-preview":"max-image-preview:large","max-video-preview":"max-video-preview:-1"},"canonical":"https:\/\/www.petroni.hr\/en\/proizvod\/prozor-bocni-500x350-acryl-elegance\/","og_locale":"en_US","og_type":"article","og_title":"Prozor bo\u010dni 500x350 Acryl Elegance | Petroni - rent | sale | service | conversions","og_description":"Elegantni izolacijski prozor sa okvirom za kombi vozila &#8211; camper vanove Prozorsko staklo je izvana u ravnini s okvirom prozora Nutarnji dio stakla savijen prema unutra Toplinski izolirana plo\u010da od akrilnog stakla Plasti\u010dni okvir uklju\u010duju\u0107i unutarnji okvir Za debljine zidova od 28 mm do 32 mm Sa zamra\u010denjem, za\u0161titom od komaraca i no\u0107nom zavjesom Uklju\u010duju\u0107i [&hellip;]","og_url":"https:\/\/www.petroni.hr\/en\/proizvod\/prozor-bocni-500x350-acryl-elegance\/","og_site_name":"Petroni - rent | sale | service | conversions","article_publisher":"https:\/\/www.facebook.com\/Kamperi.Petroni.Sesvete\/?locale=hr_HR","article_modified_time":"2024-12-06T12:42:50+00:00","og_image":[{"width":800,"height":600,"url":"https:\/\/www.petroni.hr\/wp-content\/uploads\/2023\/02\/318500-prozor-bocni-elegance.jpg","type":"image\/jpeg"}],"twitter_card":"summary_large_image","twitter_misc":{"Est. reading time":"1 minute"},"schema":{"@context":"https:\/\/schema.org","@graph":[{"@type":"WebPage","@id":"https:\/\/www.petroni.hr\/en\/proizvod\/prozor-bocni-500x350-acryl-elegance\/","url":"https:\/\/www.petroni.hr\/en\/proizvod\/prozor-bocni-500x350-acryl-elegance\/","name":"Prozor bo\u010dni 500x350 Acryl Elegance | Petroni - rent | sale | service | conversions","isPartOf":{"@id":"https:\/\/www.petroni.hr\/en\/#website"},"primaryImageOfPage":{"@id":"https:\/\/www.petroni.hr\/en\/proizvod\/prozor-bocni-500x350-acryl-elegance\/#primaryimage"},"image":{"@id":"https:\/\/www.petroni.hr\/en\/proizvod\/prozor-bocni-500x350-acryl-elegance\/#primaryimage"},"thumbnailUrl":"https:\/\/www.petroni.hr\/wp-content\/uploads\/2023\/02\/318500-prozor-bocni-elegance.jpg","datePublished":"2023-02-05T09:48:49+00:00","dateModified":"2024-12-06T12:42:50+00:00","breadcrumb":{"@id":"https:\/\/www.petroni.hr\/en\/proizvod\/prozor-bocni-500x350-acryl-elegance\/#breadcrumb"},"inLanguage":"en-US","potentialAction":[{"@type":"ReadAction","target":["https:\/\/www.petroni.hr\/en\/proizvod\/prozor-bocni-500x350-acryl-elegance\/"]}]},{"@type":"ImageObject","inLanguage":"en-US","@id":"https:\/\/www.petroni.hr\/en\/proizvod\/prozor-bocni-500x350-acryl-elegance\/#primaryimage","url":"https:\/\/www.petroni.hr\/wp-content\/uploads\/2023\/02\/318500-prozor-bocni-elegance.jpg","contentUrl":"https:\/\/www.petroni.hr\/wp-content\/uploads\/2023\/02\/318500-prozor-bocni-elegance.jpg","width":800,"height":600},{"@type":"BreadcrumbList","@id":"https:\/\/www.petroni.hr\/en\/proizvod\/prozor-bocni-500x350-acryl-elegance\/#breadcrumb","itemListElement":[{"@type":"ListItem","position":1,"name":"Po\u010detna stranica","item":"https:\/\/www.petroni.hr\/en\/"},{"@type":"ListItem","position":2,"name":"Shop","item":"https:\/\/www.petroni.hr\/en\/shop\/"},{"@type":"ListItem","position":3,"name":"Prozor bo\u010dni 500&#215;350 Acryl Elegance"}]},{"@type":"WebSite","@id":"https:\/\/www.petroni.hr\/en\/#website","url":"https:\/\/www.petroni.hr\/en\/","name":"Petroni.hr","description":"Experience the unprecedented freedom of travel","publisher":{"@id":"https:\/\/www.petroni.hr\/en\/#organization"},"alternateName":"Petroni","potentialAction":[{"@type":"SearchAction","target":{"@type":"EntryPoint","urlTemplate":"https:\/\/www.petroni.hr\/en\/?s={search_term_string}"},"query-input":{"@type":"PropertyValueSpecification","valueRequired":true,"valueName":"search_term_string"}}],"inLanguage":"en-US"},{"@type":"Organization","@id":"https:\/\/www.petroni.hr\/en\/#organization","name":"Petroni d.o.o.","alternateName":"Petroni","url":"https:\/\/www.petroni.hr\/en\/","logo":{"@type":"ImageObject","inLanguage":"en-US","@id":"https:\/\/www.petroni.hr\/en\/#\/schema\/logo\/image\/","url":"https:\/\/www.petroni.hr\/wp-content\/uploads\/2024\/03\/cropped-Group-3.jpg","contentUrl":"https:\/\/www.petroni.hr\/wp-content\/uploads\/2024\/03\/cropped-Group-3.jpg","width":512,"height":512,"caption":"Petroni d.o.o."},"image":{"@id":"https:\/\/www.petroni.hr\/en\/#\/schema\/logo\/image\/"},"sameAs":["https:\/\/www.facebook.com\/Kamperi.Petroni.Sesvete\/?locale=hr_HR"]}]}},"_links":{"self":[{"href":"https:\/\/www.petroni.hr\/en\/wp-json\/wp\/v2\/product\/19507","targetHints":{"allow":["GET"]}}],"collection":[{"href":"https:\/\/www.petroni.hr\/en\/wp-json\/wp\/v2\/product"}],"about":[{"href":"https:\/\/www.petroni.hr\/en\/wp-json\/wp\/v2\/types\/product"}],"replies":[{"embeddable":true,"href":"https:\/\/www.petroni.hr\/en\/wp-json\/wp\/v2\/comments?post=19507"}],"wp:featuredmedia":[{"embeddable":true,"href":"https:\/\/www.petroni.hr\/en\/wp-json\/wp\/v2\/media\/14533"}],"wp:attachment":[{"href":"https:\/\/www.petroni.hr\/en\/wp-json\/wp\/v2\/media?parent=19507"}],"wp:term":[{"taxonomy":"product_brand","embeddable":true,"href":"https:\/\/www.petroni.hr\/en\/wp-json\/wp\/v2\/product_brand?post=19507"},{"taxonomy":"product_cat","embeddable":true,"href":"https:\/\/www.petroni.hr\/en\/wp-json\/wp\/v2\/product_cat?post=19507"},{"taxonomy":"product_tag","embeddable":true,"href":"https:\/\/www.petroni.hr\/en\/wp-json\/wp\/v2\/product_tag?post=19507"}],"curies":[{"name":"wp","href":"https:\/\/api.w.org\/{rel}","templated":true}]}}