{"id":19498,"date":"2023-03-18T07:03:00","date_gmt":"2023-03-18T06:03:00","guid":{"rendered":"https:\/\/www.petroni.hr\/proizvod\/grijac-zraka-carbest-20dh-diesel-2kw\/"},"modified":"2025-03-27T09:23:07","modified_gmt":"2025-03-27T08:23:07","slug":"grijac-zraka-carbest-20dh-diesel-2kw","status":"publish","type":"product","link":"https:\/\/www.petroni.hr\/en\/proizvod\/grijac-zraka-carbest-20dh-diesel-2kw\/","title":{"rendered":"Grija\u010d zraka CARBEST 2,0DH -diesel 2kw"},"content":{"rendered":"<p>2 kW toplinske snage<br \/>\nKompaktan dizajn i robusno ku\u0107i\u0161te u potpuno crnom dizajnu<br \/>\nIntegrirano pode\u0161avanje visine do 5000 m (Alpin-Kit)<br \/>\nUpravljanje preko digitalne LCD kontrolne plo\u010de<br \/>\nTipsko odobrenje prema UN ECE R122<br \/>\nUklju\u010den materijal za monta\u017eu<\/p>\n<p>&nbsp;<\/p>\n<p>Carbest dizelski parkirni grija\u010d VanHeat 2.0-DH za kampere osigurava ugodnu toplinu u vozilu izgaranjem dizelskog goriva. Idealan je za kombije, kampere i manje mobilne ku\u0107ice. Upravljanje je putem digitalne LCD upravlja\u010dke plo\u010de. Pode\u0161avanje visine (alpine kit) ve\u0107 je integrirano u ku\u0107i\u0161te i omogu\u0107uje nesmetan rad u visokim planinama do 5000 m.<\/p>\n<p>Tehni\u010dke specifikacije:<\/p>\n<p>Nazivni napon: 12 V DC<br \/>\nSnaga grijanja: 2000 W<br \/>\nPotro\u0161nja: cca 10 &#8211; 29 W<br \/>\nPotro\u0161nja goriva: cca 0,12 &#8211; 0,24 l\/h<br \/>\nTe\u017eina: 2,6 kg<\/p>\n","protected":false},"excerpt":{"rendered":"<p>2 kW toplinske snage Kompaktan dizajn i robusno ku\u0107i\u0161te u potpuno crnom dizajnu Integrirano pode\u0161avanje visine do 5000 m (Alpin-Kit) Upravljanje preko digitalne LCD kontrolne plo\u010de Tipsko odobrenje prema UN ECE R122 Uklju\u010den materijal za monta\u017eu &nbsp; Carbest dizelski parkirni grija\u010d VanHeat 2.0-DH za kampere osigurava ugodnu toplinu u vozilu izgaranjem dizelskog goriva. Idealan je [&hellip;]<\/p>\n","protected":false},"featured_media":14649,"comment_status":"open","ping_status":"closed","template":"","meta":{"_acf_changed":false,"_themeisle_gutenberg_block_has_review":false},"product_brand":[],"product_cat":[277,356],"product_tag":[],"class_list":{"0":"post-19498","1":"product","2":"type-product","3":"status-publish","4":"has-post-thumbnail","6":"product_cat-cooling-climate-heating-en","7":"product_cat-grijanje-en","9":"first","10":"outofstock","11":"shipping-taxable","12":"purchasable","13":"product-type-simple"},"acf":[],"yoast_head":"<!-- This site is optimized with the Yoast SEO plugin v27.4 - https:\/\/yoast.com\/product\/yoast-seo-wordpress\/ -->\n<title>Grija\u010d zraka CARBEST 2,0DH -diesel 2kw | Petroni - rent | sale | service | conversions<\/title>\n<meta name=\"robots\" content=\"index, follow, max-snippet:-1, max-image-preview:large, max-video-preview:-1\" \/>\n<link rel=\"canonical\" href=\"https:\/\/www.petroni.hr\/en\/proizvod\/grijac-zraka-carbest-20dh-diesel-2kw\/\" \/>\n<meta property=\"og:locale\" content=\"en_US\" \/>\n<meta property=\"og:type\" content=\"article\" \/>\n<meta property=\"og:title\" content=\"Grija\u010d zraka CARBEST 2,0DH -diesel 2kw | Petroni - rent | sale | service | conversions\" \/>\n<meta property=\"og:description\" content=\"2 kW toplinske snage Kompaktan dizajn i robusno ku\u0107i\u0161te u potpuno crnom dizajnu Integrirano pode\u0161avanje visine do 5000 m (Alpin-Kit) Upravljanje preko digitalne LCD kontrolne plo\u010de Tipsko odobrenje prema UN ECE R122 Uklju\u010den materijal za monta\u017eu &nbsp; Carbest dizelski parkirni grija\u010d VanHeat 2.0-DH za kampere osigurava ugodnu toplinu u vozilu izgaranjem dizelskog goriva. Idealan je [&hellip;]\" \/>\n<meta property=\"og:url\" content=\"https:\/\/www.petroni.hr\/en\/proizvod\/grijac-zraka-carbest-20dh-diesel-2kw\/\" \/>\n<meta property=\"og:site_name\" content=\"Petroni - rent | sale | service | conversions\" \/>\n<meta property=\"article:publisher\" content=\"https:\/\/www.facebook.com\/Kamperi.Petroni.Sesvete\/?locale=hr_HR\" \/>\n<meta property=\"article:modified_time\" content=\"2025-03-27T08:23:07+00:00\" \/>\n<meta property=\"og:image\" content=\"https:\/\/www.petroni.hr\/wp-content\/uploads\/2023\/03\/48182-diesel-grijac-2kw.jpg\" \/>\n\t<meta property=\"og:image:width\" content=\"800\" \/>\n\t<meta property=\"og:image:height\" content=\"510\" \/>\n\t<meta property=\"og:image:type\" content=\"image\/jpeg\" \/>\n<meta name=\"twitter:card\" content=\"summary_large_image\" \/>\n<meta name=\"twitter:label1\" content=\"Est. reading time\" \/>\n\t<meta name=\"twitter:data1\" content=\"1 minute\" \/>\n<script type=\"application\/ld+json\" class=\"yoast-schema-graph\">{\"@context\":\"https:\\\/\\\/schema.org\",\"@graph\":[{\"@type\":\"WebPage\",\"@id\":\"https:\\\/\\\/www.petroni.hr\\\/en\\\/proizvod\\\/grijac-zraka-carbest-20dh-diesel-2kw\\\/\",\"url\":\"https:\\\/\\\/www.petroni.hr\\\/en\\\/proizvod\\\/grijac-zraka-carbest-20dh-diesel-2kw\\\/\",\"name\":\"Grija\u010d zraka CARBEST 2,0DH -diesel 2kw | Petroni - rent | sale | service | conversions\",\"isPartOf\":{\"@id\":\"https:\\\/\\\/www.petroni.hr\\\/en\\\/#website\"},\"primaryImageOfPage\":{\"@id\":\"https:\\\/\\\/www.petroni.hr\\\/en\\\/proizvod\\\/grijac-zraka-carbest-20dh-diesel-2kw\\\/#primaryimage\"},\"image\":{\"@id\":\"https:\\\/\\\/www.petroni.hr\\\/en\\\/proizvod\\\/grijac-zraka-carbest-20dh-diesel-2kw\\\/#primaryimage\"},\"thumbnailUrl\":\"https:\\\/\\\/www.petroni.hr\\\/wp-content\\\/uploads\\\/2023\\\/03\\\/48182-diesel-grijac-2kw.jpg\",\"datePublished\":\"2023-03-18T06:03:00+00:00\",\"dateModified\":\"2025-03-27T08:23:07+00:00\",\"breadcrumb\":{\"@id\":\"https:\\\/\\\/www.petroni.hr\\\/en\\\/proizvod\\\/grijac-zraka-carbest-20dh-diesel-2kw\\\/#breadcrumb\"},\"inLanguage\":\"en-US\",\"potentialAction\":[{\"@type\":\"ReadAction\",\"target\":[\"https:\\\/\\\/www.petroni.hr\\\/en\\\/proizvod\\\/grijac-zraka-carbest-20dh-diesel-2kw\\\/\"]}]},{\"@type\":\"ImageObject\",\"inLanguage\":\"en-US\",\"@id\":\"https:\\\/\\\/www.petroni.hr\\\/en\\\/proizvod\\\/grijac-zraka-carbest-20dh-diesel-2kw\\\/#primaryimage\",\"url\":\"https:\\\/\\\/www.petroni.hr\\\/wp-content\\\/uploads\\\/2023\\\/03\\\/48182-diesel-grijac-2kw.jpg\",\"contentUrl\":\"https:\\\/\\\/www.petroni.hr\\\/wp-content\\\/uploads\\\/2023\\\/03\\\/48182-diesel-grijac-2kw.jpg\",\"width\":800,\"height\":510},{\"@type\":\"BreadcrumbList\",\"@id\":\"https:\\\/\\\/www.petroni.hr\\\/en\\\/proizvod\\\/grijac-zraka-carbest-20dh-diesel-2kw\\\/#breadcrumb\",\"itemListElement\":[{\"@type\":\"ListItem\",\"position\":1,\"name\":\"Po\u010detna stranica\",\"item\":\"https:\\\/\\\/www.petroni.hr\\\/en\\\/\"},{\"@type\":\"ListItem\",\"position\":2,\"name\":\"Shop\",\"item\":\"https:\\\/\\\/www.petroni.hr\\\/en\\\/shop\\\/\"},{\"@type\":\"ListItem\",\"position\":3,\"name\":\"Grija\u010d zraka CARBEST 2,0DH -diesel 2kw\"}]},{\"@type\":\"WebSite\",\"@id\":\"https:\\\/\\\/www.petroni.hr\\\/en\\\/#website\",\"url\":\"https:\\\/\\\/www.petroni.hr\\\/en\\\/\",\"name\":\"Petroni.hr\",\"description\":\"Experience the unprecedented freedom of travel\",\"publisher\":{\"@id\":\"https:\\\/\\\/www.petroni.hr\\\/en\\\/#organization\"},\"alternateName\":\"Petroni\",\"potentialAction\":[{\"@type\":\"SearchAction\",\"target\":{\"@type\":\"EntryPoint\",\"urlTemplate\":\"https:\\\/\\\/www.petroni.hr\\\/en\\\/?s={search_term_string}\"},\"query-input\":{\"@type\":\"PropertyValueSpecification\",\"valueRequired\":true,\"valueName\":\"search_term_string\"}}],\"inLanguage\":\"en-US\"},{\"@type\":\"Organization\",\"@id\":\"https:\\\/\\\/www.petroni.hr\\\/en\\\/#organization\",\"name\":\"Petroni d.o.o.\",\"alternateName\":\"Petroni\",\"url\":\"https:\\\/\\\/www.petroni.hr\\\/en\\\/\",\"logo\":{\"@type\":\"ImageObject\",\"inLanguage\":\"en-US\",\"@id\":\"https:\\\/\\\/www.petroni.hr\\\/en\\\/#\\\/schema\\\/logo\\\/image\\\/\",\"url\":\"https:\\\/\\\/www.petroni.hr\\\/wp-content\\\/uploads\\\/2024\\\/03\\\/cropped-Group-3.jpg\",\"contentUrl\":\"https:\\\/\\\/www.petroni.hr\\\/wp-content\\\/uploads\\\/2024\\\/03\\\/cropped-Group-3.jpg\",\"width\":512,\"height\":512,\"caption\":\"Petroni d.o.o.\"},\"image\":{\"@id\":\"https:\\\/\\\/www.petroni.hr\\\/en\\\/#\\\/schema\\\/logo\\\/image\\\/\"},\"sameAs\":[\"https:\\\/\\\/www.facebook.com\\\/Kamperi.Petroni.Sesvete\\\/?locale=hr_HR\"]}]}<\/script>\n<!-- \/ Yoast SEO plugin. -->","yoast_head_json":{"title":"Grija\u010d zraka CARBEST 2,0DH -diesel 2kw | Petroni - rent | sale | service | conversions","robots":{"index":"index","follow":"follow","max-snippet":"max-snippet:-1","max-image-preview":"max-image-preview:large","max-video-preview":"max-video-preview:-1"},"canonical":"https:\/\/www.petroni.hr\/en\/proizvod\/grijac-zraka-carbest-20dh-diesel-2kw\/","og_locale":"en_US","og_type":"article","og_title":"Grija\u010d zraka CARBEST 2,0DH -diesel 2kw | Petroni - rent | sale | service | conversions","og_description":"2 kW toplinske snage Kompaktan dizajn i robusno ku\u0107i\u0161te u potpuno crnom dizajnu Integrirano pode\u0161avanje visine do 5000 m (Alpin-Kit) Upravljanje preko digitalne LCD kontrolne plo\u010de Tipsko odobrenje prema UN ECE R122 Uklju\u010den materijal za monta\u017eu &nbsp; Carbest dizelski parkirni grija\u010d VanHeat 2.0-DH za kampere osigurava ugodnu toplinu u vozilu izgaranjem dizelskog goriva. Idealan je [&hellip;]","og_url":"https:\/\/www.petroni.hr\/en\/proizvod\/grijac-zraka-carbest-20dh-diesel-2kw\/","og_site_name":"Petroni - rent | sale | service | conversions","article_publisher":"https:\/\/www.facebook.com\/Kamperi.Petroni.Sesvete\/?locale=hr_HR","article_modified_time":"2025-03-27T08:23:07+00:00","og_image":[{"width":800,"height":510,"url":"https:\/\/www.petroni.hr\/wp-content\/uploads\/2023\/03\/48182-diesel-grijac-2kw.jpg","type":"image\/jpeg"}],"twitter_card":"summary_large_image","twitter_misc":{"Est. reading time":"1 minute"},"schema":{"@context":"https:\/\/schema.org","@graph":[{"@type":"WebPage","@id":"https:\/\/www.petroni.hr\/en\/proizvod\/grijac-zraka-carbest-20dh-diesel-2kw\/","url":"https:\/\/www.petroni.hr\/en\/proizvod\/grijac-zraka-carbest-20dh-diesel-2kw\/","name":"Grija\u010d zraka CARBEST 2,0DH -diesel 2kw | Petroni - rent | sale | service | conversions","isPartOf":{"@id":"https:\/\/www.petroni.hr\/en\/#website"},"primaryImageOfPage":{"@id":"https:\/\/www.petroni.hr\/en\/proizvod\/grijac-zraka-carbest-20dh-diesel-2kw\/#primaryimage"},"image":{"@id":"https:\/\/www.petroni.hr\/en\/proizvod\/grijac-zraka-carbest-20dh-diesel-2kw\/#primaryimage"},"thumbnailUrl":"https:\/\/www.petroni.hr\/wp-content\/uploads\/2023\/03\/48182-diesel-grijac-2kw.jpg","datePublished":"2023-03-18T06:03:00+00:00","dateModified":"2025-03-27T08:23:07+00:00","breadcrumb":{"@id":"https:\/\/www.petroni.hr\/en\/proizvod\/grijac-zraka-carbest-20dh-diesel-2kw\/#breadcrumb"},"inLanguage":"en-US","potentialAction":[{"@type":"ReadAction","target":["https:\/\/www.petroni.hr\/en\/proizvod\/grijac-zraka-carbest-20dh-diesel-2kw\/"]}]},{"@type":"ImageObject","inLanguage":"en-US","@id":"https:\/\/www.petroni.hr\/en\/proizvod\/grijac-zraka-carbest-20dh-diesel-2kw\/#primaryimage","url":"https:\/\/www.petroni.hr\/wp-content\/uploads\/2023\/03\/48182-diesel-grijac-2kw.jpg","contentUrl":"https:\/\/www.petroni.hr\/wp-content\/uploads\/2023\/03\/48182-diesel-grijac-2kw.jpg","width":800,"height":510},{"@type":"BreadcrumbList","@id":"https:\/\/www.petroni.hr\/en\/proizvod\/grijac-zraka-carbest-20dh-diesel-2kw\/#breadcrumb","itemListElement":[{"@type":"ListItem","position":1,"name":"Po\u010detna stranica","item":"https:\/\/www.petroni.hr\/en\/"},{"@type":"ListItem","position":2,"name":"Shop","item":"https:\/\/www.petroni.hr\/en\/shop\/"},{"@type":"ListItem","position":3,"name":"Grija\u010d zraka CARBEST 2,0DH -diesel 2kw"}]},{"@type":"WebSite","@id":"https:\/\/www.petroni.hr\/en\/#website","url":"https:\/\/www.petroni.hr\/en\/","name":"Petroni.hr","description":"Experience the unprecedented freedom of travel","publisher":{"@id":"https:\/\/www.petroni.hr\/en\/#organization"},"alternateName":"Petroni","potentialAction":[{"@type":"SearchAction","target":{"@type":"EntryPoint","urlTemplate":"https:\/\/www.petroni.hr\/en\/?s={search_term_string}"},"query-input":{"@type":"PropertyValueSpecification","valueRequired":true,"valueName":"search_term_string"}}],"inLanguage":"en-US"},{"@type":"Organization","@id":"https:\/\/www.petroni.hr\/en\/#organization","name":"Petroni d.o.o.","alternateName":"Petroni","url":"https:\/\/www.petroni.hr\/en\/","logo":{"@type":"ImageObject","inLanguage":"en-US","@id":"https:\/\/www.petroni.hr\/en\/#\/schema\/logo\/image\/","url":"https:\/\/www.petroni.hr\/wp-content\/uploads\/2024\/03\/cropped-Group-3.jpg","contentUrl":"https:\/\/www.petroni.hr\/wp-content\/uploads\/2024\/03\/cropped-Group-3.jpg","width":512,"height":512,"caption":"Petroni d.o.o."},"image":{"@id":"https:\/\/www.petroni.hr\/en\/#\/schema\/logo\/image\/"},"sameAs":["https:\/\/www.facebook.com\/Kamperi.Petroni.Sesvete\/?locale=hr_HR"]}]}},"_links":{"self":[{"href":"https:\/\/www.petroni.hr\/en\/wp-json\/wp\/v2\/product\/19498","targetHints":{"allow":["GET"]}}],"collection":[{"href":"https:\/\/www.petroni.hr\/en\/wp-json\/wp\/v2\/product"}],"about":[{"href":"https:\/\/www.petroni.hr\/en\/wp-json\/wp\/v2\/types\/product"}],"replies":[{"embeddable":true,"href":"https:\/\/www.petroni.hr\/en\/wp-json\/wp\/v2\/comments?post=19498"}],"wp:featuredmedia":[{"embeddable":true,"href":"https:\/\/www.petroni.hr\/en\/wp-json\/wp\/v2\/media\/14649"}],"wp:attachment":[{"href":"https:\/\/www.petroni.hr\/en\/wp-json\/wp\/v2\/media?parent=19498"}],"wp:term":[{"taxonomy":"product_brand","embeddable":true,"href":"https:\/\/www.petroni.hr\/en\/wp-json\/wp\/v2\/product_brand?post=19498"},{"taxonomy":"product_cat","embeddable":true,"href":"https:\/\/www.petroni.hr\/en\/wp-json\/wp\/v2\/product_cat?post=19498"},{"taxonomy":"product_tag","embeddable":true,"href":"https:\/\/www.petroni.hr\/en\/wp-json\/wp\/v2\/product_tag?post=19498"}],"curies":[{"name":"wp","href":"https:\/\/api.w.org\/{rel}","templated":true}]}}