{"id":19483,"date":"2023-04-21T06:02:19","date_gmt":"2023-04-21T05:02:19","guid":{"rendered":"https:\/\/www.petroni.hr\/proizvod\/pumpa-za-vodu-reich-19l-11-bar\/"},"modified":"2026-04-04T11:40:52","modified_gmt":"2026-04-04T10:40:52","slug":"pumpa-za-vodu-reich-19l-11-bar","status":"publish","type":"product","link":"https:\/\/www.petroni.hr\/en\/proizvod\/pumpa-za-vodu-reich-19l-11-bar\/","title":{"rendered":"Pumpa za vodu Reich 19l\/1,1 bar"},"content":{"rendered":"<p>Pumpa visokih performansi s dugotrajnom brtvom. Higijensko ku\u0107i\u0161te koje se lako \u010disti. Pumpa za prakti\u010dnu opskrbu vodom. Patentirani automatski ventil osigurava trenutnu isporuku vode. Pumpa ima cjedilo i nepovratni ventil.<\/p>\n<p>Izvedba: Hymer i LMC\/TEC<br \/>\nPriklju\u010dni kabel: 0,7 m<br \/>\nDIN 2001-2<br \/>\nTe\u017eina: 0,19 kg<br \/>\nStruja: 3,0-3,8A<br \/>\nGlava: 11 m<\/p>\n<p>Boja proizvoda bijela<br \/>\nBoja bijela<br \/>\nPromjer 4,5 cm<br \/>\nKapacitet 19 l\/min<br \/>\nTlak 1,1 bar<br \/>\nVisina 14,6 cm<br \/>\nSnaga 35 &#8211; 45 W<\/p>\n","protected":false},"excerpt":{"rendered":"<p>Pumpa visokih performansi s dugotrajnom brtvom. Higijensko ku\u0107i\u0161te koje se lako \u010disti. Pumpa za prakti\u010dnu opskrbu vodom. Patentirani automatski ventil osigurava trenutnu isporuku vode. Pumpa ima cjedilo i nepovratni ventil. Izvedba: Hymer i LMC\/TEC Priklju\u010dni kabel: 0,7 m DIN 2001-2 Te\u017eina: 0,19 kg Struja: 3,0-3,8A Glava: 11 m Boja proizvoda bijela Boja bijela Promjer 4,5 [&hellip;]<\/p>\n","protected":false},"featured_media":14778,"comment_status":"open","ping_status":"closed","template":"","meta":{"_acf_changed":false,"_themeisle_gutenberg_block_has_review":false},"product_brand":[],"product_cat":[315,286],"product_tag":[],"class_list":{"0":"post-19483","1":"product","2":"type-product","3":"status-publish","4":"has-post-thumbnail","6":"product_cat-pumpe-za-vodu-water-sanitary-en","7":"product_cat-water-sanitary-en","9":"first","10":"instock","11":"shipping-taxable","12":"purchasable","13":"product-type-simple"},"acf":[],"yoast_head":"<!-- This site is optimized with the Yoast SEO plugin v27.3 - https:\/\/yoast.com\/product\/yoast-seo-wordpress\/ -->\n<title>Pumpa za vodu Reich 19l\/1,1 bar | Petroni - rent | sale | service | conversions<\/title>\n<meta name=\"robots\" content=\"index, follow, max-snippet:-1, max-image-preview:large, max-video-preview:-1\" \/>\n<link rel=\"canonical\" href=\"https:\/\/www.petroni.hr\/en\/proizvod\/pumpa-za-vodu-reich-19l-11-bar\/\" \/>\n<meta property=\"og:locale\" content=\"en_US\" \/>\n<meta property=\"og:type\" content=\"article\" \/>\n<meta property=\"og:title\" content=\"Pumpa za vodu Reich 19l\/1,1 bar | Petroni - rent | sale | service | conversions\" \/>\n<meta property=\"og:description\" content=\"Pumpa visokih performansi s dugotrajnom brtvom. Higijensko ku\u0107i\u0161te koje se lako \u010disti. Pumpa za prakti\u010dnu opskrbu vodom. Patentirani automatski ventil osigurava trenutnu isporuku vode. Pumpa ima cjedilo i nepovratni ventil. Izvedba: Hymer i LMC\/TEC Priklju\u010dni kabel: 0,7 m DIN 2001-2 Te\u017eina: 0,19 kg Struja: 3,0-3,8A Glava: 11 m Boja proizvoda bijela Boja bijela Promjer 4,5 [&hellip;]\" \/>\n<meta property=\"og:url\" content=\"https:\/\/www.petroni.hr\/en\/proizvod\/pumpa-za-vodu-reich-19l-11-bar\/\" \/>\n<meta property=\"og:site_name\" content=\"Petroni - rent | sale | service | conversions\" \/>\n<meta property=\"article:publisher\" content=\"https:\/\/www.facebook.com\/Kamperi.Petroni.Sesvete\/?locale=hr_HR\" \/>\n<meta property=\"article:modified_time\" content=\"2026-04-04T10:40:52+00:00\" \/>\n<meta property=\"og:image\" content=\"https:\/\/www.petroni.hr\/wp-content\/uploads\/2023\/04\/9971821-pumpa-za-vodu-na-nepovratnim-ventilom-19-lit.jpg\" \/>\n\t<meta property=\"og:image:width\" content=\"337\" \/>\n\t<meta property=\"og:image:height\" content=\"1000\" \/>\n\t<meta property=\"og:image:type\" content=\"image\/jpeg\" \/>\n<meta name=\"twitter:card\" content=\"summary_large_image\" \/>\n<script type=\"application\/ld+json\" class=\"yoast-schema-graph\">{\"@context\":\"https:\\\/\\\/schema.org\",\"@graph\":[{\"@type\":\"WebPage\",\"@id\":\"https:\\\/\\\/www.petroni.hr\\\/en\\\/proizvod\\\/pumpa-za-vodu-reich-19l-11-bar\\\/\",\"url\":\"https:\\\/\\\/www.petroni.hr\\\/en\\\/proizvod\\\/pumpa-za-vodu-reich-19l-11-bar\\\/\",\"name\":\"Pumpa za vodu Reich 19l\\\/1,1 bar | Petroni - rent | sale | service | conversions\",\"isPartOf\":{\"@id\":\"https:\\\/\\\/www.petroni.hr\\\/en\\\/#website\"},\"primaryImageOfPage\":{\"@id\":\"https:\\\/\\\/www.petroni.hr\\\/en\\\/proizvod\\\/pumpa-za-vodu-reich-19l-11-bar\\\/#primaryimage\"},\"image\":{\"@id\":\"https:\\\/\\\/www.petroni.hr\\\/en\\\/proizvod\\\/pumpa-za-vodu-reich-19l-11-bar\\\/#primaryimage\"},\"thumbnailUrl\":\"https:\\\/\\\/www.petroni.hr\\\/wp-content\\\/uploads\\\/2023\\\/04\\\/9971821-pumpa-za-vodu-na-nepovratnim-ventilom-19-lit.jpg\",\"datePublished\":\"2023-04-21T05:02:19+00:00\",\"dateModified\":\"2026-04-04T10:40:52+00:00\",\"breadcrumb\":{\"@id\":\"https:\\\/\\\/www.petroni.hr\\\/en\\\/proizvod\\\/pumpa-za-vodu-reich-19l-11-bar\\\/#breadcrumb\"},\"inLanguage\":\"en-US\",\"potentialAction\":[{\"@type\":\"ReadAction\",\"target\":[\"https:\\\/\\\/www.petroni.hr\\\/en\\\/proizvod\\\/pumpa-za-vodu-reich-19l-11-bar\\\/\"]}]},{\"@type\":\"ImageObject\",\"inLanguage\":\"en-US\",\"@id\":\"https:\\\/\\\/www.petroni.hr\\\/en\\\/proizvod\\\/pumpa-za-vodu-reich-19l-11-bar\\\/#primaryimage\",\"url\":\"https:\\\/\\\/www.petroni.hr\\\/wp-content\\\/uploads\\\/2023\\\/04\\\/9971821-pumpa-za-vodu-na-nepovratnim-ventilom-19-lit.jpg\",\"contentUrl\":\"https:\\\/\\\/www.petroni.hr\\\/wp-content\\\/uploads\\\/2023\\\/04\\\/9971821-pumpa-za-vodu-na-nepovratnim-ventilom-19-lit.jpg\",\"width\":337,\"height\":1000},{\"@type\":\"BreadcrumbList\",\"@id\":\"https:\\\/\\\/www.petroni.hr\\\/en\\\/proizvod\\\/pumpa-za-vodu-reich-19l-11-bar\\\/#breadcrumb\",\"itemListElement\":[{\"@type\":\"ListItem\",\"position\":1,\"name\":\"Po\u010detna stranica\",\"item\":\"https:\\\/\\\/www.petroni.hr\\\/en\\\/\"},{\"@type\":\"ListItem\",\"position\":2,\"name\":\"Shop\",\"item\":\"https:\\\/\\\/www.petroni.hr\\\/en\\\/shop\\\/\"},{\"@type\":\"ListItem\",\"position\":3,\"name\":\"Pumpa za vodu Reich 19l\\\/1,1 bar\"}]},{\"@type\":\"WebSite\",\"@id\":\"https:\\\/\\\/www.petroni.hr\\\/en\\\/#website\",\"url\":\"https:\\\/\\\/www.petroni.hr\\\/en\\\/\",\"name\":\"Petroni.hr\",\"description\":\"Experience the unprecedented freedom of travel\",\"publisher\":{\"@id\":\"https:\\\/\\\/www.petroni.hr\\\/en\\\/#organization\"},\"alternateName\":\"Petroni\",\"potentialAction\":[{\"@type\":\"SearchAction\",\"target\":{\"@type\":\"EntryPoint\",\"urlTemplate\":\"https:\\\/\\\/www.petroni.hr\\\/en\\\/?s={search_term_string}\"},\"query-input\":{\"@type\":\"PropertyValueSpecification\",\"valueRequired\":true,\"valueName\":\"search_term_string\"}}],\"inLanguage\":\"en-US\"},{\"@type\":\"Organization\",\"@id\":\"https:\\\/\\\/www.petroni.hr\\\/en\\\/#organization\",\"name\":\"Petroni d.o.o.\",\"alternateName\":\"Petroni\",\"url\":\"https:\\\/\\\/www.petroni.hr\\\/en\\\/\",\"logo\":{\"@type\":\"ImageObject\",\"inLanguage\":\"en-US\",\"@id\":\"https:\\\/\\\/www.petroni.hr\\\/en\\\/#\\\/schema\\\/logo\\\/image\\\/\",\"url\":\"https:\\\/\\\/www.petroni.hr\\\/wp-content\\\/uploads\\\/2024\\\/03\\\/cropped-Group-3.jpg\",\"contentUrl\":\"https:\\\/\\\/www.petroni.hr\\\/wp-content\\\/uploads\\\/2024\\\/03\\\/cropped-Group-3.jpg\",\"width\":512,\"height\":512,\"caption\":\"Petroni d.o.o.\"},\"image\":{\"@id\":\"https:\\\/\\\/www.petroni.hr\\\/en\\\/#\\\/schema\\\/logo\\\/image\\\/\"},\"sameAs\":[\"https:\\\/\\\/www.facebook.com\\\/Kamperi.Petroni.Sesvete\\\/?locale=hr_HR\"]}]}<\/script>\n<!-- \/ Yoast SEO plugin. -->","yoast_head_json":{"title":"Pumpa za vodu Reich 19l\/1,1 bar | Petroni - rent | sale | service | conversions","robots":{"index":"index","follow":"follow","max-snippet":"max-snippet:-1","max-image-preview":"max-image-preview:large","max-video-preview":"max-video-preview:-1"},"canonical":"https:\/\/www.petroni.hr\/en\/proizvod\/pumpa-za-vodu-reich-19l-11-bar\/","og_locale":"en_US","og_type":"article","og_title":"Pumpa za vodu Reich 19l\/1,1 bar | Petroni - rent | sale | service | conversions","og_description":"Pumpa visokih performansi s dugotrajnom brtvom. Higijensko ku\u0107i\u0161te koje se lako \u010disti. Pumpa za prakti\u010dnu opskrbu vodom. Patentirani automatski ventil osigurava trenutnu isporuku vode. Pumpa ima cjedilo i nepovratni ventil. Izvedba: Hymer i LMC\/TEC Priklju\u010dni kabel: 0,7 m DIN 2001-2 Te\u017eina: 0,19 kg Struja: 3,0-3,8A Glava: 11 m Boja proizvoda bijela Boja bijela Promjer 4,5 [&hellip;]","og_url":"https:\/\/www.petroni.hr\/en\/proizvod\/pumpa-za-vodu-reich-19l-11-bar\/","og_site_name":"Petroni - rent | sale | service | conversions","article_publisher":"https:\/\/www.facebook.com\/Kamperi.Petroni.Sesvete\/?locale=hr_HR","article_modified_time":"2026-04-04T10:40:52+00:00","og_image":[{"width":337,"height":1000,"url":"https:\/\/www.petroni.hr\/wp-content\/uploads\/2023\/04\/9971821-pumpa-za-vodu-na-nepovratnim-ventilom-19-lit.jpg","type":"image\/jpeg"}],"twitter_card":"summary_large_image","schema":{"@context":"https:\/\/schema.org","@graph":[{"@type":"WebPage","@id":"https:\/\/www.petroni.hr\/en\/proizvod\/pumpa-za-vodu-reich-19l-11-bar\/","url":"https:\/\/www.petroni.hr\/en\/proizvod\/pumpa-za-vodu-reich-19l-11-bar\/","name":"Pumpa za vodu Reich 19l\/1,1 bar | Petroni - rent | sale | service | conversions","isPartOf":{"@id":"https:\/\/www.petroni.hr\/en\/#website"},"primaryImageOfPage":{"@id":"https:\/\/www.petroni.hr\/en\/proizvod\/pumpa-za-vodu-reich-19l-11-bar\/#primaryimage"},"image":{"@id":"https:\/\/www.petroni.hr\/en\/proizvod\/pumpa-za-vodu-reich-19l-11-bar\/#primaryimage"},"thumbnailUrl":"https:\/\/www.petroni.hr\/wp-content\/uploads\/2023\/04\/9971821-pumpa-za-vodu-na-nepovratnim-ventilom-19-lit.jpg","datePublished":"2023-04-21T05:02:19+00:00","dateModified":"2026-04-04T10:40:52+00:00","breadcrumb":{"@id":"https:\/\/www.petroni.hr\/en\/proizvod\/pumpa-za-vodu-reich-19l-11-bar\/#breadcrumb"},"inLanguage":"en-US","potentialAction":[{"@type":"ReadAction","target":["https:\/\/www.petroni.hr\/en\/proizvod\/pumpa-za-vodu-reich-19l-11-bar\/"]}]},{"@type":"ImageObject","inLanguage":"en-US","@id":"https:\/\/www.petroni.hr\/en\/proizvod\/pumpa-za-vodu-reich-19l-11-bar\/#primaryimage","url":"https:\/\/www.petroni.hr\/wp-content\/uploads\/2023\/04\/9971821-pumpa-za-vodu-na-nepovratnim-ventilom-19-lit.jpg","contentUrl":"https:\/\/www.petroni.hr\/wp-content\/uploads\/2023\/04\/9971821-pumpa-za-vodu-na-nepovratnim-ventilom-19-lit.jpg","width":337,"height":1000},{"@type":"BreadcrumbList","@id":"https:\/\/www.petroni.hr\/en\/proizvod\/pumpa-za-vodu-reich-19l-11-bar\/#breadcrumb","itemListElement":[{"@type":"ListItem","position":1,"name":"Po\u010detna stranica","item":"https:\/\/www.petroni.hr\/en\/"},{"@type":"ListItem","position":2,"name":"Shop","item":"https:\/\/www.petroni.hr\/en\/shop\/"},{"@type":"ListItem","position":3,"name":"Pumpa za vodu Reich 19l\/1,1 bar"}]},{"@type":"WebSite","@id":"https:\/\/www.petroni.hr\/en\/#website","url":"https:\/\/www.petroni.hr\/en\/","name":"Petroni.hr","description":"Experience the unprecedented freedom of travel","publisher":{"@id":"https:\/\/www.petroni.hr\/en\/#organization"},"alternateName":"Petroni","potentialAction":[{"@type":"SearchAction","target":{"@type":"EntryPoint","urlTemplate":"https:\/\/www.petroni.hr\/en\/?s={search_term_string}"},"query-input":{"@type":"PropertyValueSpecification","valueRequired":true,"valueName":"search_term_string"}}],"inLanguage":"en-US"},{"@type":"Organization","@id":"https:\/\/www.petroni.hr\/en\/#organization","name":"Petroni d.o.o.","alternateName":"Petroni","url":"https:\/\/www.petroni.hr\/en\/","logo":{"@type":"ImageObject","inLanguage":"en-US","@id":"https:\/\/www.petroni.hr\/en\/#\/schema\/logo\/image\/","url":"https:\/\/www.petroni.hr\/wp-content\/uploads\/2024\/03\/cropped-Group-3.jpg","contentUrl":"https:\/\/www.petroni.hr\/wp-content\/uploads\/2024\/03\/cropped-Group-3.jpg","width":512,"height":512,"caption":"Petroni d.o.o."},"image":{"@id":"https:\/\/www.petroni.hr\/en\/#\/schema\/logo\/image\/"},"sameAs":["https:\/\/www.facebook.com\/Kamperi.Petroni.Sesvete\/?locale=hr_HR"]}]}},"_links":{"self":[{"href":"https:\/\/www.petroni.hr\/en\/wp-json\/wp\/v2\/product\/19483","targetHints":{"allow":["GET"]}}],"collection":[{"href":"https:\/\/www.petroni.hr\/en\/wp-json\/wp\/v2\/product"}],"about":[{"href":"https:\/\/www.petroni.hr\/en\/wp-json\/wp\/v2\/types\/product"}],"replies":[{"embeddable":true,"href":"https:\/\/www.petroni.hr\/en\/wp-json\/wp\/v2\/comments?post=19483"}],"wp:featuredmedia":[{"embeddable":true,"href":"https:\/\/www.petroni.hr\/en\/wp-json\/wp\/v2\/media\/14778"}],"wp:attachment":[{"href":"https:\/\/www.petroni.hr\/en\/wp-json\/wp\/v2\/media?parent=19483"}],"wp:term":[{"taxonomy":"product_brand","embeddable":true,"href":"https:\/\/www.petroni.hr\/en\/wp-json\/wp\/v2\/product_brand?post=19483"},{"taxonomy":"product_cat","embeddable":true,"href":"https:\/\/www.petroni.hr\/en\/wp-json\/wp\/v2\/product_cat?post=19483"},{"taxonomy":"product_tag","embeddable":true,"href":"https:\/\/www.petroni.hr\/en\/wp-json\/wp\/v2\/product_tag?post=19483"}],"curies":[{"name":"wp","href":"https:\/\/api.w.org\/{rel}","templated":true}]}}