{"id":19463,"date":"2023-07-22T06:10:56","date_gmt":"2023-07-22T05:10:56","guid":{"rendered":"https:\/\/www.petroni.hr\/proizvod\/riptilj-plinski-party-grill-400-30mbar\/"},"modified":"2025-08-06T05:38:00","modified_gmt":"2025-08-06T04:38:00","slug":"riptilj-plinski-party-grill-400-30mbar","status":"publish","type":"product","link":"https:\/\/www.petroni.hr\/en\/proizvod\/riptilj-plinski-party-grill-400-30mbar\/","title":{"rendered":"Ro\u0161tilj plinski Party Grill 400 30mbar"},"content":{"rendered":"<p>Ro\u0161tilj Party Grill 400\u00a0 sada je dostupan u verziji od 30 mbara s priklju\u010dkom za kamp vozila.<\/p>\n<p>Popularni Party Grill\u2122 400 vi\u0161enamjenska je alternativa tradicionalnim ro\u0161tiljima.<\/p>\n<p>Mo\u017ee se pretvoriti iz \u0161tednjaka u ro\u0161tilj u tren oka. Poklopac se mo\u017ee koristiti i kao wok.<\/p>\n<p>Zahvaljuju\u0107i kri\u017enom loncu, reverzibilnom ro\u0161tilju s neprijanjaju\u0107im premazom i kontaktnoj plo\u010di za ro\u0161tilj i re\u0161etki za ro\u0161tilj, Party Grill ne ostavlja ni\u0161ta nedovoljno po\u017eeljno za ro\u0161tiljanje i kuhanje. Posuda za vodu slu\u017ei kao sustav za skupljanje masno\u0107e i omogu\u0107uje brzo i jednostavno \u010di\u0161\u0107enje.<\/p>\n<p>Karakteristike:<\/p>\n<p>Rad s plinskom bocom R904, R907, butan ili propan<br \/>\nVrijeme gorenja: 19,5 sati s R907; 12,5 sati s R904<br \/>\nVrijeme vrenja za 1 litru vode: ne\u0161to vi\u0161e od 6 minuta<\/p>\n<p>&nbsp;<\/p>\n<p>Sadr\u017eaj :<br \/>\nPoklopac s funkcijom woka, kri\u017eni lonac, reverzibilni ro\u0161tilj i kontaktna plo\u010da za ro\u0161tilj, re\u0161etka za ro\u0161tilj, poliesterska torba za no\u0161enje, crijevo s priklju\u010dkom<\/p>\n<p>Boja plava<br \/>\nVisina: 420 mm<br \/>\nPromjer: \u00d8 360 mm<br \/>\nTe\u017eina: 4,92 kg<br \/>\nPotro\u0161nja plina g\/h: 145 g\/h<br \/>\nSnaga: 2kW<br \/>\nTlak plina: 30 mbar<br \/>\nPaljenje: Piezo<br \/>\nVrsta ro\u0161tilja: plinski ro\u0161tilj<\/p>\n<p>&nbsp;<\/p>\n","protected":false},"excerpt":{"rendered":"<p>Ro\u0161tilj Party Grill 400\u00a0 sada je dostupan u verziji od 30 mbara s priklju\u010dkom za kamp vozila. Popularni Party Grill\u2122 400 vi\u0161enamjenska je alternativa tradicionalnim ro\u0161tiljima. Mo\u017ee se pretvoriti iz \u0161tednjaka u ro\u0161tilj u tren oka. Poklopac se mo\u017ee koristiti i kao wok. Zahvaljuju\u0107i kri\u017enom loncu, reverzibilnom ro\u0161tilju s neprijanjaju\u0107im premazom i kontaktnoj plo\u010di za [&hellip;]<\/p>\n","protected":false},"featured_media":15024,"comment_status":"open","ping_status":"closed","template":"","meta":{"_acf_changed":false,"_themeisle_gutenberg_block_has_review":false},"product_brand":[],"product_cat":[285],"product_tag":[],"class_list":{"0":"post-19463","1":"product","2":"type-product","3":"status-publish","4":"has-post-thumbnail","6":"product_cat-outdoor-leisure-en","8":"first","9":"instock","10":"shipping-taxable","11":"purchasable","12":"product-type-simple"},"acf":[],"yoast_head":"<!-- This site is optimized with the Yoast SEO plugin v27.4 - https:\/\/yoast.com\/product\/yoast-seo-wordpress\/ -->\n<title>Ro\u0161tilj plinski Party Grill 400 30mbar | Petroni - rent | sale | service | conversions<\/title>\n<meta name=\"robots\" content=\"index, follow, max-snippet:-1, max-image-preview:large, max-video-preview:-1\" \/>\n<link rel=\"canonical\" href=\"https:\/\/www.petroni.hr\/en\/proizvod\/riptilj-plinski-party-grill-400-30mbar\/\" \/>\n<meta property=\"og:locale\" content=\"en_US\" \/>\n<meta property=\"og:type\" content=\"article\" \/>\n<meta property=\"og:title\" content=\"Ro\u0161tilj plinski Party Grill 400 30mbar | Petroni - rent | sale | service | conversions\" \/>\n<meta property=\"og:description\" content=\"Ro\u0161tilj Party Grill 400\u00a0 sada je dostupan u verziji od 30 mbara s priklju\u010dkom za kamp vozila. Popularni Party Grill\u2122 400 vi\u0161enamjenska je alternativa tradicionalnim ro\u0161tiljima. Mo\u017ee se pretvoriti iz \u0161tednjaka u ro\u0161tilj u tren oka. Poklopac se mo\u017ee koristiti i kao wok. Zahvaljuju\u0107i kri\u017enom loncu, reverzibilnom ro\u0161tilju s neprijanjaju\u0107im premazom i kontaktnoj plo\u010di za [&hellip;]\" \/>\n<meta property=\"og:url\" content=\"https:\/\/www.petroni.hr\/en\/proizvod\/riptilj-plinski-party-grill-400-30mbar\/\" \/>\n<meta property=\"og:site_name\" content=\"Petroni - rent | sale | service | conversions\" \/>\n<meta property=\"article:publisher\" content=\"https:\/\/www.facebook.com\/Kamperi.Petroni.Sesvete\/?locale=hr_HR\" \/>\n<meta property=\"article:modified_time\" content=\"2025-08-06T04:38:00+00:00\" \/>\n<meta property=\"og:image\" content=\"https:\/\/www.petroni.hr\/wp-content\/uploads\/2023\/07\/914462-plinski-rostilj-2.jpg\" \/>\n\t<meta property=\"og:image:width\" content=\"293\" \/>\n\t<meta property=\"og:image:height\" content=\"375\" \/>\n\t<meta property=\"og:image:type\" content=\"image\/jpeg\" \/>\n<meta name=\"twitter:card\" content=\"summary_large_image\" \/>\n<meta name=\"twitter:label1\" content=\"Est. reading time\" \/>\n\t<meta name=\"twitter:data1\" content=\"1 minute\" \/>\n<script type=\"application\/ld+json\" class=\"yoast-schema-graph\">{\"@context\":\"https:\\\/\\\/schema.org\",\"@graph\":[{\"@type\":\"WebPage\",\"@id\":\"https:\\\/\\\/www.petroni.hr\\\/en\\\/proizvod\\\/riptilj-plinski-party-grill-400-30mbar\\\/\",\"url\":\"https:\\\/\\\/www.petroni.hr\\\/en\\\/proizvod\\\/riptilj-plinski-party-grill-400-30mbar\\\/\",\"name\":\"Ro\u0161tilj plinski Party Grill 400 30mbar | Petroni - rent | sale | service | conversions\",\"isPartOf\":{\"@id\":\"https:\\\/\\\/www.petroni.hr\\\/en\\\/#website\"},\"primaryImageOfPage\":{\"@id\":\"https:\\\/\\\/www.petroni.hr\\\/en\\\/proizvod\\\/riptilj-plinski-party-grill-400-30mbar\\\/#primaryimage\"},\"image\":{\"@id\":\"https:\\\/\\\/www.petroni.hr\\\/en\\\/proizvod\\\/riptilj-plinski-party-grill-400-30mbar\\\/#primaryimage\"},\"thumbnailUrl\":\"https:\\\/\\\/www.petroni.hr\\\/wp-content\\\/uploads\\\/2023\\\/07\\\/914462-plinski-rostilj-2.jpg\",\"datePublished\":\"2023-07-22T05:10:56+00:00\",\"dateModified\":\"2025-08-06T04:38:00+00:00\",\"breadcrumb\":{\"@id\":\"https:\\\/\\\/www.petroni.hr\\\/en\\\/proizvod\\\/riptilj-plinski-party-grill-400-30mbar\\\/#breadcrumb\"},\"inLanguage\":\"en-US\",\"potentialAction\":[{\"@type\":\"ReadAction\",\"target\":[\"https:\\\/\\\/www.petroni.hr\\\/en\\\/proizvod\\\/riptilj-plinski-party-grill-400-30mbar\\\/\"]}]},{\"@type\":\"ImageObject\",\"inLanguage\":\"en-US\",\"@id\":\"https:\\\/\\\/www.petroni.hr\\\/en\\\/proizvod\\\/riptilj-plinski-party-grill-400-30mbar\\\/#primaryimage\",\"url\":\"https:\\\/\\\/www.petroni.hr\\\/wp-content\\\/uploads\\\/2023\\\/07\\\/914462-plinski-rostilj-2.jpg\",\"contentUrl\":\"https:\\\/\\\/www.petroni.hr\\\/wp-content\\\/uploads\\\/2023\\\/07\\\/914462-plinski-rostilj-2.jpg\",\"width\":293,\"height\":375},{\"@type\":\"BreadcrumbList\",\"@id\":\"https:\\\/\\\/www.petroni.hr\\\/en\\\/proizvod\\\/riptilj-plinski-party-grill-400-30mbar\\\/#breadcrumb\",\"itemListElement\":[{\"@type\":\"ListItem\",\"position\":1,\"name\":\"Po\u010detna stranica\",\"item\":\"https:\\\/\\\/www.petroni.hr\\\/en\\\/\"},{\"@type\":\"ListItem\",\"position\":2,\"name\":\"Shop\",\"item\":\"https:\\\/\\\/www.petroni.hr\\\/en\\\/shop\\\/\"},{\"@type\":\"ListItem\",\"position\":3,\"name\":\"Ro\u0161tilj plinski Party Grill 400 30mbar\"}]},{\"@type\":\"WebSite\",\"@id\":\"https:\\\/\\\/www.petroni.hr\\\/en\\\/#website\",\"url\":\"https:\\\/\\\/www.petroni.hr\\\/en\\\/\",\"name\":\"Petroni.hr\",\"description\":\"Experience the unprecedented freedom of travel\",\"publisher\":{\"@id\":\"https:\\\/\\\/www.petroni.hr\\\/en\\\/#organization\"},\"alternateName\":\"Petroni\",\"potentialAction\":[{\"@type\":\"SearchAction\",\"target\":{\"@type\":\"EntryPoint\",\"urlTemplate\":\"https:\\\/\\\/www.petroni.hr\\\/en\\\/?s={search_term_string}\"},\"query-input\":{\"@type\":\"PropertyValueSpecification\",\"valueRequired\":true,\"valueName\":\"search_term_string\"}}],\"inLanguage\":\"en-US\"},{\"@type\":\"Organization\",\"@id\":\"https:\\\/\\\/www.petroni.hr\\\/en\\\/#organization\",\"name\":\"Petroni d.o.o.\",\"alternateName\":\"Petroni\",\"url\":\"https:\\\/\\\/www.petroni.hr\\\/en\\\/\",\"logo\":{\"@type\":\"ImageObject\",\"inLanguage\":\"en-US\",\"@id\":\"https:\\\/\\\/www.petroni.hr\\\/en\\\/#\\\/schema\\\/logo\\\/image\\\/\",\"url\":\"https:\\\/\\\/www.petroni.hr\\\/wp-content\\\/uploads\\\/2024\\\/03\\\/cropped-Group-3.jpg\",\"contentUrl\":\"https:\\\/\\\/www.petroni.hr\\\/wp-content\\\/uploads\\\/2024\\\/03\\\/cropped-Group-3.jpg\",\"width\":512,\"height\":512,\"caption\":\"Petroni d.o.o.\"},\"image\":{\"@id\":\"https:\\\/\\\/www.petroni.hr\\\/en\\\/#\\\/schema\\\/logo\\\/image\\\/\"},\"sameAs\":[\"https:\\\/\\\/www.facebook.com\\\/Kamperi.Petroni.Sesvete\\\/?locale=hr_HR\"]}]}<\/script>\n<!-- \/ Yoast SEO plugin. -->","yoast_head_json":{"title":"Ro\u0161tilj plinski Party Grill 400 30mbar | Petroni - rent | sale | service | conversions","robots":{"index":"index","follow":"follow","max-snippet":"max-snippet:-1","max-image-preview":"max-image-preview:large","max-video-preview":"max-video-preview:-1"},"canonical":"https:\/\/www.petroni.hr\/en\/proizvod\/riptilj-plinski-party-grill-400-30mbar\/","og_locale":"en_US","og_type":"article","og_title":"Ro\u0161tilj plinski Party Grill 400 30mbar | Petroni - rent | sale | service | conversions","og_description":"Ro\u0161tilj Party Grill 400\u00a0 sada je dostupan u verziji od 30 mbara s priklju\u010dkom za kamp vozila. Popularni Party Grill\u2122 400 vi\u0161enamjenska je alternativa tradicionalnim ro\u0161tiljima. Mo\u017ee se pretvoriti iz \u0161tednjaka u ro\u0161tilj u tren oka. Poklopac se mo\u017ee koristiti i kao wok. Zahvaljuju\u0107i kri\u017enom loncu, reverzibilnom ro\u0161tilju s neprijanjaju\u0107im premazom i kontaktnoj plo\u010di za [&hellip;]","og_url":"https:\/\/www.petroni.hr\/en\/proizvod\/riptilj-plinski-party-grill-400-30mbar\/","og_site_name":"Petroni - rent | sale | service | conversions","article_publisher":"https:\/\/www.facebook.com\/Kamperi.Petroni.Sesvete\/?locale=hr_HR","article_modified_time":"2025-08-06T04:38:00+00:00","og_image":[{"width":293,"height":375,"url":"https:\/\/www.petroni.hr\/wp-content\/uploads\/2023\/07\/914462-plinski-rostilj-2.jpg","type":"image\/jpeg"}],"twitter_card":"summary_large_image","twitter_misc":{"Est. reading time":"1 minute"},"schema":{"@context":"https:\/\/schema.org","@graph":[{"@type":"WebPage","@id":"https:\/\/www.petroni.hr\/en\/proizvod\/riptilj-plinski-party-grill-400-30mbar\/","url":"https:\/\/www.petroni.hr\/en\/proizvod\/riptilj-plinski-party-grill-400-30mbar\/","name":"Ro\u0161tilj plinski Party Grill 400 30mbar | Petroni - rent | sale | service | conversions","isPartOf":{"@id":"https:\/\/www.petroni.hr\/en\/#website"},"primaryImageOfPage":{"@id":"https:\/\/www.petroni.hr\/en\/proizvod\/riptilj-plinski-party-grill-400-30mbar\/#primaryimage"},"image":{"@id":"https:\/\/www.petroni.hr\/en\/proizvod\/riptilj-plinski-party-grill-400-30mbar\/#primaryimage"},"thumbnailUrl":"https:\/\/www.petroni.hr\/wp-content\/uploads\/2023\/07\/914462-plinski-rostilj-2.jpg","datePublished":"2023-07-22T05:10:56+00:00","dateModified":"2025-08-06T04:38:00+00:00","breadcrumb":{"@id":"https:\/\/www.petroni.hr\/en\/proizvod\/riptilj-plinski-party-grill-400-30mbar\/#breadcrumb"},"inLanguage":"en-US","potentialAction":[{"@type":"ReadAction","target":["https:\/\/www.petroni.hr\/en\/proizvod\/riptilj-plinski-party-grill-400-30mbar\/"]}]},{"@type":"ImageObject","inLanguage":"en-US","@id":"https:\/\/www.petroni.hr\/en\/proizvod\/riptilj-plinski-party-grill-400-30mbar\/#primaryimage","url":"https:\/\/www.petroni.hr\/wp-content\/uploads\/2023\/07\/914462-plinski-rostilj-2.jpg","contentUrl":"https:\/\/www.petroni.hr\/wp-content\/uploads\/2023\/07\/914462-plinski-rostilj-2.jpg","width":293,"height":375},{"@type":"BreadcrumbList","@id":"https:\/\/www.petroni.hr\/en\/proizvod\/riptilj-plinski-party-grill-400-30mbar\/#breadcrumb","itemListElement":[{"@type":"ListItem","position":1,"name":"Po\u010detna stranica","item":"https:\/\/www.petroni.hr\/en\/"},{"@type":"ListItem","position":2,"name":"Shop","item":"https:\/\/www.petroni.hr\/en\/shop\/"},{"@type":"ListItem","position":3,"name":"Ro\u0161tilj plinski Party Grill 400 30mbar"}]},{"@type":"WebSite","@id":"https:\/\/www.petroni.hr\/en\/#website","url":"https:\/\/www.petroni.hr\/en\/","name":"Petroni.hr","description":"Experience the unprecedented freedom of travel","publisher":{"@id":"https:\/\/www.petroni.hr\/en\/#organization"},"alternateName":"Petroni","potentialAction":[{"@type":"SearchAction","target":{"@type":"EntryPoint","urlTemplate":"https:\/\/www.petroni.hr\/en\/?s={search_term_string}"},"query-input":{"@type":"PropertyValueSpecification","valueRequired":true,"valueName":"search_term_string"}}],"inLanguage":"en-US"},{"@type":"Organization","@id":"https:\/\/www.petroni.hr\/en\/#organization","name":"Petroni d.o.o.","alternateName":"Petroni","url":"https:\/\/www.petroni.hr\/en\/","logo":{"@type":"ImageObject","inLanguage":"en-US","@id":"https:\/\/www.petroni.hr\/en\/#\/schema\/logo\/image\/","url":"https:\/\/www.petroni.hr\/wp-content\/uploads\/2024\/03\/cropped-Group-3.jpg","contentUrl":"https:\/\/www.petroni.hr\/wp-content\/uploads\/2024\/03\/cropped-Group-3.jpg","width":512,"height":512,"caption":"Petroni d.o.o."},"image":{"@id":"https:\/\/www.petroni.hr\/en\/#\/schema\/logo\/image\/"},"sameAs":["https:\/\/www.facebook.com\/Kamperi.Petroni.Sesvete\/?locale=hr_HR"]}]}},"_links":{"self":[{"href":"https:\/\/www.petroni.hr\/en\/wp-json\/wp\/v2\/product\/19463","targetHints":{"allow":["GET"]}}],"collection":[{"href":"https:\/\/www.petroni.hr\/en\/wp-json\/wp\/v2\/product"}],"about":[{"href":"https:\/\/www.petroni.hr\/en\/wp-json\/wp\/v2\/types\/product"}],"replies":[{"embeddable":true,"href":"https:\/\/www.petroni.hr\/en\/wp-json\/wp\/v2\/comments?post=19463"}],"wp:featuredmedia":[{"embeddable":true,"href":"https:\/\/www.petroni.hr\/en\/wp-json\/wp\/v2\/media\/15024"}],"wp:attachment":[{"href":"https:\/\/www.petroni.hr\/en\/wp-json\/wp\/v2\/media?parent=19463"}],"wp:term":[{"taxonomy":"product_brand","embeddable":true,"href":"https:\/\/www.petroni.hr\/en\/wp-json\/wp\/v2\/product_brand?post=19463"},{"taxonomy":"product_cat","embeddable":true,"href":"https:\/\/www.petroni.hr\/en\/wp-json\/wp\/v2\/product_cat?post=19463"},{"taxonomy":"product_tag","embeddable":true,"href":"https:\/\/www.petroni.hr\/en\/wp-json\/wp\/v2\/product_tag?post=19463"}],"curies":[{"name":"wp","href":"https:\/\/api.w.org\/{rel}","templated":true}]}}