{"id":19449,"date":"2023-08-16T05:54:54","date_gmt":"2023-08-16T04:54:54","guid":{"rendered":"https:\/\/www.petroni.hr\/proizvod\/hladnjak-kompresorski-dometic-rc10-4-70-litara\/"},"modified":"2025-06-21T09:16:44","modified_gmt":"2025-06-21T08:16:44","slug":"hladnjak-kompresorski-dometic-rc10-4-70-litara","status":"publish","type":"product","link":"https:\/\/www.petroni.hr\/en\/proizvod\/hladnjak-kompresorski-dometic-rc10-4-70-litara\/","title":{"rendered":"Hladnjak kompresorski DOMETIC RC10.4 70 litara"},"content":{"rendered":"<p>Inovativno rje\u0161enje ventilacije-<\/p>\n<p>Integrirana prednja ventilacijska plo\u010da svih Dometic kompresorskih hladnjaka serije 10 omogu\u0107uje instalaciju bez potrebe za dodatnom ventilacijom, a RC 10.4 70 nije iznimka, ne zahtijeva vanjsko prozra\u010divanje stra\u017enje strane hladnjaka.<\/p>\n<p>Ovo inovativno rje\u0161enje \u010dini Dometic RC 10.4 70 savr\u0161enim za kampere, \u010damce ili autodomove. Konkretno, popularni kombi Fiat Ducato mo\u017ee se naknadno opremiti ovim izvrsnim rashladnim ure\u0111ajem.<\/p>\n<p>Specifikacije &#8211;<\/p>\n<p>Model- RC10.4T.70<br \/>\nModel na naljepnici- RC10470<br \/>\nOpis proizvoda &#8211; Hladnjak s kompresorom od 70 litara s integriranim TFT zaslonom<br \/>\nTehnologija- Kompresorski hladnjak<br \/>\nVrata s duplim \u0161arkama &#8211; otvaranje vrata na obje strane<br \/>\nUlazni napon &#8211; 12 volti DC<br \/>\nNazivna ulazna snaga 42 W<br \/>\nOcjena buke (DIN60704-1 &amp; 60704-2-14) 40 dB(A)<br \/>\nPotro\u0161nja energije- (DC@5\/25\u00b0C) 0,40 kWh\/24h<br \/>\nKlimatska klasa &#8211; T<\/p>\n<p>Dimenzije<br \/>\nVisina proizvoda &#8211; 821 mm<br \/>\n\u0160irina proizvoda &#8211; 420 mm<br \/>\nDubina proizvoda &#8211; 450 mm<br \/>\nNeto te\u017eina- 19,5kg<br \/>\nZapremina hladnjaka &#8211; 69 litara<br \/>\nVolumen zamrziva\u010da 8 litara (uklonjiv)<br \/>\nTermostatska kontrola<br \/>\nUnutarnje svjetlo &#8211; Da<br \/>\nBoja &#8211; Crna<\/p>\n","protected":false},"excerpt":{"rendered":"<p>Inovativno rje\u0161enje ventilacije- Integrirana prednja ventilacijska plo\u010da svih Dometic kompresorskih hladnjaka serije 10 omogu\u0107uje instalaciju bez potrebe za dodatnom ventilacijom, a RC 10.4 70 nije iznimka, ne zahtijeva vanjsko prozra\u010divanje stra\u017enje strane hladnjaka. Ovo inovativno rje\u0161enje \u010dini Dometic RC 10.4 70 savr\u0161enim za kampere, \u010damce ili autodomove. Konkretno, popularni kombi Fiat Ducato mo\u017ee se naknadno [&hellip;]<\/p>\n","protected":false},"featured_media":15105,"comment_status":"open","ping_status":"closed","template":"","meta":{"_acf_changed":false,"_themeisle_gutenberg_block_has_review":false},"product_brand":[],"product_cat":[277,300],"product_tag":[],"class_list":{"0":"post-19449","1":"product","2":"type-product","3":"status-publish","4":"has-post-thumbnail","6":"product_cat-cooling-climate-heating-en","7":"product_cat-hladnjaci-2-en","8":"product_shipping_class-potrebno-osobno-preuzimanje-u-trgovini","10":"first","11":"instock","12":"shipping-taxable","13":"purchasable","14":"product-type-simple"},"acf":[],"yoast_head":"<!-- This site is optimized with the Yoast SEO plugin v27.3 - https:\/\/yoast.com\/product\/yoast-seo-wordpress\/ -->\n<title>Hladnjak kompresorski DOMETIC RC10.4 70 litara | Petroni - rent | sale | service | conversions<\/title>\n<meta name=\"robots\" content=\"index, follow, max-snippet:-1, max-image-preview:large, max-video-preview:-1\" \/>\n<link rel=\"canonical\" href=\"https:\/\/www.petroni.hr\/en\/proizvod\/hladnjak-kompresorski-dometic-rc10-4-70-litara\/\" \/>\n<meta property=\"og:locale\" content=\"en_US\" \/>\n<meta property=\"og:type\" content=\"article\" \/>\n<meta property=\"og:title\" content=\"Hladnjak kompresorski DOMETIC RC10.4 70 litara | Petroni - rent | sale | service | conversions\" \/>\n<meta property=\"og:description\" content=\"Inovativno rje\u0161enje ventilacije- Integrirana prednja ventilacijska plo\u010da svih Dometic kompresorskih hladnjaka serije 10 omogu\u0107uje instalaciju bez potrebe za dodatnom ventilacijom, a RC 10.4 70 nije iznimka, ne zahtijeva vanjsko prozra\u010divanje stra\u017enje strane hladnjaka. Ovo inovativno rje\u0161enje \u010dini Dometic RC 10.4 70 savr\u0161enim za kampere, \u010damce ili autodomove. Konkretno, popularni kombi Fiat Ducato mo\u017ee se naknadno [&hellip;]\" \/>\n<meta property=\"og:url\" content=\"https:\/\/www.petroni.hr\/en\/proizvod\/hladnjak-kompresorski-dometic-rc10-4-70-litara\/\" \/>\n<meta property=\"og:site_name\" content=\"Petroni - rent | sale | service | conversions\" \/>\n<meta property=\"article:publisher\" content=\"https:\/\/www.facebook.com\/Kamperi.Petroni.Sesvete\/?locale=hr_HR\" \/>\n<meta property=\"article:modified_time\" content=\"2025-06-21T08:16:44+00:00\" \/>\n<meta property=\"og:image\" content=\"https:\/\/www.petroni.hr\/wp-content\/uploads\/2023\/08\/hladnjak-dometic-rc10.4t70-9600028399_1__31467-1.jpg\" \/>\n\t<meta property=\"og:image:width\" content=\"971\" \/>\n\t<meta property=\"og:image:height\" content=\"1280\" \/>\n\t<meta property=\"og:image:type\" content=\"image\/jpeg\" \/>\n<meta name=\"twitter:card\" content=\"summary_large_image\" \/>\n<meta name=\"twitter:label1\" content=\"Est. reading time\" \/>\n\t<meta name=\"twitter:data1\" content=\"1 minute\" \/>\n<script type=\"application\/ld+json\" class=\"yoast-schema-graph\">{\"@context\":\"https:\\\/\\\/schema.org\",\"@graph\":[{\"@type\":\"WebPage\",\"@id\":\"https:\\\/\\\/www.petroni.hr\\\/en\\\/proizvod\\\/hladnjak-kompresorski-dometic-rc10-4-70-litara\\\/\",\"url\":\"https:\\\/\\\/www.petroni.hr\\\/en\\\/proizvod\\\/hladnjak-kompresorski-dometic-rc10-4-70-litara\\\/\",\"name\":\"Hladnjak kompresorski DOMETIC RC10.4 70 litara | Petroni - rent | sale | service | conversions\",\"isPartOf\":{\"@id\":\"https:\\\/\\\/www.petroni.hr\\\/en\\\/#website\"},\"primaryImageOfPage\":{\"@id\":\"https:\\\/\\\/www.petroni.hr\\\/en\\\/proizvod\\\/hladnjak-kompresorski-dometic-rc10-4-70-litara\\\/#primaryimage\"},\"image\":{\"@id\":\"https:\\\/\\\/www.petroni.hr\\\/en\\\/proizvod\\\/hladnjak-kompresorski-dometic-rc10-4-70-litara\\\/#primaryimage\"},\"thumbnailUrl\":\"https:\\\/\\\/www.petroni.hr\\\/wp-content\\\/uploads\\\/2023\\\/08\\\/hladnjak-dometic-rc10.4t70-9600028399_1__31467-1.jpg\",\"datePublished\":\"2023-08-16T04:54:54+00:00\",\"dateModified\":\"2025-06-21T08:16:44+00:00\",\"breadcrumb\":{\"@id\":\"https:\\\/\\\/www.petroni.hr\\\/en\\\/proizvod\\\/hladnjak-kompresorski-dometic-rc10-4-70-litara\\\/#breadcrumb\"},\"inLanguage\":\"en-US\",\"potentialAction\":[{\"@type\":\"ReadAction\",\"target\":[\"https:\\\/\\\/www.petroni.hr\\\/en\\\/proizvod\\\/hladnjak-kompresorski-dometic-rc10-4-70-litara\\\/\"]}]},{\"@type\":\"ImageObject\",\"inLanguage\":\"en-US\",\"@id\":\"https:\\\/\\\/www.petroni.hr\\\/en\\\/proizvod\\\/hladnjak-kompresorski-dometic-rc10-4-70-litara\\\/#primaryimage\",\"url\":\"https:\\\/\\\/www.petroni.hr\\\/wp-content\\\/uploads\\\/2023\\\/08\\\/hladnjak-dometic-rc10.4t70-9600028399_1__31467-1.jpg\",\"contentUrl\":\"https:\\\/\\\/www.petroni.hr\\\/wp-content\\\/uploads\\\/2023\\\/08\\\/hladnjak-dometic-rc10.4t70-9600028399_1__31467-1.jpg\",\"width\":971,\"height\":1280},{\"@type\":\"BreadcrumbList\",\"@id\":\"https:\\\/\\\/www.petroni.hr\\\/en\\\/proizvod\\\/hladnjak-kompresorski-dometic-rc10-4-70-litara\\\/#breadcrumb\",\"itemListElement\":[{\"@type\":\"ListItem\",\"position\":1,\"name\":\"Po\u010detna stranica\",\"item\":\"https:\\\/\\\/www.petroni.hr\\\/en\\\/\"},{\"@type\":\"ListItem\",\"position\":2,\"name\":\"Shop\",\"item\":\"https:\\\/\\\/www.petroni.hr\\\/en\\\/shop\\\/\"},{\"@type\":\"ListItem\",\"position\":3,\"name\":\"Hladnjak kompresorski DOMETIC RC10.4 70 litara\"}]},{\"@type\":\"WebSite\",\"@id\":\"https:\\\/\\\/www.petroni.hr\\\/en\\\/#website\",\"url\":\"https:\\\/\\\/www.petroni.hr\\\/en\\\/\",\"name\":\"Petroni.hr\",\"description\":\"Experience the unprecedented freedom of travel\",\"publisher\":{\"@id\":\"https:\\\/\\\/www.petroni.hr\\\/en\\\/#organization\"},\"alternateName\":\"Petroni\",\"potentialAction\":[{\"@type\":\"SearchAction\",\"target\":{\"@type\":\"EntryPoint\",\"urlTemplate\":\"https:\\\/\\\/www.petroni.hr\\\/en\\\/?s={search_term_string}\"},\"query-input\":{\"@type\":\"PropertyValueSpecification\",\"valueRequired\":true,\"valueName\":\"search_term_string\"}}],\"inLanguage\":\"en-US\"},{\"@type\":\"Organization\",\"@id\":\"https:\\\/\\\/www.petroni.hr\\\/en\\\/#organization\",\"name\":\"Petroni d.o.o.\",\"alternateName\":\"Petroni\",\"url\":\"https:\\\/\\\/www.petroni.hr\\\/en\\\/\",\"logo\":{\"@type\":\"ImageObject\",\"inLanguage\":\"en-US\",\"@id\":\"https:\\\/\\\/www.petroni.hr\\\/en\\\/#\\\/schema\\\/logo\\\/image\\\/\",\"url\":\"https:\\\/\\\/www.petroni.hr\\\/wp-content\\\/uploads\\\/2024\\\/03\\\/cropped-Group-3.jpg\",\"contentUrl\":\"https:\\\/\\\/www.petroni.hr\\\/wp-content\\\/uploads\\\/2024\\\/03\\\/cropped-Group-3.jpg\",\"width\":512,\"height\":512,\"caption\":\"Petroni d.o.o.\"},\"image\":{\"@id\":\"https:\\\/\\\/www.petroni.hr\\\/en\\\/#\\\/schema\\\/logo\\\/image\\\/\"},\"sameAs\":[\"https:\\\/\\\/www.facebook.com\\\/Kamperi.Petroni.Sesvete\\\/?locale=hr_HR\"]}]}<\/script>\n<!-- \/ Yoast SEO plugin. -->","yoast_head_json":{"title":"Hladnjak kompresorski DOMETIC RC10.4 70 litara | Petroni - rent | sale | service | conversions","robots":{"index":"index","follow":"follow","max-snippet":"max-snippet:-1","max-image-preview":"max-image-preview:large","max-video-preview":"max-video-preview:-1"},"canonical":"https:\/\/www.petroni.hr\/en\/proizvod\/hladnjak-kompresorski-dometic-rc10-4-70-litara\/","og_locale":"en_US","og_type":"article","og_title":"Hladnjak kompresorski DOMETIC RC10.4 70 litara | Petroni - rent | sale | service | conversions","og_description":"Inovativno rje\u0161enje ventilacije- Integrirana prednja ventilacijska plo\u010da svih Dometic kompresorskih hladnjaka serije 10 omogu\u0107uje instalaciju bez potrebe za dodatnom ventilacijom, a RC 10.4 70 nije iznimka, ne zahtijeva vanjsko prozra\u010divanje stra\u017enje strane hladnjaka. Ovo inovativno rje\u0161enje \u010dini Dometic RC 10.4 70 savr\u0161enim za kampere, \u010damce ili autodomove. Konkretno, popularni kombi Fiat Ducato mo\u017ee se naknadno [&hellip;]","og_url":"https:\/\/www.petroni.hr\/en\/proizvod\/hladnjak-kompresorski-dometic-rc10-4-70-litara\/","og_site_name":"Petroni - rent | sale | service | conversions","article_publisher":"https:\/\/www.facebook.com\/Kamperi.Petroni.Sesvete\/?locale=hr_HR","article_modified_time":"2025-06-21T08:16:44+00:00","og_image":[{"width":971,"height":1280,"url":"https:\/\/www.petroni.hr\/wp-content\/uploads\/2023\/08\/hladnjak-dometic-rc10.4t70-9600028399_1__31467-1.jpg","type":"image\/jpeg"}],"twitter_card":"summary_large_image","twitter_misc":{"Est. reading time":"1 minute"},"schema":{"@context":"https:\/\/schema.org","@graph":[{"@type":"WebPage","@id":"https:\/\/www.petroni.hr\/en\/proizvod\/hladnjak-kompresorski-dometic-rc10-4-70-litara\/","url":"https:\/\/www.petroni.hr\/en\/proizvod\/hladnjak-kompresorski-dometic-rc10-4-70-litara\/","name":"Hladnjak kompresorski DOMETIC RC10.4 70 litara | Petroni - rent | sale | service | conversions","isPartOf":{"@id":"https:\/\/www.petroni.hr\/en\/#website"},"primaryImageOfPage":{"@id":"https:\/\/www.petroni.hr\/en\/proizvod\/hladnjak-kompresorski-dometic-rc10-4-70-litara\/#primaryimage"},"image":{"@id":"https:\/\/www.petroni.hr\/en\/proizvod\/hladnjak-kompresorski-dometic-rc10-4-70-litara\/#primaryimage"},"thumbnailUrl":"https:\/\/www.petroni.hr\/wp-content\/uploads\/2023\/08\/hladnjak-dometic-rc10.4t70-9600028399_1__31467-1.jpg","datePublished":"2023-08-16T04:54:54+00:00","dateModified":"2025-06-21T08:16:44+00:00","breadcrumb":{"@id":"https:\/\/www.petroni.hr\/en\/proizvod\/hladnjak-kompresorski-dometic-rc10-4-70-litara\/#breadcrumb"},"inLanguage":"en-US","potentialAction":[{"@type":"ReadAction","target":["https:\/\/www.petroni.hr\/en\/proizvod\/hladnjak-kompresorski-dometic-rc10-4-70-litara\/"]}]},{"@type":"ImageObject","inLanguage":"en-US","@id":"https:\/\/www.petroni.hr\/en\/proizvod\/hladnjak-kompresorski-dometic-rc10-4-70-litara\/#primaryimage","url":"https:\/\/www.petroni.hr\/wp-content\/uploads\/2023\/08\/hladnjak-dometic-rc10.4t70-9600028399_1__31467-1.jpg","contentUrl":"https:\/\/www.petroni.hr\/wp-content\/uploads\/2023\/08\/hladnjak-dometic-rc10.4t70-9600028399_1__31467-1.jpg","width":971,"height":1280},{"@type":"BreadcrumbList","@id":"https:\/\/www.petroni.hr\/en\/proizvod\/hladnjak-kompresorski-dometic-rc10-4-70-litara\/#breadcrumb","itemListElement":[{"@type":"ListItem","position":1,"name":"Po\u010detna stranica","item":"https:\/\/www.petroni.hr\/en\/"},{"@type":"ListItem","position":2,"name":"Shop","item":"https:\/\/www.petroni.hr\/en\/shop\/"},{"@type":"ListItem","position":3,"name":"Hladnjak kompresorski DOMETIC RC10.4 70 litara"}]},{"@type":"WebSite","@id":"https:\/\/www.petroni.hr\/en\/#website","url":"https:\/\/www.petroni.hr\/en\/","name":"Petroni.hr","description":"Experience the unprecedented freedom of travel","publisher":{"@id":"https:\/\/www.petroni.hr\/en\/#organization"},"alternateName":"Petroni","potentialAction":[{"@type":"SearchAction","target":{"@type":"EntryPoint","urlTemplate":"https:\/\/www.petroni.hr\/en\/?s={search_term_string}"},"query-input":{"@type":"PropertyValueSpecification","valueRequired":true,"valueName":"search_term_string"}}],"inLanguage":"en-US"},{"@type":"Organization","@id":"https:\/\/www.petroni.hr\/en\/#organization","name":"Petroni d.o.o.","alternateName":"Petroni","url":"https:\/\/www.petroni.hr\/en\/","logo":{"@type":"ImageObject","inLanguage":"en-US","@id":"https:\/\/www.petroni.hr\/en\/#\/schema\/logo\/image\/","url":"https:\/\/www.petroni.hr\/wp-content\/uploads\/2024\/03\/cropped-Group-3.jpg","contentUrl":"https:\/\/www.petroni.hr\/wp-content\/uploads\/2024\/03\/cropped-Group-3.jpg","width":512,"height":512,"caption":"Petroni d.o.o."},"image":{"@id":"https:\/\/www.petroni.hr\/en\/#\/schema\/logo\/image\/"},"sameAs":["https:\/\/www.facebook.com\/Kamperi.Petroni.Sesvete\/?locale=hr_HR"]}]}},"_links":{"self":[{"href":"https:\/\/www.petroni.hr\/en\/wp-json\/wp\/v2\/product\/19449","targetHints":{"allow":["GET"]}}],"collection":[{"href":"https:\/\/www.petroni.hr\/en\/wp-json\/wp\/v2\/product"}],"about":[{"href":"https:\/\/www.petroni.hr\/en\/wp-json\/wp\/v2\/types\/product"}],"replies":[{"embeddable":true,"href":"https:\/\/www.petroni.hr\/en\/wp-json\/wp\/v2\/comments?post=19449"}],"wp:featuredmedia":[{"embeddable":true,"href":"https:\/\/www.petroni.hr\/en\/wp-json\/wp\/v2\/media\/15105"}],"wp:attachment":[{"href":"https:\/\/www.petroni.hr\/en\/wp-json\/wp\/v2\/media?parent=19449"}],"wp:term":[{"taxonomy":"product_brand","embeddable":true,"href":"https:\/\/www.petroni.hr\/en\/wp-json\/wp\/v2\/product_brand?post=19449"},{"taxonomy":"product_cat","embeddable":true,"href":"https:\/\/www.petroni.hr\/en\/wp-json\/wp\/v2\/product_cat?post=19449"},{"taxonomy":"product_tag","embeddable":true,"href":"https:\/\/www.petroni.hr\/en\/wp-json\/wp\/v2\/product_tag?post=19449"}],"curies":[{"name":"wp","href":"https:\/\/api.w.org\/{rel}","templated":true}]}}