{"id":19428,"date":"2023-10-18T10:48:34","date_gmt":"2023-10-18T09:48:34","guid":{"rendered":"https:\/\/www.petroni.hr\/proizvod\/pipa-mjesalica-za-kupaonu-trend-e-reich\/"},"modified":"2025-04-17T12:39:49","modified_gmt":"2025-04-17T11:39:49","slug":"pipa-mjesalica-za-kupaonu-trend-e-reich","status":"publish","type":"product","link":"https:\/\/www.petroni.hr\/en\/proizvod\/pipa-mjesalica-za-kupaonu-trend-e-reich\/","title":{"rendered":"Pipa &#8211; mje\u0161alica za kupaonu Trend E Reich"},"content":{"rendered":"<p>TREND E seriju mje\u0161alica karakterizira elegantan i moderan dizajn , te kori\u0161tenje visokokvalitetne plastike za u\u0161tedu te\u017eine. Struktura serije TREND E s kerami\u010dkim ulo\u0161kom odgovara standardnom priklju\u010dku, ali je znatno lak\u0161a. \u010cvrsta mesingana upravlja\u010dka poluga i lagano plasti\u010dno tijelo armature idealno se nadopunjuju. Ako je potrebno, kerami\u010dki ulo\u017eak se mo\u017ee promijeniti bez skidanja priklju\u010dka. Fina regulacija temperature i protoka vode je zadana. Serija fitinga TREND E prikladna je za potopne i tla\u010dne pumpe.<\/p>\n<p>&nbsp;<\/p>\n<p>Duljina: 150 mm<br \/>\nMaterijal: Plastika<br \/>\nBoja: Krom<br \/>\nPriklju\u010dak: crijevo 10 mm<br \/>\nProvrt: \u00d8 33 mm<\/p>\n","protected":false},"excerpt":{"rendered":"<p>TREND E seriju mje\u0161alica karakterizira elegantan i moderan dizajn , te kori\u0161tenje visokokvalitetne plastike za u\u0161tedu te\u017eine. Struktura serije TREND E s kerami\u010dkim ulo\u0161kom odgovara standardnom priklju\u010dku, ali je znatno lak\u0161a. \u010cvrsta mesingana upravlja\u010dka poluga i lagano plasti\u010dno tijelo armature idealno se nadopunjuju. Ako je potrebno, kerami\u010dki ulo\u017eak se mo\u017ee promijeniti bez skidanja priklju\u010dka. Fina [&hellip;]<\/p>\n","protected":false},"featured_media":15424,"comment_status":"open","ping_status":"closed","template":"","meta":{"_acf_changed":false,"_themeisle_gutenberg_block_has_review":false},"product_brand":[],"product_cat":[289,286],"product_tag":[],"class_list":{"0":"post-19428","1":"product","2":"type-product","3":"status-publish","4":"has-post-thumbnail","6":"product_cat-pipe-mjesalice-en","7":"product_cat-water-sanitary-en","9":"first","10":"instock","11":"shipping-taxable","12":"purchasable","13":"product-type-simple"},"acf":[],"yoast_head":"<!-- This site is optimized with the Yoast SEO plugin v27.3 - https:\/\/yoast.com\/product\/yoast-seo-wordpress\/ -->\n<title>Pipa - mje\u0161alica za kupaonu Trend E Reich | Petroni - rent | sale | service | conversions<\/title>\n<meta name=\"robots\" content=\"index, follow, max-snippet:-1, max-image-preview:large, max-video-preview:-1\" \/>\n<link rel=\"canonical\" href=\"https:\/\/www.petroni.hr\/en\/proizvod\/pipa-mjesalica-za-kupaonu-trend-e-reich\/\" \/>\n<meta property=\"og:locale\" content=\"en_US\" \/>\n<meta property=\"og:type\" content=\"article\" \/>\n<meta property=\"og:title\" content=\"Pipa - mje\u0161alica za kupaonu Trend E Reich | Petroni - rent | sale | service | conversions\" \/>\n<meta property=\"og:description\" content=\"TREND E seriju mje\u0161alica karakterizira elegantan i moderan dizajn , te kori\u0161tenje visokokvalitetne plastike za u\u0161tedu te\u017eine. Struktura serije TREND E s kerami\u010dkim ulo\u0161kom odgovara standardnom priklju\u010dku, ali je znatno lak\u0161a. \u010cvrsta mesingana upravlja\u010dka poluga i lagano plasti\u010dno tijelo armature idealno se nadopunjuju. Ako je potrebno, kerami\u010dki ulo\u017eak se mo\u017ee promijeniti bez skidanja priklju\u010dka. Fina [&hellip;]\" \/>\n<meta property=\"og:url\" content=\"https:\/\/www.petroni.hr\/en\/proizvod\/pipa-mjesalica-za-kupaonu-trend-e-reich\/\" \/>\n<meta property=\"og:site_name\" content=\"Petroni - rent | sale | service | conversions\" \/>\n<meta property=\"article:publisher\" content=\"https:\/\/www.facebook.com\/Kamperi.Petroni.Sesvete\/?locale=hr_HR\" \/>\n<meta property=\"article:modified_time\" content=\"2025-04-17T11:39:49+00:00\" \/>\n<meta property=\"og:image\" content=\"https:\/\/www.petroni.hr\/wp-content\/uploads\/2023\/10\/63135.jpg\" \/>\n\t<meta property=\"og:image:width\" content=\"800\" \/>\n\t<meta property=\"og:image:height\" content=\"535\" \/>\n\t<meta property=\"og:image:type\" content=\"image\/jpeg\" \/>\n<meta name=\"twitter:card\" content=\"summary_large_image\" \/>\n<meta name=\"twitter:label1\" content=\"Est. reading time\" \/>\n\t<meta name=\"twitter:data1\" content=\"1 minute\" \/>\n<script type=\"application\/ld+json\" class=\"yoast-schema-graph\">{\"@context\":\"https:\\\/\\\/schema.org\",\"@graph\":[{\"@type\":\"WebPage\",\"@id\":\"https:\\\/\\\/www.petroni.hr\\\/en\\\/proizvod\\\/pipa-mjesalica-za-kupaonu-trend-e-reich\\\/\",\"url\":\"https:\\\/\\\/www.petroni.hr\\\/en\\\/proizvod\\\/pipa-mjesalica-za-kupaonu-trend-e-reich\\\/\",\"name\":\"Pipa - mje\u0161alica za kupaonu Trend E Reich | Petroni - rent | sale | service | conversions\",\"isPartOf\":{\"@id\":\"https:\\\/\\\/www.petroni.hr\\\/en\\\/#website\"},\"primaryImageOfPage\":{\"@id\":\"https:\\\/\\\/www.petroni.hr\\\/en\\\/proizvod\\\/pipa-mjesalica-za-kupaonu-trend-e-reich\\\/#primaryimage\"},\"image\":{\"@id\":\"https:\\\/\\\/www.petroni.hr\\\/en\\\/proizvod\\\/pipa-mjesalica-za-kupaonu-trend-e-reich\\\/#primaryimage\"},\"thumbnailUrl\":\"https:\\\/\\\/www.petroni.hr\\\/wp-content\\\/uploads\\\/2023\\\/10\\\/63135.jpg\",\"datePublished\":\"2023-10-18T09:48:34+00:00\",\"dateModified\":\"2025-04-17T11:39:49+00:00\",\"breadcrumb\":{\"@id\":\"https:\\\/\\\/www.petroni.hr\\\/en\\\/proizvod\\\/pipa-mjesalica-za-kupaonu-trend-e-reich\\\/#breadcrumb\"},\"inLanguage\":\"en-US\",\"potentialAction\":[{\"@type\":\"ReadAction\",\"target\":[\"https:\\\/\\\/www.petroni.hr\\\/en\\\/proizvod\\\/pipa-mjesalica-za-kupaonu-trend-e-reich\\\/\"]}]},{\"@type\":\"ImageObject\",\"inLanguage\":\"en-US\",\"@id\":\"https:\\\/\\\/www.petroni.hr\\\/en\\\/proizvod\\\/pipa-mjesalica-za-kupaonu-trend-e-reich\\\/#primaryimage\",\"url\":\"https:\\\/\\\/www.petroni.hr\\\/wp-content\\\/uploads\\\/2023\\\/10\\\/63135.jpg\",\"contentUrl\":\"https:\\\/\\\/www.petroni.hr\\\/wp-content\\\/uploads\\\/2023\\\/10\\\/63135.jpg\",\"width\":800,\"height\":535},{\"@type\":\"BreadcrumbList\",\"@id\":\"https:\\\/\\\/www.petroni.hr\\\/en\\\/proizvod\\\/pipa-mjesalica-za-kupaonu-trend-e-reich\\\/#breadcrumb\",\"itemListElement\":[{\"@type\":\"ListItem\",\"position\":1,\"name\":\"Po\u010detna stranica\",\"item\":\"https:\\\/\\\/www.petroni.hr\\\/en\\\/\"},{\"@type\":\"ListItem\",\"position\":2,\"name\":\"Shop\",\"item\":\"https:\\\/\\\/www.petroni.hr\\\/en\\\/shop\\\/\"},{\"@type\":\"ListItem\",\"position\":3,\"name\":\"Pipa &#8211; mje\u0161alica za kupaonu Trend E Reich\"}]},{\"@type\":\"WebSite\",\"@id\":\"https:\\\/\\\/www.petroni.hr\\\/en\\\/#website\",\"url\":\"https:\\\/\\\/www.petroni.hr\\\/en\\\/\",\"name\":\"Petroni.hr\",\"description\":\"Experience the unprecedented freedom of travel\",\"publisher\":{\"@id\":\"https:\\\/\\\/www.petroni.hr\\\/en\\\/#organization\"},\"alternateName\":\"Petroni\",\"potentialAction\":[{\"@type\":\"SearchAction\",\"target\":{\"@type\":\"EntryPoint\",\"urlTemplate\":\"https:\\\/\\\/www.petroni.hr\\\/en\\\/?s={search_term_string}\"},\"query-input\":{\"@type\":\"PropertyValueSpecification\",\"valueRequired\":true,\"valueName\":\"search_term_string\"}}],\"inLanguage\":\"en-US\"},{\"@type\":\"Organization\",\"@id\":\"https:\\\/\\\/www.petroni.hr\\\/en\\\/#organization\",\"name\":\"Petroni d.o.o.\",\"alternateName\":\"Petroni\",\"url\":\"https:\\\/\\\/www.petroni.hr\\\/en\\\/\",\"logo\":{\"@type\":\"ImageObject\",\"inLanguage\":\"en-US\",\"@id\":\"https:\\\/\\\/www.petroni.hr\\\/en\\\/#\\\/schema\\\/logo\\\/image\\\/\",\"url\":\"https:\\\/\\\/www.petroni.hr\\\/wp-content\\\/uploads\\\/2024\\\/03\\\/cropped-Group-3.jpg\",\"contentUrl\":\"https:\\\/\\\/www.petroni.hr\\\/wp-content\\\/uploads\\\/2024\\\/03\\\/cropped-Group-3.jpg\",\"width\":512,\"height\":512,\"caption\":\"Petroni d.o.o.\"},\"image\":{\"@id\":\"https:\\\/\\\/www.petroni.hr\\\/en\\\/#\\\/schema\\\/logo\\\/image\\\/\"},\"sameAs\":[\"https:\\\/\\\/www.facebook.com\\\/Kamperi.Petroni.Sesvete\\\/?locale=hr_HR\"]}]}<\/script>\n<!-- \/ Yoast SEO plugin. -->","yoast_head_json":{"title":"Pipa - mje\u0161alica za kupaonu Trend E Reich | Petroni - rent | sale | service | conversions","robots":{"index":"index","follow":"follow","max-snippet":"max-snippet:-1","max-image-preview":"max-image-preview:large","max-video-preview":"max-video-preview:-1"},"canonical":"https:\/\/www.petroni.hr\/en\/proizvod\/pipa-mjesalica-za-kupaonu-trend-e-reich\/","og_locale":"en_US","og_type":"article","og_title":"Pipa - mje\u0161alica za kupaonu Trend E Reich | Petroni - rent | sale | service | conversions","og_description":"TREND E seriju mje\u0161alica karakterizira elegantan i moderan dizajn , te kori\u0161tenje visokokvalitetne plastike za u\u0161tedu te\u017eine. Struktura serije TREND E s kerami\u010dkim ulo\u0161kom odgovara standardnom priklju\u010dku, ali je znatno lak\u0161a. \u010cvrsta mesingana upravlja\u010dka poluga i lagano plasti\u010dno tijelo armature idealno se nadopunjuju. Ako je potrebno, kerami\u010dki ulo\u017eak se mo\u017ee promijeniti bez skidanja priklju\u010dka. Fina [&hellip;]","og_url":"https:\/\/www.petroni.hr\/en\/proizvod\/pipa-mjesalica-za-kupaonu-trend-e-reich\/","og_site_name":"Petroni - rent | sale | service | conversions","article_publisher":"https:\/\/www.facebook.com\/Kamperi.Petroni.Sesvete\/?locale=hr_HR","article_modified_time":"2025-04-17T11:39:49+00:00","og_image":[{"width":800,"height":535,"url":"https:\/\/www.petroni.hr\/wp-content\/uploads\/2023\/10\/63135.jpg","type":"image\/jpeg"}],"twitter_card":"summary_large_image","twitter_misc":{"Est. reading time":"1 minute"},"schema":{"@context":"https:\/\/schema.org","@graph":[{"@type":"WebPage","@id":"https:\/\/www.petroni.hr\/en\/proizvod\/pipa-mjesalica-za-kupaonu-trend-e-reich\/","url":"https:\/\/www.petroni.hr\/en\/proizvod\/pipa-mjesalica-za-kupaonu-trend-e-reich\/","name":"Pipa - mje\u0161alica za kupaonu Trend E Reich | Petroni - rent | sale | service | conversions","isPartOf":{"@id":"https:\/\/www.petroni.hr\/en\/#website"},"primaryImageOfPage":{"@id":"https:\/\/www.petroni.hr\/en\/proizvod\/pipa-mjesalica-za-kupaonu-trend-e-reich\/#primaryimage"},"image":{"@id":"https:\/\/www.petroni.hr\/en\/proizvod\/pipa-mjesalica-za-kupaonu-trend-e-reich\/#primaryimage"},"thumbnailUrl":"https:\/\/www.petroni.hr\/wp-content\/uploads\/2023\/10\/63135.jpg","datePublished":"2023-10-18T09:48:34+00:00","dateModified":"2025-04-17T11:39:49+00:00","breadcrumb":{"@id":"https:\/\/www.petroni.hr\/en\/proizvod\/pipa-mjesalica-za-kupaonu-trend-e-reich\/#breadcrumb"},"inLanguage":"en-US","potentialAction":[{"@type":"ReadAction","target":["https:\/\/www.petroni.hr\/en\/proizvod\/pipa-mjesalica-za-kupaonu-trend-e-reich\/"]}]},{"@type":"ImageObject","inLanguage":"en-US","@id":"https:\/\/www.petroni.hr\/en\/proizvod\/pipa-mjesalica-za-kupaonu-trend-e-reich\/#primaryimage","url":"https:\/\/www.petroni.hr\/wp-content\/uploads\/2023\/10\/63135.jpg","contentUrl":"https:\/\/www.petroni.hr\/wp-content\/uploads\/2023\/10\/63135.jpg","width":800,"height":535},{"@type":"BreadcrumbList","@id":"https:\/\/www.petroni.hr\/en\/proizvod\/pipa-mjesalica-za-kupaonu-trend-e-reich\/#breadcrumb","itemListElement":[{"@type":"ListItem","position":1,"name":"Po\u010detna stranica","item":"https:\/\/www.petroni.hr\/en\/"},{"@type":"ListItem","position":2,"name":"Shop","item":"https:\/\/www.petroni.hr\/en\/shop\/"},{"@type":"ListItem","position":3,"name":"Pipa &#8211; mje\u0161alica za kupaonu Trend E Reich"}]},{"@type":"WebSite","@id":"https:\/\/www.petroni.hr\/en\/#website","url":"https:\/\/www.petroni.hr\/en\/","name":"Petroni.hr","description":"Experience the unprecedented freedom of travel","publisher":{"@id":"https:\/\/www.petroni.hr\/en\/#organization"},"alternateName":"Petroni","potentialAction":[{"@type":"SearchAction","target":{"@type":"EntryPoint","urlTemplate":"https:\/\/www.petroni.hr\/en\/?s={search_term_string}"},"query-input":{"@type":"PropertyValueSpecification","valueRequired":true,"valueName":"search_term_string"}}],"inLanguage":"en-US"},{"@type":"Organization","@id":"https:\/\/www.petroni.hr\/en\/#organization","name":"Petroni d.o.o.","alternateName":"Petroni","url":"https:\/\/www.petroni.hr\/en\/","logo":{"@type":"ImageObject","inLanguage":"en-US","@id":"https:\/\/www.petroni.hr\/en\/#\/schema\/logo\/image\/","url":"https:\/\/www.petroni.hr\/wp-content\/uploads\/2024\/03\/cropped-Group-3.jpg","contentUrl":"https:\/\/www.petroni.hr\/wp-content\/uploads\/2024\/03\/cropped-Group-3.jpg","width":512,"height":512,"caption":"Petroni d.o.o."},"image":{"@id":"https:\/\/www.petroni.hr\/en\/#\/schema\/logo\/image\/"},"sameAs":["https:\/\/www.facebook.com\/Kamperi.Petroni.Sesvete\/?locale=hr_HR"]}]}},"_links":{"self":[{"href":"https:\/\/www.petroni.hr\/en\/wp-json\/wp\/v2\/product\/19428","targetHints":{"allow":["GET"]}}],"collection":[{"href":"https:\/\/www.petroni.hr\/en\/wp-json\/wp\/v2\/product"}],"about":[{"href":"https:\/\/www.petroni.hr\/en\/wp-json\/wp\/v2\/types\/product"}],"replies":[{"embeddable":true,"href":"https:\/\/www.petroni.hr\/en\/wp-json\/wp\/v2\/comments?post=19428"}],"wp:featuredmedia":[{"embeddable":true,"href":"https:\/\/www.petroni.hr\/en\/wp-json\/wp\/v2\/media\/15424"}],"wp:attachment":[{"href":"https:\/\/www.petroni.hr\/en\/wp-json\/wp\/v2\/media?parent=19428"}],"wp:term":[{"taxonomy":"product_brand","embeddable":true,"href":"https:\/\/www.petroni.hr\/en\/wp-json\/wp\/v2\/product_brand?post=19428"},{"taxonomy":"product_cat","embeddable":true,"href":"https:\/\/www.petroni.hr\/en\/wp-json\/wp\/v2\/product_cat?post=19428"},{"taxonomy":"product_tag","embeddable":true,"href":"https:\/\/www.petroni.hr\/en\/wp-json\/wp\/v2\/product_tag?post=19428"}],"curies":[{"name":"wp","href":"https:\/\/api.w.org\/{rel}","templated":true}]}}