{"id":19421,"date":"2023-11-12T09:41:26","date_gmt":"2023-11-12T08:41:26","guid":{"rendered":"https:\/\/www.petroni.hr\/proizvod\/stepenica-ulazna-thule-g2-700mm-za-fiat-ducato-06\/"},"modified":"2025-08-23T14:32:01","modified_gmt":"2025-08-23T13:32:01","slug":"stepenica-ulazna-thule-g2-700mm-za-fiat-ducato-06","status":"publish","type":"product","link":"https:\/\/www.petroni.hr\/en\/proizvod\/stepenica-ulazna-thule-g2-700mm-za-fiat-ducato-06\/","title":{"rendered":"Stepenica ulazna Thule G2 700mm za Fiat Ducato"},"content":{"rendered":"<p>Ulazne stepenice Thule Slide-Out G2 za Fiat Ducato (prikladno i za Ducato 8 od 09\/2021), Citroen Jumper, Peugeot Boxer Euro 6D.<\/p>\n<p>&nbsp;<\/p>\n<p>Ostale specifikacije:<\/p>\n<p>Prema\u0161uje europski standard optere\u0107enja 2001\/85\/EC (RV DIN EN 1646-1). Pametna i stabilna instalacija, jednostavno ru\u010dno zaklju\u010davanje bez alata u slu\u010daju nestanka struje.<\/p>\n<p>U skladu s EC standardom 74\/485\/EEG: nema o\u0161trih rubova na prednjoj strani.<\/p>\n<p>Patentirani izlaz za kabel + kuka za ve\u0107u za\u0161titu i fleksibilnost tijekom instalacije.<\/p>\n<p>Bolja za\u0161tita od infiltracije pra\u0161ine: integrirane \u010detke, izlaz za kabel, profil usana.<\/p>\n<p>Prekida\u010d za spajanje dodatne lampice upozorenja ili releja u vozilu je standardno uklju\u010den, tako da vo\u017enja s izvu\u010denom stepenicom nije mogu\u0107a. U skladu s EMC i CE standardima.<\/p>\n<p>&nbsp;<\/p>\n<p>\u0160irina\u00a0 700 mm<br \/>\nUkupna \u0161irina 752 mm<br \/>\n\u0160irina koraka 707 mm<br \/>\nNapon\u00a0 12V<br \/>\nNosivost 200kg<br \/>\nTe\u017eina 8,5 kg<br \/>\nBoja &#8211; metal<\/p>\n<p>&nbsp;<\/p>\n","protected":false},"excerpt":{"rendered":"<p>Ulazne stepenice Thule Slide-Out G2 za Fiat Ducato (prikladno i za Ducato 8 od 09\/2021), Citroen Jumper, Peugeot Boxer Euro 6D. &nbsp; Ostale specifikacije: Prema\u0161uje europski standard optere\u0107enja 2001\/85\/EC (RV DIN EN 1646-1). Pametna i stabilna instalacija, jednostavno ru\u010dno zaklju\u010davanje bez alata u slu\u010daju nestanka struje. U skladu s EC standardom 74\/485\/EEG: nema o\u0161trih rubova [&hellip;]<\/p>\n","protected":false},"featured_media":15460,"comment_status":"open","ping_status":"closed","template":"","meta":{"_acf_changed":false,"_themeisle_gutenberg_block_has_review":false},"product_brand":[],"product_cat":[273,292],"product_tag":[],"class_list":{"0":"post-19421","1":"product","2":"type-product","3":"status-publish","4":"has-post-thumbnail","6":"product_cat-camping-furniture-en","7":"product_cat-stepenice-camping-furniture-en","8":"product_shipping_class-potrebno-osobno-preuzimanje-u-trgovini","10":"first","11":"outofstock","12":"shipping-taxable","13":"purchasable","14":"product-type-simple"},"acf":[],"yoast_head":"<!-- This site is optimized with the Yoast SEO plugin v27.4 - https:\/\/yoast.com\/product\/yoast-seo-wordpress\/ -->\n<title>Stepenica ulazna Thule G2 700mm za Fiat Ducato | Petroni - rent | sale | service | conversions<\/title>\n<meta name=\"robots\" content=\"index, follow, max-snippet:-1, max-image-preview:large, max-video-preview:-1\" \/>\n<link rel=\"canonical\" href=\"https:\/\/www.petroni.hr\/en\/proizvod\/stepenica-ulazna-thule-g2-700mm-za-fiat-ducato-06\/\" \/>\n<meta property=\"og:locale\" content=\"en_US\" \/>\n<meta property=\"og:type\" content=\"article\" \/>\n<meta property=\"og:title\" content=\"Stepenica ulazna Thule G2 700mm za Fiat Ducato | Petroni - rent | sale | service | conversions\" \/>\n<meta property=\"og:description\" content=\"Ulazne stepenice Thule Slide-Out G2 za Fiat Ducato (prikladno i za Ducato 8 od 09\/2021), Citroen Jumper, Peugeot Boxer Euro 6D. &nbsp; Ostale specifikacije: Prema\u0161uje europski standard optere\u0107enja 2001\/85\/EC (RV DIN EN 1646-1). Pametna i stabilna instalacija, jednostavno ru\u010dno zaklju\u010davanje bez alata u slu\u010daju nestanka struje. U skladu s EC standardom 74\/485\/EEG: nema o\u0161trih rubova [&hellip;]\" \/>\n<meta property=\"og:url\" content=\"https:\/\/www.petroni.hr\/en\/proizvod\/stepenica-ulazna-thule-g2-700mm-za-fiat-ducato-06\/\" \/>\n<meta property=\"og:site_name\" content=\"Petroni - rent | sale | service | conversions\" \/>\n<meta property=\"article:publisher\" content=\"https:\/\/www.facebook.com\/Kamperi.Petroni.Sesvete\/?locale=hr_HR\" \/>\n<meta property=\"article:modified_time\" content=\"2025-08-23T13:32:01+00:00\" \/>\n<meta property=\"og:image\" content=\"https:\/\/www.petroni.hr\/wp-content\/uploads\/2023\/11\/M912145.jpg\" \/>\n\t<meta property=\"og:image:width\" content=\"800\" \/>\n\t<meta property=\"og:image:height\" content=\"500\" \/>\n\t<meta property=\"og:image:type\" content=\"image\/jpeg\" \/>\n<meta name=\"twitter:card\" content=\"summary_large_image\" \/>\n<meta name=\"twitter:label1\" content=\"Est. reading time\" \/>\n\t<meta name=\"twitter:data1\" content=\"1 minute\" \/>\n<script type=\"application\/ld+json\" class=\"yoast-schema-graph\">{\"@context\":\"https:\\\/\\\/schema.org\",\"@graph\":[{\"@type\":\"WebPage\",\"@id\":\"https:\\\/\\\/www.petroni.hr\\\/en\\\/proizvod\\\/stepenica-ulazna-thule-g2-700mm-za-fiat-ducato-06\\\/\",\"url\":\"https:\\\/\\\/www.petroni.hr\\\/en\\\/proizvod\\\/stepenica-ulazna-thule-g2-700mm-za-fiat-ducato-06\\\/\",\"name\":\"Stepenica ulazna Thule G2 700mm za Fiat Ducato | Petroni - rent | sale | service | conversions\",\"isPartOf\":{\"@id\":\"https:\\\/\\\/www.petroni.hr\\\/en\\\/#website\"},\"primaryImageOfPage\":{\"@id\":\"https:\\\/\\\/www.petroni.hr\\\/en\\\/proizvod\\\/stepenica-ulazna-thule-g2-700mm-za-fiat-ducato-06\\\/#primaryimage\"},\"image\":{\"@id\":\"https:\\\/\\\/www.petroni.hr\\\/en\\\/proizvod\\\/stepenica-ulazna-thule-g2-700mm-za-fiat-ducato-06\\\/#primaryimage\"},\"thumbnailUrl\":\"https:\\\/\\\/www.petroni.hr\\\/wp-content\\\/uploads\\\/2023\\\/11\\\/M912145.jpg\",\"datePublished\":\"2023-11-12T08:41:26+00:00\",\"dateModified\":\"2025-08-23T13:32:01+00:00\",\"breadcrumb\":{\"@id\":\"https:\\\/\\\/www.petroni.hr\\\/en\\\/proizvod\\\/stepenica-ulazna-thule-g2-700mm-za-fiat-ducato-06\\\/#breadcrumb\"},\"inLanguage\":\"en-US\",\"potentialAction\":[{\"@type\":\"ReadAction\",\"target\":[\"https:\\\/\\\/www.petroni.hr\\\/en\\\/proizvod\\\/stepenica-ulazna-thule-g2-700mm-za-fiat-ducato-06\\\/\"]}]},{\"@type\":\"ImageObject\",\"inLanguage\":\"en-US\",\"@id\":\"https:\\\/\\\/www.petroni.hr\\\/en\\\/proizvod\\\/stepenica-ulazna-thule-g2-700mm-za-fiat-ducato-06\\\/#primaryimage\",\"url\":\"https:\\\/\\\/www.petroni.hr\\\/wp-content\\\/uploads\\\/2023\\\/11\\\/M912145.jpg\",\"contentUrl\":\"https:\\\/\\\/www.petroni.hr\\\/wp-content\\\/uploads\\\/2023\\\/11\\\/M912145.jpg\",\"width\":800,\"height\":500},{\"@type\":\"BreadcrumbList\",\"@id\":\"https:\\\/\\\/www.petroni.hr\\\/en\\\/proizvod\\\/stepenica-ulazna-thule-g2-700mm-za-fiat-ducato-06\\\/#breadcrumb\",\"itemListElement\":[{\"@type\":\"ListItem\",\"position\":1,\"name\":\"Po\u010detna stranica\",\"item\":\"https:\\\/\\\/www.petroni.hr\\\/en\\\/\"},{\"@type\":\"ListItem\",\"position\":2,\"name\":\"Shop\",\"item\":\"https:\\\/\\\/www.petroni.hr\\\/en\\\/shop\\\/\"},{\"@type\":\"ListItem\",\"position\":3,\"name\":\"Stepenica ulazna Thule G2 700mm za Fiat Ducato\"}]},{\"@type\":\"WebSite\",\"@id\":\"https:\\\/\\\/www.petroni.hr\\\/en\\\/#website\",\"url\":\"https:\\\/\\\/www.petroni.hr\\\/en\\\/\",\"name\":\"Petroni.hr\",\"description\":\"Experience the unprecedented freedom of travel\",\"publisher\":{\"@id\":\"https:\\\/\\\/www.petroni.hr\\\/en\\\/#organization\"},\"alternateName\":\"Petroni\",\"potentialAction\":[{\"@type\":\"SearchAction\",\"target\":{\"@type\":\"EntryPoint\",\"urlTemplate\":\"https:\\\/\\\/www.petroni.hr\\\/en\\\/?s={search_term_string}\"},\"query-input\":{\"@type\":\"PropertyValueSpecification\",\"valueRequired\":true,\"valueName\":\"search_term_string\"}}],\"inLanguage\":\"en-US\"},{\"@type\":\"Organization\",\"@id\":\"https:\\\/\\\/www.petroni.hr\\\/en\\\/#organization\",\"name\":\"Petroni d.o.o.\",\"alternateName\":\"Petroni\",\"url\":\"https:\\\/\\\/www.petroni.hr\\\/en\\\/\",\"logo\":{\"@type\":\"ImageObject\",\"inLanguage\":\"en-US\",\"@id\":\"https:\\\/\\\/www.petroni.hr\\\/en\\\/#\\\/schema\\\/logo\\\/image\\\/\",\"url\":\"https:\\\/\\\/www.petroni.hr\\\/wp-content\\\/uploads\\\/2024\\\/03\\\/cropped-Group-3.jpg\",\"contentUrl\":\"https:\\\/\\\/www.petroni.hr\\\/wp-content\\\/uploads\\\/2024\\\/03\\\/cropped-Group-3.jpg\",\"width\":512,\"height\":512,\"caption\":\"Petroni d.o.o.\"},\"image\":{\"@id\":\"https:\\\/\\\/www.petroni.hr\\\/en\\\/#\\\/schema\\\/logo\\\/image\\\/\"},\"sameAs\":[\"https:\\\/\\\/www.facebook.com\\\/Kamperi.Petroni.Sesvete\\\/?locale=hr_HR\"]}]}<\/script>\n<!-- \/ Yoast SEO plugin. -->","yoast_head_json":{"title":"Stepenica ulazna Thule G2 700mm za Fiat Ducato | Petroni - rent | sale | service | conversions","robots":{"index":"index","follow":"follow","max-snippet":"max-snippet:-1","max-image-preview":"max-image-preview:large","max-video-preview":"max-video-preview:-1"},"canonical":"https:\/\/www.petroni.hr\/en\/proizvod\/stepenica-ulazna-thule-g2-700mm-za-fiat-ducato-06\/","og_locale":"en_US","og_type":"article","og_title":"Stepenica ulazna Thule G2 700mm za Fiat Ducato | Petroni - rent | sale | service | conversions","og_description":"Ulazne stepenice Thule Slide-Out G2 za Fiat Ducato (prikladno i za Ducato 8 od 09\/2021), Citroen Jumper, Peugeot Boxer Euro 6D. &nbsp; Ostale specifikacije: Prema\u0161uje europski standard optere\u0107enja 2001\/85\/EC (RV DIN EN 1646-1). Pametna i stabilna instalacija, jednostavno ru\u010dno zaklju\u010davanje bez alata u slu\u010daju nestanka struje. U skladu s EC standardom 74\/485\/EEG: nema o\u0161trih rubova [&hellip;]","og_url":"https:\/\/www.petroni.hr\/en\/proizvod\/stepenica-ulazna-thule-g2-700mm-za-fiat-ducato-06\/","og_site_name":"Petroni - rent | sale | service | conversions","article_publisher":"https:\/\/www.facebook.com\/Kamperi.Petroni.Sesvete\/?locale=hr_HR","article_modified_time":"2025-08-23T13:32:01+00:00","og_image":[{"width":800,"height":500,"url":"https:\/\/www.petroni.hr\/wp-content\/uploads\/2023\/11\/M912145.jpg","type":"image\/jpeg"}],"twitter_card":"summary_large_image","twitter_misc":{"Est. reading time":"1 minute"},"schema":{"@context":"https:\/\/schema.org","@graph":[{"@type":"WebPage","@id":"https:\/\/www.petroni.hr\/en\/proizvod\/stepenica-ulazna-thule-g2-700mm-za-fiat-ducato-06\/","url":"https:\/\/www.petroni.hr\/en\/proizvod\/stepenica-ulazna-thule-g2-700mm-za-fiat-ducato-06\/","name":"Stepenica ulazna Thule G2 700mm za Fiat Ducato | Petroni - rent | sale | service | conversions","isPartOf":{"@id":"https:\/\/www.petroni.hr\/en\/#website"},"primaryImageOfPage":{"@id":"https:\/\/www.petroni.hr\/en\/proizvod\/stepenica-ulazna-thule-g2-700mm-za-fiat-ducato-06\/#primaryimage"},"image":{"@id":"https:\/\/www.petroni.hr\/en\/proizvod\/stepenica-ulazna-thule-g2-700mm-za-fiat-ducato-06\/#primaryimage"},"thumbnailUrl":"https:\/\/www.petroni.hr\/wp-content\/uploads\/2023\/11\/M912145.jpg","datePublished":"2023-11-12T08:41:26+00:00","dateModified":"2025-08-23T13:32:01+00:00","breadcrumb":{"@id":"https:\/\/www.petroni.hr\/en\/proizvod\/stepenica-ulazna-thule-g2-700mm-za-fiat-ducato-06\/#breadcrumb"},"inLanguage":"en-US","potentialAction":[{"@type":"ReadAction","target":["https:\/\/www.petroni.hr\/en\/proizvod\/stepenica-ulazna-thule-g2-700mm-za-fiat-ducato-06\/"]}]},{"@type":"ImageObject","inLanguage":"en-US","@id":"https:\/\/www.petroni.hr\/en\/proizvod\/stepenica-ulazna-thule-g2-700mm-za-fiat-ducato-06\/#primaryimage","url":"https:\/\/www.petroni.hr\/wp-content\/uploads\/2023\/11\/M912145.jpg","contentUrl":"https:\/\/www.petroni.hr\/wp-content\/uploads\/2023\/11\/M912145.jpg","width":800,"height":500},{"@type":"BreadcrumbList","@id":"https:\/\/www.petroni.hr\/en\/proizvod\/stepenica-ulazna-thule-g2-700mm-za-fiat-ducato-06\/#breadcrumb","itemListElement":[{"@type":"ListItem","position":1,"name":"Po\u010detna stranica","item":"https:\/\/www.petroni.hr\/en\/"},{"@type":"ListItem","position":2,"name":"Shop","item":"https:\/\/www.petroni.hr\/en\/shop\/"},{"@type":"ListItem","position":3,"name":"Stepenica ulazna Thule G2 700mm za Fiat Ducato"}]},{"@type":"WebSite","@id":"https:\/\/www.petroni.hr\/en\/#website","url":"https:\/\/www.petroni.hr\/en\/","name":"Petroni.hr","description":"Experience the unprecedented freedom of travel","publisher":{"@id":"https:\/\/www.petroni.hr\/en\/#organization"},"alternateName":"Petroni","potentialAction":[{"@type":"SearchAction","target":{"@type":"EntryPoint","urlTemplate":"https:\/\/www.petroni.hr\/en\/?s={search_term_string}"},"query-input":{"@type":"PropertyValueSpecification","valueRequired":true,"valueName":"search_term_string"}}],"inLanguage":"en-US"},{"@type":"Organization","@id":"https:\/\/www.petroni.hr\/en\/#organization","name":"Petroni d.o.o.","alternateName":"Petroni","url":"https:\/\/www.petroni.hr\/en\/","logo":{"@type":"ImageObject","inLanguage":"en-US","@id":"https:\/\/www.petroni.hr\/en\/#\/schema\/logo\/image\/","url":"https:\/\/www.petroni.hr\/wp-content\/uploads\/2024\/03\/cropped-Group-3.jpg","contentUrl":"https:\/\/www.petroni.hr\/wp-content\/uploads\/2024\/03\/cropped-Group-3.jpg","width":512,"height":512,"caption":"Petroni d.o.o."},"image":{"@id":"https:\/\/www.petroni.hr\/en\/#\/schema\/logo\/image\/"},"sameAs":["https:\/\/www.facebook.com\/Kamperi.Petroni.Sesvete\/?locale=hr_HR"]}]}},"_links":{"self":[{"href":"https:\/\/www.petroni.hr\/en\/wp-json\/wp\/v2\/product\/19421","targetHints":{"allow":["GET"]}}],"collection":[{"href":"https:\/\/www.petroni.hr\/en\/wp-json\/wp\/v2\/product"}],"about":[{"href":"https:\/\/www.petroni.hr\/en\/wp-json\/wp\/v2\/types\/product"}],"replies":[{"embeddable":true,"href":"https:\/\/www.petroni.hr\/en\/wp-json\/wp\/v2\/comments?post=19421"}],"wp:featuredmedia":[{"embeddable":true,"href":"https:\/\/www.petroni.hr\/en\/wp-json\/wp\/v2\/media\/15460"}],"wp:attachment":[{"href":"https:\/\/www.petroni.hr\/en\/wp-json\/wp\/v2\/media?parent=19421"}],"wp:term":[{"taxonomy":"product_brand","embeddable":true,"href":"https:\/\/www.petroni.hr\/en\/wp-json\/wp\/v2\/product_brand?post=19421"},{"taxonomy":"product_cat","embeddable":true,"href":"https:\/\/www.petroni.hr\/en\/wp-json\/wp\/v2\/product_cat?post=19421"},{"taxonomy":"product_tag","embeddable":true,"href":"https:\/\/www.petroni.hr\/en\/wp-json\/wp\/v2\/product_tag?post=19421"}],"curies":[{"name":"wp","href":"https:\/\/api.w.org\/{rel}","templated":true}]}}