{"id":19418,"date":"2023-12-18T09:46:54","date_gmt":"2023-12-18T08:46:54","guid":{"rendered":"https:\/\/www.petroni.hr\/proizvod\/klima-uredaj-sr-mecatronic-crw22-premium-22kw\/"},"modified":"2026-03-03T09:18:15","modified_gmt":"2026-03-03T08:18:15","slug":"klima-uredaj-sr-mecatronic-crw22-premium-22kw","status":"publish","type":"product","link":"https:\/\/www.petroni.hr\/en\/proizvod\/klima-uredaj-sr-mecatronic-crw22-premium-22kw\/","title":{"rendered":"Klima ure\u0111aj SR Mecatronic CRW22 Premium 2200W"},"content":{"rendered":"<p>Jedan od najkompaktnijih i najlak\u0161ih krovnih klima ure\u0111aja na tr\u017ei\u0161tu elegantnog dizajna, proizveden u Italiji.<\/p>\n<p>Iznimno tanak razdjelnik zraka s neizravnim ambijentalnim osvjetljenjem<br \/>\nRazdjelnikom zraka mo\u017ee se upravljati preko zaslona osjetljivog na dodir ili daljinskog upravlja\u010da<br \/>\nTestirano na 45\u00b0C u klima komori<br \/>\nElegantan i moderan dizajn &#8211; 100% proizvedeno u Italiji<br \/>\nS funkcijom grijanja (2 otpornika)<br \/>\nUV-C LED filter<br \/>\nInovativni materijali za toplinsku izolaciju i visokokvalitetna plastika<br \/>\nDifuzori i letvice funkcionalnog i sofisticiranog dizajna za jo\u0161 homogeniju i ugodniju distribuciju zraka<br \/>\nTipkovnica s kapacitivnim tipkama i osvijetljenim zaslonom<br \/>\nMogu\u0107nost daljinskog upravljanja putem aplikacije<\/p>\n<p>&nbsp;<\/p>\n<p>Zahvaljuju\u0107i ravnom dizajnu i sna\u017enoj jedinici, idealan je za sve kampere i kamp prikolice. Zbog malih dimenzija klima ure\u0111aj SR-MECair mo\u017ee se ugraditi i na kombije. Ultra-tanka unutarnja jedinica jedna je od naju\u017eih u svojoj klasi, a upravlja se preko zaslona osjetljivog na dodir ili prilo\u017eenog daljinskog upravlja\u010da. Testirani na 45\u00b0C u klimatskoj komori, klimatizacijski sustavi nude svje\u017eu i \u010dak odvla\u017eenu izmjenu zraka, \u010dak i u najtoplijim regijama. Pozadinsko osvjetljenje pru\u017ea ugodno ambijentalno osvjetljenje. Zahvaljuju\u0107i materijalima, krovni klima ure\u0111aj SR-MECair je lagan, ali nudi visoku toplinsku i zvu\u010dnu izolaciju.<\/p>\n<p>&nbsp;<\/p>\n<p>Ostale specifikacije:<\/p>\n<p>Radna temperatura: -36\u00b0 +65\u00b0<br \/>\nTe\u017eina difuzora: 2,2 kg<br \/>\nIzlazna struja: 28 A<br \/>\nIzlazna snaga: 6440W<\/p>\n<p>Potro\u0161nja kod hla\u0111enja : 966 W \/ 4,2A<\/p>\n<p>Kapacitet hla\u0111enja &#8211; 7165BTU<br \/>\nSnaga grijanja: 1700 W<\/p>\n<p>Ulazni napon: 230V<br \/>\nFrekvencija: 50Hz<br \/>\nNazivna struja (A) kapacitet hla\u0111enja: 4,2 A<br \/>\nNazivna struja (A) toplinski u\u010dinak: 7,3 A<br \/>\nVanjska \u0161irina: 53,9 cm<br \/>\nVanjske mjere du\u017eina: 76,9 cm<br \/>\nVanjska visina: 23,9 cm<br \/>\n\u0160irina razdjelnika zraka: 485 mm<br \/>\nDimenzije razdjelnika zraka duljina: 485 mm<br \/>\nVisina razdjelnika zraka: 35 mm<br \/>\nBoja: bijela\/crna<br \/>\nTe\u017eina: 23,5 kg<\/p>\n<p>&nbsp;<\/p>\n","protected":false},"excerpt":{"rendered":"<p>Jedan od najkompaktnijih i najlak\u0161ih krovnih klima ure\u0111aja na tr\u017ei\u0161tu elegantnog dizajna, proizveden u Italiji. Iznimno tanak razdjelnik zraka s neizravnim ambijentalnim osvjetljenjem Razdjelnikom zraka mo\u017ee se upravljati preko zaslona osjetljivog na dodir ili daljinskog upravlja\u010da Testirano na 45\u00b0C u klima komori Elegantan i moderan dizajn &#8211; 100% proizvedeno u Italiji S funkcijom grijanja (2 [&hellip;]<\/p>\n","protected":false},"featured_media":15534,"comment_status":"open","ping_status":"closed","template":"","meta":{"_acf_changed":false,"_themeisle_gutenberg_block_has_review":false},"product_brand":[],"product_cat":[301,277,326],"product_tag":[],"class_list":{"0":"post-19418","1":"product","2":"type-product","3":"status-publish","4":"has-post-thumbnail","6":"product_cat-air-condition-en","7":"product_cat-cooling-climate-heating-en","8":"product_cat-sale","9":"product_shipping_class-potrebno-osobno-preuzimanje-u-trgovini","11":"first","12":"instock","13":"sale","14":"shipping-taxable","15":"purchasable","16":"product-type-simple"},"acf":[],"yoast_head":"<!-- This site is optimized with the Yoast SEO plugin v27.4 - https:\/\/yoast.com\/product\/yoast-seo-wordpress\/ -->\n<title>Klima ure\u0111aj SR Mecatronic CRW22 Premium 2200W | Petroni - rent | sale | service | conversions<\/title>\n<meta name=\"robots\" content=\"index, follow, max-snippet:-1, max-image-preview:large, max-video-preview:-1\" \/>\n<link rel=\"canonical\" href=\"https:\/\/www.petroni.hr\/en\/proizvod\/klima-uredaj-sr-mecatronic-crw22-premium-22kw\/\" \/>\n<meta property=\"og:locale\" content=\"en_US\" \/>\n<meta property=\"og:type\" content=\"article\" \/>\n<meta property=\"og:title\" content=\"Klima ure\u0111aj SR Mecatronic CRW22 Premium 2200W | Petroni - rent | sale | service | conversions\" \/>\n<meta property=\"og:description\" content=\"Jedan od najkompaktnijih i najlak\u0161ih krovnih klima ure\u0111aja na tr\u017ei\u0161tu elegantnog dizajna, proizveden u Italiji. Iznimno tanak razdjelnik zraka s neizravnim ambijentalnim osvjetljenjem Razdjelnikom zraka mo\u017ee se upravljati preko zaslona osjetljivog na dodir ili daljinskog upravlja\u010da Testirano na 45\u00b0C u klima komori Elegantan i moderan dizajn &#8211; 100% proizvedeno u Italiji S funkcijom grijanja (2 [&hellip;]\" \/>\n<meta property=\"og:url\" content=\"https:\/\/www.petroni.hr\/en\/proizvod\/klima-uredaj-sr-mecatronic-crw22-premium-22kw\/\" \/>\n<meta property=\"og:site_name\" content=\"Petroni - rent | sale | service | conversions\" \/>\n<meta property=\"article:publisher\" content=\"https:\/\/www.facebook.com\/Kamperi.Petroni.Sesvete\/?locale=hr_HR\" \/>\n<meta property=\"article:modified_time\" content=\"2026-03-03T08:18:15+00:00\" \/>\n<meta property=\"og:image\" content=\"https:\/\/www.petroni.hr\/wp-content\/uploads\/2023\/12\/495087-Klima-uredaj-za-kamper-SR-Mecatronic-CRW22-premium.jpg\" \/>\n\t<meta property=\"og:image:width\" content=\"800\" \/>\n\t<meta property=\"og:image:height\" content=\"395\" \/>\n\t<meta property=\"og:image:type\" content=\"image\/jpeg\" \/>\n<meta name=\"twitter:card\" content=\"summary_large_image\" \/>\n<meta name=\"twitter:label1\" content=\"Est. reading time\" \/>\n\t<meta name=\"twitter:data1\" content=\"2 minutes\" \/>\n<script type=\"application\/ld+json\" class=\"yoast-schema-graph\">{\"@context\":\"https:\\\/\\\/schema.org\",\"@graph\":[{\"@type\":\"WebPage\",\"@id\":\"https:\\\/\\\/www.petroni.hr\\\/en\\\/proizvod\\\/klima-uredaj-sr-mecatronic-crw22-premium-22kw\\\/\",\"url\":\"https:\\\/\\\/www.petroni.hr\\\/en\\\/proizvod\\\/klima-uredaj-sr-mecatronic-crw22-premium-22kw\\\/\",\"name\":\"Klima ure\u0111aj SR Mecatronic CRW22 Premium 2200W | Petroni - rent | sale | service | conversions\",\"isPartOf\":{\"@id\":\"https:\\\/\\\/www.petroni.hr\\\/en\\\/#website\"},\"primaryImageOfPage\":{\"@id\":\"https:\\\/\\\/www.petroni.hr\\\/en\\\/proizvod\\\/klima-uredaj-sr-mecatronic-crw22-premium-22kw\\\/#primaryimage\"},\"image\":{\"@id\":\"https:\\\/\\\/www.petroni.hr\\\/en\\\/proizvod\\\/klima-uredaj-sr-mecatronic-crw22-premium-22kw\\\/#primaryimage\"},\"thumbnailUrl\":\"https:\\\/\\\/www.petroni.hr\\\/wp-content\\\/uploads\\\/2023\\\/12\\\/495087-Klima-uredaj-za-kamper-SR-Mecatronic-CRW22-premium.jpg\",\"datePublished\":\"2023-12-18T08:46:54+00:00\",\"dateModified\":\"2026-03-03T08:18:15+00:00\",\"breadcrumb\":{\"@id\":\"https:\\\/\\\/www.petroni.hr\\\/en\\\/proizvod\\\/klima-uredaj-sr-mecatronic-crw22-premium-22kw\\\/#breadcrumb\"},\"inLanguage\":\"en-US\",\"potentialAction\":[{\"@type\":\"ReadAction\",\"target\":[\"https:\\\/\\\/www.petroni.hr\\\/en\\\/proizvod\\\/klima-uredaj-sr-mecatronic-crw22-premium-22kw\\\/\"]}]},{\"@type\":\"ImageObject\",\"inLanguage\":\"en-US\",\"@id\":\"https:\\\/\\\/www.petroni.hr\\\/en\\\/proizvod\\\/klima-uredaj-sr-mecatronic-crw22-premium-22kw\\\/#primaryimage\",\"url\":\"https:\\\/\\\/www.petroni.hr\\\/wp-content\\\/uploads\\\/2023\\\/12\\\/495087-Klima-uredaj-za-kamper-SR-Mecatronic-CRW22-premium.jpg\",\"contentUrl\":\"https:\\\/\\\/www.petroni.hr\\\/wp-content\\\/uploads\\\/2023\\\/12\\\/495087-Klima-uredaj-za-kamper-SR-Mecatronic-CRW22-premium.jpg\",\"width\":800,\"height\":395},{\"@type\":\"BreadcrumbList\",\"@id\":\"https:\\\/\\\/www.petroni.hr\\\/en\\\/proizvod\\\/klima-uredaj-sr-mecatronic-crw22-premium-22kw\\\/#breadcrumb\",\"itemListElement\":[{\"@type\":\"ListItem\",\"position\":1,\"name\":\"Po\u010detna stranica\",\"item\":\"https:\\\/\\\/www.petroni.hr\\\/en\\\/\"},{\"@type\":\"ListItem\",\"position\":2,\"name\":\"Shop\",\"item\":\"https:\\\/\\\/www.petroni.hr\\\/en\\\/shop\\\/\"},{\"@type\":\"ListItem\",\"position\":3,\"name\":\"Klima ure\u0111aj SR Mecatronic CRW22 Premium 2200W\"}]},{\"@type\":\"WebSite\",\"@id\":\"https:\\\/\\\/www.petroni.hr\\\/en\\\/#website\",\"url\":\"https:\\\/\\\/www.petroni.hr\\\/en\\\/\",\"name\":\"Petroni.hr\",\"description\":\"Experience the unprecedented freedom of travel\",\"publisher\":{\"@id\":\"https:\\\/\\\/www.petroni.hr\\\/en\\\/#organization\"},\"alternateName\":\"Petroni\",\"potentialAction\":[{\"@type\":\"SearchAction\",\"target\":{\"@type\":\"EntryPoint\",\"urlTemplate\":\"https:\\\/\\\/www.petroni.hr\\\/en\\\/?s={search_term_string}\"},\"query-input\":{\"@type\":\"PropertyValueSpecification\",\"valueRequired\":true,\"valueName\":\"search_term_string\"}}],\"inLanguage\":\"en-US\"},{\"@type\":\"Organization\",\"@id\":\"https:\\\/\\\/www.petroni.hr\\\/en\\\/#organization\",\"name\":\"Petroni d.o.o.\",\"alternateName\":\"Petroni\",\"url\":\"https:\\\/\\\/www.petroni.hr\\\/en\\\/\",\"logo\":{\"@type\":\"ImageObject\",\"inLanguage\":\"en-US\",\"@id\":\"https:\\\/\\\/www.petroni.hr\\\/en\\\/#\\\/schema\\\/logo\\\/image\\\/\",\"url\":\"https:\\\/\\\/www.petroni.hr\\\/wp-content\\\/uploads\\\/2024\\\/03\\\/cropped-Group-3.jpg\",\"contentUrl\":\"https:\\\/\\\/www.petroni.hr\\\/wp-content\\\/uploads\\\/2024\\\/03\\\/cropped-Group-3.jpg\",\"width\":512,\"height\":512,\"caption\":\"Petroni d.o.o.\"},\"image\":{\"@id\":\"https:\\\/\\\/www.petroni.hr\\\/en\\\/#\\\/schema\\\/logo\\\/image\\\/\"},\"sameAs\":[\"https:\\\/\\\/www.facebook.com\\\/Kamperi.Petroni.Sesvete\\\/?locale=hr_HR\"]}]}<\/script>\n<!-- \/ Yoast SEO plugin. -->","yoast_head_json":{"title":"Klima ure\u0111aj SR Mecatronic CRW22 Premium 2200W | Petroni - rent | sale | service | conversions","robots":{"index":"index","follow":"follow","max-snippet":"max-snippet:-1","max-image-preview":"max-image-preview:large","max-video-preview":"max-video-preview:-1"},"canonical":"https:\/\/www.petroni.hr\/en\/proizvod\/klima-uredaj-sr-mecatronic-crw22-premium-22kw\/","og_locale":"en_US","og_type":"article","og_title":"Klima ure\u0111aj SR Mecatronic CRW22 Premium 2200W | Petroni - rent | sale | service | conversions","og_description":"Jedan od najkompaktnijih i najlak\u0161ih krovnih klima ure\u0111aja na tr\u017ei\u0161tu elegantnog dizajna, proizveden u Italiji. Iznimno tanak razdjelnik zraka s neizravnim ambijentalnim osvjetljenjem Razdjelnikom zraka mo\u017ee se upravljati preko zaslona osjetljivog na dodir ili daljinskog upravlja\u010da Testirano na 45\u00b0C u klima komori Elegantan i moderan dizajn &#8211; 100% proizvedeno u Italiji S funkcijom grijanja (2 [&hellip;]","og_url":"https:\/\/www.petroni.hr\/en\/proizvod\/klima-uredaj-sr-mecatronic-crw22-premium-22kw\/","og_site_name":"Petroni - rent | sale | service | conversions","article_publisher":"https:\/\/www.facebook.com\/Kamperi.Petroni.Sesvete\/?locale=hr_HR","article_modified_time":"2026-03-03T08:18:15+00:00","og_image":[{"width":800,"height":395,"url":"https:\/\/www.petroni.hr\/wp-content\/uploads\/2023\/12\/495087-Klima-uredaj-za-kamper-SR-Mecatronic-CRW22-premium.jpg","type":"image\/jpeg"}],"twitter_card":"summary_large_image","twitter_misc":{"Est. reading time":"2 minutes"},"schema":{"@context":"https:\/\/schema.org","@graph":[{"@type":"WebPage","@id":"https:\/\/www.petroni.hr\/en\/proizvod\/klima-uredaj-sr-mecatronic-crw22-premium-22kw\/","url":"https:\/\/www.petroni.hr\/en\/proizvod\/klima-uredaj-sr-mecatronic-crw22-premium-22kw\/","name":"Klima ure\u0111aj SR Mecatronic CRW22 Premium 2200W | Petroni - rent | sale | service | conversions","isPartOf":{"@id":"https:\/\/www.petroni.hr\/en\/#website"},"primaryImageOfPage":{"@id":"https:\/\/www.petroni.hr\/en\/proizvod\/klima-uredaj-sr-mecatronic-crw22-premium-22kw\/#primaryimage"},"image":{"@id":"https:\/\/www.petroni.hr\/en\/proizvod\/klima-uredaj-sr-mecatronic-crw22-premium-22kw\/#primaryimage"},"thumbnailUrl":"https:\/\/www.petroni.hr\/wp-content\/uploads\/2023\/12\/495087-Klima-uredaj-za-kamper-SR-Mecatronic-CRW22-premium.jpg","datePublished":"2023-12-18T08:46:54+00:00","dateModified":"2026-03-03T08:18:15+00:00","breadcrumb":{"@id":"https:\/\/www.petroni.hr\/en\/proizvod\/klima-uredaj-sr-mecatronic-crw22-premium-22kw\/#breadcrumb"},"inLanguage":"en-US","potentialAction":[{"@type":"ReadAction","target":["https:\/\/www.petroni.hr\/en\/proizvod\/klima-uredaj-sr-mecatronic-crw22-premium-22kw\/"]}]},{"@type":"ImageObject","inLanguage":"en-US","@id":"https:\/\/www.petroni.hr\/en\/proizvod\/klima-uredaj-sr-mecatronic-crw22-premium-22kw\/#primaryimage","url":"https:\/\/www.petroni.hr\/wp-content\/uploads\/2023\/12\/495087-Klima-uredaj-za-kamper-SR-Mecatronic-CRW22-premium.jpg","contentUrl":"https:\/\/www.petroni.hr\/wp-content\/uploads\/2023\/12\/495087-Klima-uredaj-za-kamper-SR-Mecatronic-CRW22-premium.jpg","width":800,"height":395},{"@type":"BreadcrumbList","@id":"https:\/\/www.petroni.hr\/en\/proizvod\/klima-uredaj-sr-mecatronic-crw22-premium-22kw\/#breadcrumb","itemListElement":[{"@type":"ListItem","position":1,"name":"Po\u010detna stranica","item":"https:\/\/www.petroni.hr\/en\/"},{"@type":"ListItem","position":2,"name":"Shop","item":"https:\/\/www.petroni.hr\/en\/shop\/"},{"@type":"ListItem","position":3,"name":"Klima ure\u0111aj SR Mecatronic CRW22 Premium 2200W"}]},{"@type":"WebSite","@id":"https:\/\/www.petroni.hr\/en\/#website","url":"https:\/\/www.petroni.hr\/en\/","name":"Petroni.hr","description":"Experience the unprecedented freedom of travel","publisher":{"@id":"https:\/\/www.petroni.hr\/en\/#organization"},"alternateName":"Petroni","potentialAction":[{"@type":"SearchAction","target":{"@type":"EntryPoint","urlTemplate":"https:\/\/www.petroni.hr\/en\/?s={search_term_string}"},"query-input":{"@type":"PropertyValueSpecification","valueRequired":true,"valueName":"search_term_string"}}],"inLanguage":"en-US"},{"@type":"Organization","@id":"https:\/\/www.petroni.hr\/en\/#organization","name":"Petroni d.o.o.","alternateName":"Petroni","url":"https:\/\/www.petroni.hr\/en\/","logo":{"@type":"ImageObject","inLanguage":"en-US","@id":"https:\/\/www.petroni.hr\/en\/#\/schema\/logo\/image\/","url":"https:\/\/www.petroni.hr\/wp-content\/uploads\/2024\/03\/cropped-Group-3.jpg","contentUrl":"https:\/\/www.petroni.hr\/wp-content\/uploads\/2024\/03\/cropped-Group-3.jpg","width":512,"height":512,"caption":"Petroni d.o.o."},"image":{"@id":"https:\/\/www.petroni.hr\/en\/#\/schema\/logo\/image\/"},"sameAs":["https:\/\/www.facebook.com\/Kamperi.Petroni.Sesvete\/?locale=hr_HR"]}]}},"_links":{"self":[{"href":"https:\/\/www.petroni.hr\/en\/wp-json\/wp\/v2\/product\/19418","targetHints":{"allow":["GET"]}}],"collection":[{"href":"https:\/\/www.petroni.hr\/en\/wp-json\/wp\/v2\/product"}],"about":[{"href":"https:\/\/www.petroni.hr\/en\/wp-json\/wp\/v2\/types\/product"}],"replies":[{"embeddable":true,"href":"https:\/\/www.petroni.hr\/en\/wp-json\/wp\/v2\/comments?post=19418"}],"wp:featuredmedia":[{"embeddable":true,"href":"https:\/\/www.petroni.hr\/en\/wp-json\/wp\/v2\/media\/15534"}],"wp:attachment":[{"href":"https:\/\/www.petroni.hr\/en\/wp-json\/wp\/v2\/media?parent=19418"}],"wp:term":[{"taxonomy":"product_brand","embeddable":true,"href":"https:\/\/www.petroni.hr\/en\/wp-json\/wp\/v2\/product_brand?post=19418"},{"taxonomy":"product_cat","embeddable":true,"href":"https:\/\/www.petroni.hr\/en\/wp-json\/wp\/v2\/product_cat?post=19418"},{"taxonomy":"product_tag","embeddable":true,"href":"https:\/\/www.petroni.hr\/en\/wp-json\/wp\/v2\/product_tag?post=19418"}],"curies":[{"name":"wp","href":"https:\/\/api.w.org\/{rel}","templated":true}]}}