{"id":19409,"date":"2024-03-21T05:54:05","date_gmt":"2024-03-21T04:54:05","guid":{"rendered":"https:\/\/www.petroni.hr\/proizvod\/klima-uredaj-sr-mecair-crw17-premium-1700w\/"},"modified":"2025-05-20T13:52:47","modified_gmt":"2025-05-20T12:52:47","slug":"klima-uredaj-sr-mecair-crw17-premium-1700w","status":"publish","type":"product","link":"https:\/\/www.petroni.hr\/en\/proizvod\/klima-uredaj-sr-mecair-crw17-premium-1700w\/","title":{"rendered":"Klima ure\u0111aj SR Mecatronic CRW17 Premium 1700W"},"content":{"rendered":"<p>Jedan od najkompaktnijih krovnih klima ure\u0111aja na tr\u017ei\u0161tu elegantnog dizajna, proizveden u Italiji.<\/p>\n<p>Zahvaljuju\u0107i ravnom dizajnu i sna\u017enoj jedinici, idealan je za sve kampere i kamp prikolice.<\/p>\n<p>Zbog malih dimenzija klima ure\u0111aj SR-MECair mo\u017ee se ugraditi i na kombije.<br \/>\nUltra-tanka unutarnja jedinica jedna je od naju\u017eih u svojoj klasi, a upravlja se preko zaslona osjetljivog na dodir ili prilo\u017eenog daljinskog upravlja\u010da. Testirani na 45\u00b0C u klimatskoj komori, klimatizacijski sustavi nude svje\u017eu i \u010dak odvla\u017eenu izmjenu zraka, \u010dak iu najtoplijim regijama.<\/p>\n<p>Pozadinsko osvjetljenje pru\u017ea ugodno ambijentalno osvjetljenje. Zahvaljuju\u0107i materijalima, krovni klima ure\u0111aj SR-MECair je lagan, ali nudi visoku toplinsku i zvu\u010dnu izolaciju.<\/p>\n<p>Daljnje karakteristike:<\/p>\n<p>Inovativni materijali za toplinsku izolaciju i visokokvalitetna plastika<br \/>\nDifuzori i letvice funkcionalnog i sofisticiranog dizajna za jo\u0161 homogeniju i ugodniju distribuciju zraka<br \/>\nTipkovnica s kapacitivnim tipkama i osvijetljenim zaslonom<br \/>\nS funkcijom grijanja (2 otpornika)<br \/>\nUV-C LED filter<br \/>\nMogu\u0107nost daljinskog upravljanja putem aplikacije<br \/>\nTehni\u010dki podaci:<\/p>\n<p>Napajanje: 230 V a.c. 50 Hz<br \/>\nRadna temperatura: -36\u00b0 +65\u00b0<br \/>\nUkupna te\u017eina klime: 23,5 kg<br \/>\nDimenzije klima ure\u0111aja: 769X539X239 mm<br \/>\nDimenzije difuzora: 485x485x35 mm<br \/>\nTe\u017eina difuzora: 2,2 kg<br \/>\nPotro\u0161nja struje hla\u0111enja: 2,8 A<br \/>\nSnaga hla\u0111enja: 644 W<br \/>\nPotro\u0161nja struje za grijanje: 3,0 A<br \/>\nSnaga grijanja: 700 W<br \/>\nIzlazna struja: 20 A<br \/>\nIzlazna snaga: 4600W<\/p>\n","protected":false},"excerpt":{"rendered":"<p>Jedan od najkompaktnijih krovnih klima ure\u0111aja na tr\u017ei\u0161tu elegantnog dizajna, proizveden u Italiji. Zahvaljuju\u0107i ravnom dizajnu i sna\u017enoj jedinici, idealan je za sve kampere i kamp prikolice. Zbog malih dimenzija klima ure\u0111aj SR-MECair mo\u017ee se ugraditi i na kombije. Ultra-tanka unutarnja jedinica jedna je od naju\u017eih u svojoj klasi, a upravlja se preko zaslona osjetljivog [&hellip;]<\/p>\n","protected":false},"featured_media":18866,"comment_status":"open","ping_status":"closed","template":"","meta":{"_acf_changed":false,"_themeisle_gutenberg_block_has_review":false},"product_brand":[],"product_cat":[301,277,326],"product_tag":[],"class_list":{"0":"post-19409","1":"product","2":"type-product","3":"status-publish","4":"has-post-thumbnail","6":"product_cat-air-condition-en","7":"product_cat-cooling-climate-heating-en","8":"product_cat-sale","9":"product_shipping_class-potrebno-osobno-preuzimanje-u-trgovini","11":"first","12":"instock","13":"sale","14":"shipping-taxable","15":"purchasable","16":"product-type-simple"},"acf":[],"yoast_head":"<!-- This site is optimized with the Yoast SEO plugin v27.3 - https:\/\/yoast.com\/product\/yoast-seo-wordpress\/ -->\n<title>Klima ure\u0111aj SR Mecatronic CRW17 Premium 1700W | Petroni - rent | sale | service | conversions<\/title>\n<meta name=\"robots\" content=\"index, follow, max-snippet:-1, max-image-preview:large, max-video-preview:-1\" \/>\n<link rel=\"canonical\" href=\"https:\/\/www.petroni.hr\/en\/proizvod\/klima-uredaj-sr-mecair-crw17-premium-1700w\/\" \/>\n<meta property=\"og:locale\" content=\"en_US\" \/>\n<meta property=\"og:type\" content=\"article\" \/>\n<meta property=\"og:title\" content=\"Klima ure\u0111aj SR Mecatronic CRW17 Premium 1700W | Petroni - rent | sale | service | conversions\" \/>\n<meta property=\"og:description\" content=\"Jedan od najkompaktnijih krovnih klima ure\u0111aja na tr\u017ei\u0161tu elegantnog dizajna, proizveden u Italiji. Zahvaljuju\u0107i ravnom dizajnu i sna\u017enoj jedinici, idealan je za sve kampere i kamp prikolice. Zbog malih dimenzija klima ure\u0111aj SR-MECair mo\u017ee se ugraditi i na kombije. Ultra-tanka unutarnja jedinica jedna je od naju\u017eih u svojoj klasi, a upravlja se preko zaslona osjetljivog [&hellip;]\" \/>\n<meta property=\"og:url\" content=\"https:\/\/www.petroni.hr\/en\/proizvod\/klima-uredaj-sr-mecair-crw17-premium-1700w\/\" \/>\n<meta property=\"og:site_name\" content=\"Petroni - rent | sale | service | conversions\" \/>\n<meta property=\"article:publisher\" content=\"https:\/\/www.facebook.com\/Kamperi.Petroni.Sesvete\/?locale=hr_HR\" \/>\n<meta property=\"article:modified_time\" content=\"2025-05-20T12:52:47+00:00\" \/>\n<meta property=\"og:image\" content=\"https:\/\/www.petroni.hr\/wp-content\/uploads\/2024\/03\/495087-klima-uredaj-SR-mecatronic.jpg\" \/>\n\t<meta property=\"og:image:width\" content=\"800\" \/>\n\t<meta property=\"og:image:height\" content=\"395\" \/>\n\t<meta property=\"og:image:type\" content=\"image\/jpeg\" \/>\n<meta name=\"twitter:card\" content=\"summary_large_image\" \/>\n<meta name=\"twitter:label1\" content=\"Est. reading time\" \/>\n\t<meta name=\"twitter:data1\" content=\"1 minute\" \/>\n<script type=\"application\/ld+json\" class=\"yoast-schema-graph\">{\"@context\":\"https:\\\/\\\/schema.org\",\"@graph\":[{\"@type\":\"WebPage\",\"@id\":\"https:\\\/\\\/www.petroni.hr\\\/en\\\/proizvod\\\/klima-uredaj-sr-mecair-crw17-premium-1700w\\\/\",\"url\":\"https:\\\/\\\/www.petroni.hr\\\/en\\\/proizvod\\\/klima-uredaj-sr-mecair-crw17-premium-1700w\\\/\",\"name\":\"Klima ure\u0111aj SR Mecatronic CRW17 Premium 1700W | Petroni - rent | sale | service | conversions\",\"isPartOf\":{\"@id\":\"https:\\\/\\\/www.petroni.hr\\\/en\\\/#website\"},\"primaryImageOfPage\":{\"@id\":\"https:\\\/\\\/www.petroni.hr\\\/en\\\/proizvod\\\/klima-uredaj-sr-mecair-crw17-premium-1700w\\\/#primaryimage\"},\"image\":{\"@id\":\"https:\\\/\\\/www.petroni.hr\\\/en\\\/proizvod\\\/klima-uredaj-sr-mecair-crw17-premium-1700w\\\/#primaryimage\"},\"thumbnailUrl\":\"https:\\\/\\\/www.petroni.hr\\\/wp-content\\\/uploads\\\/2024\\\/03\\\/495087-klima-uredaj-SR-mecatronic.jpg\",\"datePublished\":\"2024-03-21T04:54:05+00:00\",\"dateModified\":\"2025-05-20T12:52:47+00:00\",\"breadcrumb\":{\"@id\":\"https:\\\/\\\/www.petroni.hr\\\/en\\\/proizvod\\\/klima-uredaj-sr-mecair-crw17-premium-1700w\\\/#breadcrumb\"},\"inLanguage\":\"en-US\",\"potentialAction\":[{\"@type\":\"ReadAction\",\"target\":[\"https:\\\/\\\/www.petroni.hr\\\/en\\\/proizvod\\\/klima-uredaj-sr-mecair-crw17-premium-1700w\\\/\"]}]},{\"@type\":\"ImageObject\",\"inLanguage\":\"en-US\",\"@id\":\"https:\\\/\\\/www.petroni.hr\\\/en\\\/proizvod\\\/klima-uredaj-sr-mecair-crw17-premium-1700w\\\/#primaryimage\",\"url\":\"https:\\\/\\\/www.petroni.hr\\\/wp-content\\\/uploads\\\/2024\\\/03\\\/495087-klima-uredaj-SR-mecatronic.jpg\",\"contentUrl\":\"https:\\\/\\\/www.petroni.hr\\\/wp-content\\\/uploads\\\/2024\\\/03\\\/495087-klima-uredaj-SR-mecatronic.jpg\",\"width\":800,\"height\":395},{\"@type\":\"BreadcrumbList\",\"@id\":\"https:\\\/\\\/www.petroni.hr\\\/en\\\/proizvod\\\/klima-uredaj-sr-mecair-crw17-premium-1700w\\\/#breadcrumb\",\"itemListElement\":[{\"@type\":\"ListItem\",\"position\":1,\"name\":\"Po\u010detna stranica\",\"item\":\"https:\\\/\\\/www.petroni.hr\\\/en\\\/\"},{\"@type\":\"ListItem\",\"position\":2,\"name\":\"Shop\",\"item\":\"https:\\\/\\\/www.petroni.hr\\\/en\\\/shop\\\/\"},{\"@type\":\"ListItem\",\"position\":3,\"name\":\"Klima ure\u0111aj SR Mecatronic CRW17 Premium 1700W\"}]},{\"@type\":\"WebSite\",\"@id\":\"https:\\\/\\\/www.petroni.hr\\\/en\\\/#website\",\"url\":\"https:\\\/\\\/www.petroni.hr\\\/en\\\/\",\"name\":\"Petroni.hr\",\"description\":\"Experience the unprecedented freedom of travel\",\"publisher\":{\"@id\":\"https:\\\/\\\/www.petroni.hr\\\/en\\\/#organization\"},\"alternateName\":\"Petroni\",\"potentialAction\":[{\"@type\":\"SearchAction\",\"target\":{\"@type\":\"EntryPoint\",\"urlTemplate\":\"https:\\\/\\\/www.petroni.hr\\\/en\\\/?s={search_term_string}\"},\"query-input\":{\"@type\":\"PropertyValueSpecification\",\"valueRequired\":true,\"valueName\":\"search_term_string\"}}],\"inLanguage\":\"en-US\"},{\"@type\":\"Organization\",\"@id\":\"https:\\\/\\\/www.petroni.hr\\\/en\\\/#organization\",\"name\":\"Petroni d.o.o.\",\"alternateName\":\"Petroni\",\"url\":\"https:\\\/\\\/www.petroni.hr\\\/en\\\/\",\"logo\":{\"@type\":\"ImageObject\",\"inLanguage\":\"en-US\",\"@id\":\"https:\\\/\\\/www.petroni.hr\\\/en\\\/#\\\/schema\\\/logo\\\/image\\\/\",\"url\":\"https:\\\/\\\/www.petroni.hr\\\/wp-content\\\/uploads\\\/2024\\\/03\\\/cropped-Group-3.jpg\",\"contentUrl\":\"https:\\\/\\\/www.petroni.hr\\\/wp-content\\\/uploads\\\/2024\\\/03\\\/cropped-Group-3.jpg\",\"width\":512,\"height\":512,\"caption\":\"Petroni d.o.o.\"},\"image\":{\"@id\":\"https:\\\/\\\/www.petroni.hr\\\/en\\\/#\\\/schema\\\/logo\\\/image\\\/\"},\"sameAs\":[\"https:\\\/\\\/www.facebook.com\\\/Kamperi.Petroni.Sesvete\\\/?locale=hr_HR\"]}]}<\/script>\n<!-- \/ Yoast SEO plugin. -->","yoast_head_json":{"title":"Klima ure\u0111aj SR Mecatronic CRW17 Premium 1700W | Petroni - rent | sale | service | conversions","robots":{"index":"index","follow":"follow","max-snippet":"max-snippet:-1","max-image-preview":"max-image-preview:large","max-video-preview":"max-video-preview:-1"},"canonical":"https:\/\/www.petroni.hr\/en\/proizvod\/klima-uredaj-sr-mecair-crw17-premium-1700w\/","og_locale":"en_US","og_type":"article","og_title":"Klima ure\u0111aj SR Mecatronic CRW17 Premium 1700W | Petroni - rent | sale | service | conversions","og_description":"Jedan od najkompaktnijih krovnih klima ure\u0111aja na tr\u017ei\u0161tu elegantnog dizajna, proizveden u Italiji. Zahvaljuju\u0107i ravnom dizajnu i sna\u017enoj jedinici, idealan je za sve kampere i kamp prikolice. Zbog malih dimenzija klima ure\u0111aj SR-MECair mo\u017ee se ugraditi i na kombije. Ultra-tanka unutarnja jedinica jedna je od naju\u017eih u svojoj klasi, a upravlja se preko zaslona osjetljivog [&hellip;]","og_url":"https:\/\/www.petroni.hr\/en\/proizvod\/klima-uredaj-sr-mecair-crw17-premium-1700w\/","og_site_name":"Petroni - rent | sale | service | conversions","article_publisher":"https:\/\/www.facebook.com\/Kamperi.Petroni.Sesvete\/?locale=hr_HR","article_modified_time":"2025-05-20T12:52:47+00:00","og_image":[{"width":800,"height":395,"url":"https:\/\/www.petroni.hr\/wp-content\/uploads\/2024\/03\/495087-klima-uredaj-SR-mecatronic.jpg","type":"image\/jpeg"}],"twitter_card":"summary_large_image","twitter_misc":{"Est. reading time":"1 minute"},"schema":{"@context":"https:\/\/schema.org","@graph":[{"@type":"WebPage","@id":"https:\/\/www.petroni.hr\/en\/proizvod\/klima-uredaj-sr-mecair-crw17-premium-1700w\/","url":"https:\/\/www.petroni.hr\/en\/proizvod\/klima-uredaj-sr-mecair-crw17-premium-1700w\/","name":"Klima ure\u0111aj SR Mecatronic CRW17 Premium 1700W | Petroni - rent | sale | service | conversions","isPartOf":{"@id":"https:\/\/www.petroni.hr\/en\/#website"},"primaryImageOfPage":{"@id":"https:\/\/www.petroni.hr\/en\/proizvod\/klima-uredaj-sr-mecair-crw17-premium-1700w\/#primaryimage"},"image":{"@id":"https:\/\/www.petroni.hr\/en\/proizvod\/klima-uredaj-sr-mecair-crw17-premium-1700w\/#primaryimage"},"thumbnailUrl":"https:\/\/www.petroni.hr\/wp-content\/uploads\/2024\/03\/495087-klima-uredaj-SR-mecatronic.jpg","datePublished":"2024-03-21T04:54:05+00:00","dateModified":"2025-05-20T12:52:47+00:00","breadcrumb":{"@id":"https:\/\/www.petroni.hr\/en\/proizvod\/klima-uredaj-sr-mecair-crw17-premium-1700w\/#breadcrumb"},"inLanguage":"en-US","potentialAction":[{"@type":"ReadAction","target":["https:\/\/www.petroni.hr\/en\/proizvod\/klima-uredaj-sr-mecair-crw17-premium-1700w\/"]}]},{"@type":"ImageObject","inLanguage":"en-US","@id":"https:\/\/www.petroni.hr\/en\/proizvod\/klima-uredaj-sr-mecair-crw17-premium-1700w\/#primaryimage","url":"https:\/\/www.petroni.hr\/wp-content\/uploads\/2024\/03\/495087-klima-uredaj-SR-mecatronic.jpg","contentUrl":"https:\/\/www.petroni.hr\/wp-content\/uploads\/2024\/03\/495087-klima-uredaj-SR-mecatronic.jpg","width":800,"height":395},{"@type":"BreadcrumbList","@id":"https:\/\/www.petroni.hr\/en\/proizvod\/klima-uredaj-sr-mecair-crw17-premium-1700w\/#breadcrumb","itemListElement":[{"@type":"ListItem","position":1,"name":"Po\u010detna stranica","item":"https:\/\/www.petroni.hr\/en\/"},{"@type":"ListItem","position":2,"name":"Shop","item":"https:\/\/www.petroni.hr\/en\/shop\/"},{"@type":"ListItem","position":3,"name":"Klima ure\u0111aj SR Mecatronic CRW17 Premium 1700W"}]},{"@type":"WebSite","@id":"https:\/\/www.petroni.hr\/en\/#website","url":"https:\/\/www.petroni.hr\/en\/","name":"Petroni.hr","description":"Experience the unprecedented freedom of travel","publisher":{"@id":"https:\/\/www.petroni.hr\/en\/#organization"},"alternateName":"Petroni","potentialAction":[{"@type":"SearchAction","target":{"@type":"EntryPoint","urlTemplate":"https:\/\/www.petroni.hr\/en\/?s={search_term_string}"},"query-input":{"@type":"PropertyValueSpecification","valueRequired":true,"valueName":"search_term_string"}}],"inLanguage":"en-US"},{"@type":"Organization","@id":"https:\/\/www.petroni.hr\/en\/#organization","name":"Petroni d.o.o.","alternateName":"Petroni","url":"https:\/\/www.petroni.hr\/en\/","logo":{"@type":"ImageObject","inLanguage":"en-US","@id":"https:\/\/www.petroni.hr\/en\/#\/schema\/logo\/image\/","url":"https:\/\/www.petroni.hr\/wp-content\/uploads\/2024\/03\/cropped-Group-3.jpg","contentUrl":"https:\/\/www.petroni.hr\/wp-content\/uploads\/2024\/03\/cropped-Group-3.jpg","width":512,"height":512,"caption":"Petroni d.o.o."},"image":{"@id":"https:\/\/www.petroni.hr\/en\/#\/schema\/logo\/image\/"},"sameAs":["https:\/\/www.facebook.com\/Kamperi.Petroni.Sesvete\/?locale=hr_HR"]}]}},"_links":{"self":[{"href":"https:\/\/www.petroni.hr\/en\/wp-json\/wp\/v2\/product\/19409","targetHints":{"allow":["GET"]}}],"collection":[{"href":"https:\/\/www.petroni.hr\/en\/wp-json\/wp\/v2\/product"}],"about":[{"href":"https:\/\/www.petroni.hr\/en\/wp-json\/wp\/v2\/types\/product"}],"replies":[{"embeddable":true,"href":"https:\/\/www.petroni.hr\/en\/wp-json\/wp\/v2\/comments?post=19409"}],"wp:featuredmedia":[{"embeddable":true,"href":"https:\/\/www.petroni.hr\/en\/wp-json\/wp\/v2\/media\/18866"}],"wp:attachment":[{"href":"https:\/\/www.petroni.hr\/en\/wp-json\/wp\/v2\/media?parent=19409"}],"wp:term":[{"taxonomy":"product_brand","embeddable":true,"href":"https:\/\/www.petroni.hr\/en\/wp-json\/wp\/v2\/product_brand?post=19409"},{"taxonomy":"product_cat","embeddable":true,"href":"https:\/\/www.petroni.hr\/en\/wp-json\/wp\/v2\/product_cat?post=19409"},{"taxonomy":"product_tag","embeddable":true,"href":"https:\/\/www.petroni.hr\/en\/wp-json\/wp\/v2\/product_tag?post=19409"}],"curies":[{"name":"wp","href":"https:\/\/api.w.org\/{rel}","templated":true}]}}