{"id":19408,"date":"2024-03-21T06:14:37","date_gmt":"2024-03-21T05:14:37","guid":{"rendered":"https:\/\/www.petroni.hr\/proizvod\/antena-satelitska-sr-mecatronic-asr650-flat-led-gold-edition\/"},"modified":"2026-01-31T17:09:57","modified_gmt":"2026-01-31T16:09:57","slug":"antena-satelitska-sr-mecatronic-asr650-flat-led-gold-edition","status":"publish","type":"product","link":"https:\/\/www.petroni.hr\/en\/proizvod\/antena-satelitska-sr-mecatronic-asr650-flat-led-gold-edition\/","title":{"rendered":"Antena satelitska SR Mecatronic ASR650 Flat LED GOLD EDITION"},"content":{"rendered":"<p>Satelitska antena SR Mecatronic ASR 650 Flat Gold Edition s dvostrukim iluminatorom i Bluetooth vezom.<\/p>\n<p>Kompaktan, brz, tih, s pa\u017enjom na svaki detalj.<br \/>\nEkskluzivna satelitska antena ASR650 Flat BT GOLD EDITION modernog je i sofisticiranog dizajna.<br \/>\nLagana, ali vrlo robustan, s antenom promjera 65 cm, jam\u010di optimalan prijem u cijeloj Europi.<\/p>\n<p>To je idealna antena za one koji ne vole kompromise i \u017eele prona\u0107i istu udobnost doma \u010dak iu okru\u017eenju kampera.<\/p>\n<p>Zahvaljuju\u0107i Bluetooth tehnologiji, antenom ASR650 Flat Gold Edition mo\u017eete udobno upravljati putem aplikacije SR Mecatronic na va\u0161em pametnom telefonu iz kampera.<\/p>\n<p>Pomo\u0107u ovog sustava mo\u0107i \u0107ete daljinski pristupiti raznim funkcijama, poput automatskog a\u017euriranja softvera antene bez potrebe za tehni\u010dkom pomo\u0107i, provjere ja\u010dine i kvalitete signala ili ru\u010dnog upravljanja antenom.<\/p>\n<p>Kvaliteta SR Mecatronic antena zajam\u010dena je 3-godi\u0161njim jamstvom i proizvodnjom Made in Italy.<br \/>\nNapravljeni su kako bi osigurali savr\u0161eno usmjeravanje satelita, stabilni tijekom vremena i bez potrebe za odr\u017eavanjem.<\/p>\n<p>GOLD EDITION:<br \/>\nU kompletu sa kontrolnom plo\u010dom sa 7 satelita<br \/>\nBluetooth modul<br \/>\nDvostruki iluminator<br \/>\n3 godina jamstva<\/p>\n<p>DIMENZIJE:<br \/>\nUkupni promjer u maksimalnoj rotaciji: \u00d8 1080 mm<br \/>\nDuljina: 840 mm<br \/>\n\u0160irina: 650 mm<br \/>\nTe\u017eina: 10,5 Kg<\/p>\n","protected":false},"excerpt":{"rendered":"<p>Satelitska antena SR Mecatronic ASR 650 Flat Gold Edition s dvostrukim iluminatorom i Bluetooth vezom. Kompaktan, brz, tih, s pa\u017enjom na svaki detalj. Ekskluzivna satelitska antena ASR650 Flat BT GOLD EDITION modernog je i sofisticiranog dizajna. Lagana, ali vrlo robustan, s antenom promjera 65 cm, jam\u010di optimalan prijem u cijeloj Europi. To je idealna antena [&hellip;]<\/p>\n","protected":false},"featured_media":18892,"comment_status":"open","ping_status":"closed","template":"","meta":{"_acf_changed":false,"_themeisle_gutenberg_block_has_review":false},"product_brand":[],"product_cat":[281,371],"product_tag":[],"class_list":{"0":"post-19408","1":"product","2":"type-product","3":"status-publish","4":"has-post-thumbnail","6":"product_cat-multimedia-2-en","7":"product_cat-televizori-i-oprema","8":"product_shipping_class-potrebno-osobno-preuzimanje-u-trgovini","10":"first","11":"outofstock","12":"shipping-taxable","13":"purchasable","14":"product-type-simple"},"acf":[],"yoast_head":"<!-- This site is optimized with the Yoast SEO plugin v27.4 - https:\/\/yoast.com\/product\/yoast-seo-wordpress\/ -->\n<title>Antena satelitska SR Mecatronic ASR650 Flat LED GOLD EDITION | Petroni - rent | sale | service | conversions<\/title>\n<meta name=\"robots\" content=\"index, follow, max-snippet:-1, max-image-preview:large, max-video-preview:-1\" \/>\n<link rel=\"canonical\" href=\"https:\/\/www.petroni.hr\/en\/proizvod\/antena-satelitska-sr-mecatronic-asr650-flat-led-gold-edition\/\" \/>\n<meta property=\"og:locale\" content=\"en_US\" \/>\n<meta property=\"og:type\" content=\"article\" \/>\n<meta property=\"og:title\" content=\"Antena satelitska SR Mecatronic ASR650 Flat LED GOLD EDITION | Petroni - rent | sale | service | conversions\" \/>\n<meta property=\"og:description\" content=\"Satelitska antena SR Mecatronic ASR 650 Flat Gold Edition s dvostrukim iluminatorom i Bluetooth vezom. Kompaktan, brz, tih, s pa\u017enjom na svaki detalj. Ekskluzivna satelitska antena ASR650 Flat BT GOLD EDITION modernog je i sofisticiranog dizajna. Lagana, ali vrlo robustan, s antenom promjera 65 cm, jam\u010di optimalan prijem u cijeloj Europi. To je idealna antena [&hellip;]\" \/>\n<meta property=\"og:url\" content=\"https:\/\/www.petroni.hr\/en\/proizvod\/antena-satelitska-sr-mecatronic-asr650-flat-led-gold-edition\/\" \/>\n<meta property=\"og:site_name\" content=\"Petroni - rent | sale | service | conversions\" \/>\n<meta property=\"article:publisher\" content=\"https:\/\/www.facebook.com\/Kamperi.Petroni.Sesvete\/?locale=hr_HR\" \/>\n<meta property=\"article:modified_time\" content=\"2026-01-31T16:09:57+00:00\" \/>\n<meta property=\"og:image\" content=\"https:\/\/www.petroni.hr\/wp-content\/uploads\/2024\/03\/ASR-650-satelitska-antena.jpg\" \/>\n\t<meta property=\"og:image:width\" content=\"492\" \/>\n\t<meta property=\"og:image:height\" content=\"497\" \/>\n\t<meta property=\"og:image:type\" content=\"image\/jpeg\" \/>\n<meta name=\"twitter:card\" content=\"summary_large_image\" \/>\n<meta name=\"twitter:label1\" content=\"Est. reading time\" \/>\n\t<meta name=\"twitter:data1\" content=\"1 minute\" \/>\n<script type=\"application\/ld+json\" class=\"yoast-schema-graph\">{\"@context\":\"https:\\\/\\\/schema.org\",\"@graph\":[{\"@type\":\"WebPage\",\"@id\":\"https:\\\/\\\/www.petroni.hr\\\/en\\\/proizvod\\\/antena-satelitska-sr-mecatronic-asr650-flat-led-gold-edition\\\/\",\"url\":\"https:\\\/\\\/www.petroni.hr\\\/en\\\/proizvod\\\/antena-satelitska-sr-mecatronic-asr650-flat-led-gold-edition\\\/\",\"name\":\"Antena satelitska SR Mecatronic ASR650 Flat LED GOLD EDITION | Petroni - rent | sale | service | conversions\",\"isPartOf\":{\"@id\":\"https:\\\/\\\/www.petroni.hr\\\/en\\\/#website\"},\"primaryImageOfPage\":{\"@id\":\"https:\\\/\\\/www.petroni.hr\\\/en\\\/proizvod\\\/antena-satelitska-sr-mecatronic-asr650-flat-led-gold-edition\\\/#primaryimage\"},\"image\":{\"@id\":\"https:\\\/\\\/www.petroni.hr\\\/en\\\/proizvod\\\/antena-satelitska-sr-mecatronic-asr650-flat-led-gold-edition\\\/#primaryimage\"},\"thumbnailUrl\":\"https:\\\/\\\/www.petroni.hr\\\/wp-content\\\/uploads\\\/2024\\\/03\\\/ASR-650-satelitska-antena.jpg\",\"datePublished\":\"2024-03-21T05:14:37+00:00\",\"dateModified\":\"2026-01-31T16:09:57+00:00\",\"breadcrumb\":{\"@id\":\"https:\\\/\\\/www.petroni.hr\\\/en\\\/proizvod\\\/antena-satelitska-sr-mecatronic-asr650-flat-led-gold-edition\\\/#breadcrumb\"},\"inLanguage\":\"en-US\",\"potentialAction\":[{\"@type\":\"ReadAction\",\"target\":[\"https:\\\/\\\/www.petroni.hr\\\/en\\\/proizvod\\\/antena-satelitska-sr-mecatronic-asr650-flat-led-gold-edition\\\/\"]}]},{\"@type\":\"ImageObject\",\"inLanguage\":\"en-US\",\"@id\":\"https:\\\/\\\/www.petroni.hr\\\/en\\\/proizvod\\\/antena-satelitska-sr-mecatronic-asr650-flat-led-gold-edition\\\/#primaryimage\",\"url\":\"https:\\\/\\\/www.petroni.hr\\\/wp-content\\\/uploads\\\/2024\\\/03\\\/ASR-650-satelitska-antena.jpg\",\"contentUrl\":\"https:\\\/\\\/www.petroni.hr\\\/wp-content\\\/uploads\\\/2024\\\/03\\\/ASR-650-satelitska-antena.jpg\",\"width\":492,\"height\":497},{\"@type\":\"BreadcrumbList\",\"@id\":\"https:\\\/\\\/www.petroni.hr\\\/en\\\/proizvod\\\/antena-satelitska-sr-mecatronic-asr650-flat-led-gold-edition\\\/#breadcrumb\",\"itemListElement\":[{\"@type\":\"ListItem\",\"position\":1,\"name\":\"Po\u010detna stranica\",\"item\":\"https:\\\/\\\/www.petroni.hr\\\/en\\\/\"},{\"@type\":\"ListItem\",\"position\":2,\"name\":\"Shop\",\"item\":\"https:\\\/\\\/www.petroni.hr\\\/en\\\/shop\\\/\"},{\"@type\":\"ListItem\",\"position\":3,\"name\":\"Antena satelitska SR Mecatronic ASR650 Flat LED GOLD EDITION\"}]},{\"@type\":\"WebSite\",\"@id\":\"https:\\\/\\\/www.petroni.hr\\\/en\\\/#website\",\"url\":\"https:\\\/\\\/www.petroni.hr\\\/en\\\/\",\"name\":\"Petroni.hr\",\"description\":\"Experience the unprecedented freedom of travel\",\"publisher\":{\"@id\":\"https:\\\/\\\/www.petroni.hr\\\/en\\\/#organization\"},\"alternateName\":\"Petroni\",\"potentialAction\":[{\"@type\":\"SearchAction\",\"target\":{\"@type\":\"EntryPoint\",\"urlTemplate\":\"https:\\\/\\\/www.petroni.hr\\\/en\\\/?s={search_term_string}\"},\"query-input\":{\"@type\":\"PropertyValueSpecification\",\"valueRequired\":true,\"valueName\":\"search_term_string\"}}],\"inLanguage\":\"en-US\"},{\"@type\":\"Organization\",\"@id\":\"https:\\\/\\\/www.petroni.hr\\\/en\\\/#organization\",\"name\":\"Petroni d.o.o.\",\"alternateName\":\"Petroni\",\"url\":\"https:\\\/\\\/www.petroni.hr\\\/en\\\/\",\"logo\":{\"@type\":\"ImageObject\",\"inLanguage\":\"en-US\",\"@id\":\"https:\\\/\\\/www.petroni.hr\\\/en\\\/#\\\/schema\\\/logo\\\/image\\\/\",\"url\":\"https:\\\/\\\/www.petroni.hr\\\/wp-content\\\/uploads\\\/2024\\\/03\\\/cropped-Group-3.jpg\",\"contentUrl\":\"https:\\\/\\\/www.petroni.hr\\\/wp-content\\\/uploads\\\/2024\\\/03\\\/cropped-Group-3.jpg\",\"width\":512,\"height\":512,\"caption\":\"Petroni d.o.o.\"},\"image\":{\"@id\":\"https:\\\/\\\/www.petroni.hr\\\/en\\\/#\\\/schema\\\/logo\\\/image\\\/\"},\"sameAs\":[\"https:\\\/\\\/www.facebook.com\\\/Kamperi.Petroni.Sesvete\\\/?locale=hr_HR\"]}]}<\/script>\n<!-- \/ Yoast SEO plugin. -->","yoast_head_json":{"title":"Antena satelitska SR Mecatronic ASR650 Flat LED GOLD EDITION | Petroni - rent | sale | service | conversions","robots":{"index":"index","follow":"follow","max-snippet":"max-snippet:-1","max-image-preview":"max-image-preview:large","max-video-preview":"max-video-preview:-1"},"canonical":"https:\/\/www.petroni.hr\/en\/proizvod\/antena-satelitska-sr-mecatronic-asr650-flat-led-gold-edition\/","og_locale":"en_US","og_type":"article","og_title":"Antena satelitska SR Mecatronic ASR650 Flat LED GOLD EDITION | Petroni - rent | sale | service | conversions","og_description":"Satelitska antena SR Mecatronic ASR 650 Flat Gold Edition s dvostrukim iluminatorom i Bluetooth vezom. Kompaktan, brz, tih, s pa\u017enjom na svaki detalj. Ekskluzivna satelitska antena ASR650 Flat BT GOLD EDITION modernog je i sofisticiranog dizajna. Lagana, ali vrlo robustan, s antenom promjera 65 cm, jam\u010di optimalan prijem u cijeloj Europi. To je idealna antena [&hellip;]","og_url":"https:\/\/www.petroni.hr\/en\/proizvod\/antena-satelitska-sr-mecatronic-asr650-flat-led-gold-edition\/","og_site_name":"Petroni - rent | sale | service | conversions","article_publisher":"https:\/\/www.facebook.com\/Kamperi.Petroni.Sesvete\/?locale=hr_HR","article_modified_time":"2026-01-31T16:09:57+00:00","og_image":[{"width":492,"height":497,"url":"https:\/\/www.petroni.hr\/wp-content\/uploads\/2024\/03\/ASR-650-satelitska-antena.jpg","type":"image\/jpeg"}],"twitter_card":"summary_large_image","twitter_misc":{"Est. reading time":"1 minute"},"schema":{"@context":"https:\/\/schema.org","@graph":[{"@type":"WebPage","@id":"https:\/\/www.petroni.hr\/en\/proizvod\/antena-satelitska-sr-mecatronic-asr650-flat-led-gold-edition\/","url":"https:\/\/www.petroni.hr\/en\/proizvod\/antena-satelitska-sr-mecatronic-asr650-flat-led-gold-edition\/","name":"Antena satelitska SR Mecatronic ASR650 Flat LED GOLD EDITION | Petroni - rent | sale | service | conversions","isPartOf":{"@id":"https:\/\/www.petroni.hr\/en\/#website"},"primaryImageOfPage":{"@id":"https:\/\/www.petroni.hr\/en\/proizvod\/antena-satelitska-sr-mecatronic-asr650-flat-led-gold-edition\/#primaryimage"},"image":{"@id":"https:\/\/www.petroni.hr\/en\/proizvod\/antena-satelitska-sr-mecatronic-asr650-flat-led-gold-edition\/#primaryimage"},"thumbnailUrl":"https:\/\/www.petroni.hr\/wp-content\/uploads\/2024\/03\/ASR-650-satelitska-antena.jpg","datePublished":"2024-03-21T05:14:37+00:00","dateModified":"2026-01-31T16:09:57+00:00","breadcrumb":{"@id":"https:\/\/www.petroni.hr\/en\/proizvod\/antena-satelitska-sr-mecatronic-asr650-flat-led-gold-edition\/#breadcrumb"},"inLanguage":"en-US","potentialAction":[{"@type":"ReadAction","target":["https:\/\/www.petroni.hr\/en\/proizvod\/antena-satelitska-sr-mecatronic-asr650-flat-led-gold-edition\/"]}]},{"@type":"ImageObject","inLanguage":"en-US","@id":"https:\/\/www.petroni.hr\/en\/proizvod\/antena-satelitska-sr-mecatronic-asr650-flat-led-gold-edition\/#primaryimage","url":"https:\/\/www.petroni.hr\/wp-content\/uploads\/2024\/03\/ASR-650-satelitska-antena.jpg","contentUrl":"https:\/\/www.petroni.hr\/wp-content\/uploads\/2024\/03\/ASR-650-satelitska-antena.jpg","width":492,"height":497},{"@type":"BreadcrumbList","@id":"https:\/\/www.petroni.hr\/en\/proizvod\/antena-satelitska-sr-mecatronic-asr650-flat-led-gold-edition\/#breadcrumb","itemListElement":[{"@type":"ListItem","position":1,"name":"Po\u010detna stranica","item":"https:\/\/www.petroni.hr\/en\/"},{"@type":"ListItem","position":2,"name":"Shop","item":"https:\/\/www.petroni.hr\/en\/shop\/"},{"@type":"ListItem","position":3,"name":"Antena satelitska SR Mecatronic ASR650 Flat LED GOLD EDITION"}]},{"@type":"WebSite","@id":"https:\/\/www.petroni.hr\/en\/#website","url":"https:\/\/www.petroni.hr\/en\/","name":"Petroni.hr","description":"Experience the unprecedented freedom of travel","publisher":{"@id":"https:\/\/www.petroni.hr\/en\/#organization"},"alternateName":"Petroni","potentialAction":[{"@type":"SearchAction","target":{"@type":"EntryPoint","urlTemplate":"https:\/\/www.petroni.hr\/en\/?s={search_term_string}"},"query-input":{"@type":"PropertyValueSpecification","valueRequired":true,"valueName":"search_term_string"}}],"inLanguage":"en-US"},{"@type":"Organization","@id":"https:\/\/www.petroni.hr\/en\/#organization","name":"Petroni d.o.o.","alternateName":"Petroni","url":"https:\/\/www.petroni.hr\/en\/","logo":{"@type":"ImageObject","inLanguage":"en-US","@id":"https:\/\/www.petroni.hr\/en\/#\/schema\/logo\/image\/","url":"https:\/\/www.petroni.hr\/wp-content\/uploads\/2024\/03\/cropped-Group-3.jpg","contentUrl":"https:\/\/www.petroni.hr\/wp-content\/uploads\/2024\/03\/cropped-Group-3.jpg","width":512,"height":512,"caption":"Petroni d.o.o."},"image":{"@id":"https:\/\/www.petroni.hr\/en\/#\/schema\/logo\/image\/"},"sameAs":["https:\/\/www.facebook.com\/Kamperi.Petroni.Sesvete\/?locale=hr_HR"]}]}},"_links":{"self":[{"href":"https:\/\/www.petroni.hr\/en\/wp-json\/wp\/v2\/product\/19408","targetHints":{"allow":["GET"]}}],"collection":[{"href":"https:\/\/www.petroni.hr\/en\/wp-json\/wp\/v2\/product"}],"about":[{"href":"https:\/\/www.petroni.hr\/en\/wp-json\/wp\/v2\/types\/product"}],"replies":[{"embeddable":true,"href":"https:\/\/www.petroni.hr\/en\/wp-json\/wp\/v2\/comments?post=19408"}],"wp:featuredmedia":[{"embeddable":true,"href":"https:\/\/www.petroni.hr\/en\/wp-json\/wp\/v2\/media\/18892"}],"wp:attachment":[{"href":"https:\/\/www.petroni.hr\/en\/wp-json\/wp\/v2\/media?parent=19408"}],"wp:term":[{"taxonomy":"product_brand","embeddable":true,"href":"https:\/\/www.petroni.hr\/en\/wp-json\/wp\/v2\/product_brand?post=19408"},{"taxonomy":"product_cat","embeddable":true,"href":"https:\/\/www.petroni.hr\/en\/wp-json\/wp\/v2\/product_cat?post=19408"},{"taxonomy":"product_tag","embeddable":true,"href":"https:\/\/www.petroni.hr\/en\/wp-json\/wp\/v2\/product_tag?post=19408"}],"curies":[{"name":"wp","href":"https:\/\/api.w.org\/{rel}","templated":true}]}}