{"id":19402,"date":"2024-03-21T07:18:32","date_gmt":"2024-03-21T06:18:32","guid":{"rendered":"https:\/\/www.petroni.hr\/proizvod\/grijalica-truma-combi-4-inet-x-panel\/"},"modified":"2025-12-22T13:45:28","modified_gmt":"2025-12-22T12:45:28","slug":"grijalica-truma-combi-4-inet-x-panel","status":"publish","type":"product","link":"https:\/\/www.petroni.hr\/en\/proizvod\/grijalica-truma-combi-4-inet-x-panel\/","title":{"rendered":"Grijalica TRUMA Combi 4 E iNET X panel"},"content":{"rendered":"<p>Truma Combi 4 E grije i zagrijava vodu u samo jednom ure\u0111aju.<\/p>\n<p>Combi 4 E kombinira sve prednosti Combi 4 s prednostima elektri\u010dnog grija\u010da. Za razliku od Combi 4, ima i integrirane grija\u0107e elemente.<\/p>\n<p>To vam omogu\u0107uje kori\u0161tenje grija\u010da na kampovima s 12V napajanjem bez akumulatora vozila. Combi 4 E tro\u0161i vrlo malo elektri\u010dne energije.<\/p>\n<ul>\n<li>S integriranim grija\u0107im \u0161ipkama za dodatni elektri\u010dni rad<\/li>\n<li>Grije vozilo i vodu posebno brzo<\/li>\n<li>Tro\u0161i malo energije<\/li>\n<\/ul>\n<p>&nbsp;<\/p>\n<p>Spremnik za vodu od deset litara integriran je u grija\u010d: zimi se voda jednostavno grije istovremeno, ljeti vodu grijete neovisno o grija\u010du. Topli zrak struji u unutra\u0161njost kroz \u010detiri otvora za zrak \u2013 za ugodnu unutarnju klimu. Kombinirani grija\u010d radi gotovo ne\u010dujno i vrlo ekonomi\u010dno.<\/p>\n<p>Ovo je ono \u0161to \u010dini Combi 4 posebnim:<\/p>\n<p>Standardno s odvodnim ventilom FrostControl<br \/>\nDigitalna kontrolna plo\u010da CP plus spremna za iNet<br \/>\nIzuzetno lagan i kompaktan i stoga fleksibilan za ugradnju<br \/>\nAutomatski klima ure\u0111aj u kombinaciji sa Truma klima ure\u0111ajem<br \/>\nSvojim Combi 4 mo\u017eete prakti\u010dno kontrolirati pomo\u0107u CP plus digitalne upravlja\u010dke plo\u010de \u2013 ili putem aplikacije.<\/p>\n<p>ko u svom vozilu imate i Truma klima ure\u0111aj, automatska klima je tako\u0111er dostupna.<\/p>\n<p>Pa\u017enja: Za ugradnju grija\u010da potrebno je naru\u010diti jedan od dva seta za razvod vode!<\/p>\n<p>Tehni\u010dki podaci:<\/p>\n<p>Izvor energije: plin<br \/>\nNazivna toplinska snaga: 2000\/4000 W<br \/>\nU\u010dinkovitost: 98%<br \/>\nPotro\u0161nja plin\/dizel: 160 \/ 335 g\/h<br \/>\nRazine snage plamenika: 2<br \/>\nProtok zraka: max 287 m3\/h<br \/>\nStruja mirovanja: 0,001A<br \/>\nSadr\u017eaj vode: 10 litara<br \/>\nVrijeme zagrijavanja vode (od pribli\u017eno 15\u00b0 do pribli\u017eno 60\u00b0C): posuda za vodu pribli\u017eno 23 minute.<br \/>\nTlak pumpe: max 2,8 bara<br \/>\nTlak sustava: maksimalno 4,5 bara<br \/>\nTe\u017eina (bez periferije): 14,4 kg<br \/>\nTe\u017eina (s periferijom): 14,9 kg<br \/>\nUgradbene dimenzije (Dx\u0160xV): 540 x 500 x 350 mm<br \/>\nOpseg isporuke:<br \/>\nCombi 4 grijanje sa senzorom sobne temperature<br \/>\nTruma iNet X plo\u010da<br \/>\nKabel za centralu 6 m<br \/>\nMaterijal za pri\u010dvr\u0161\u0107ivanje<\/p>\n<p>Priklju\u010dci za vodu dostupni zasebno:<\/p>\n<p>Set za priklju\u010dak vode FC TB<br \/>\nSet za priklju\u010dak vode FC JG<\/p>\n<p>Duljina: 540 mm<br \/>\n\u0160irina: 500 mm<br \/>\nVisina: 350 mm<br \/>\nTe\u017eina: 14,9 kg<\/p>\n","protected":false},"excerpt":{"rendered":"<p>Truma Combi 4 E grije i zagrijava vodu u samo jednom ure\u0111aju. Combi 4 E kombinira sve prednosti Combi 4 s prednostima elektri\u010dnog grija\u010da. Za razliku od Combi 4, ima i integrirane grija\u0107e elemente. To vam omogu\u0107uje kori\u0161tenje grija\u010da na kampovima s 12V napajanjem bez akumulatora vozila. Combi 4 E tro\u0161i vrlo malo elektri\u010dne energije. [&hellip;]<\/p>\n","protected":false},"featured_media":18924,"comment_status":"open","ping_status":"closed","template":"","meta":{"_acf_changed":false,"_themeisle_gutenberg_block_has_review":false},"product_brand":[],"product_cat":[277,356,278],"product_tag":[],"class_list":{"0":"post-19402","1":"product","2":"type-product","3":"status-publish","4":"has-post-thumbnail","6":"product_cat-cooling-climate-heating-en","7":"product_cat-grijanje-en","8":"product_cat-truma-2-en","9":"product_shipping_class-potrebno-osobno-preuzimanje-u-trgovini","11":"first","12":"outofstock","13":"shipping-taxable","14":"purchasable","15":"product-type-simple"},"acf":[],"yoast_head":"<!-- This site is optimized with the Yoast SEO plugin v27.3 - https:\/\/yoast.com\/product\/yoast-seo-wordpress\/ -->\n<title>Grijalica TRUMA Combi 4 E iNET X panel | Petroni - rent | sale | service | conversions<\/title>\n<meta name=\"robots\" content=\"index, follow, max-snippet:-1, max-image-preview:large, max-video-preview:-1\" \/>\n<link rel=\"canonical\" href=\"https:\/\/www.petroni.hr\/en\/proizvod\/grijalica-truma-combi-4-inet-x-panel\/\" \/>\n<meta property=\"og:locale\" content=\"en_US\" \/>\n<meta property=\"og:type\" content=\"article\" \/>\n<meta property=\"og:title\" content=\"Grijalica TRUMA Combi 4 E iNET X panel | Petroni - rent | sale | service | conversions\" \/>\n<meta property=\"og:description\" content=\"Truma Combi 4 E grije i zagrijava vodu u samo jednom ure\u0111aju. Combi 4 E kombinira sve prednosti Combi 4 s prednostima elektri\u010dnog grija\u010da. Za razliku od Combi 4, ima i integrirane grija\u0107e elemente. To vam omogu\u0107uje kori\u0161tenje grija\u010da na kampovima s 12V napajanjem bez akumulatora vozila. Combi 4 E tro\u0161i vrlo malo elektri\u010dne energije. [&hellip;]\" \/>\n<meta property=\"og:url\" content=\"https:\/\/www.petroni.hr\/en\/proizvod\/grijalica-truma-combi-4-inet-x-panel\/\" \/>\n<meta property=\"og:site_name\" content=\"Petroni - rent | sale | service | conversions\" \/>\n<meta property=\"article:publisher\" content=\"https:\/\/www.facebook.com\/Kamperi.Petroni.Sesvete\/?locale=hr_HR\" \/>\n<meta property=\"article:modified_time\" content=\"2025-12-22T12:45:28+00:00\" \/>\n<meta property=\"og:image\" content=\"https:\/\/www.petroni.hr\/wp-content\/uploads\/2024\/03\/721922-Truma-Combi-4.jpg\" \/>\n\t<meta property=\"og:image:width\" content=\"800\" \/>\n\t<meta property=\"og:image:height\" content=\"565\" \/>\n\t<meta property=\"og:image:type\" content=\"image\/jpeg\" \/>\n<meta name=\"twitter:card\" content=\"summary_large_image\" \/>\n<meta name=\"twitter:label1\" content=\"Est. reading time\" \/>\n\t<meta name=\"twitter:data1\" content=\"2 minutes\" \/>\n<script type=\"application\/ld+json\" class=\"yoast-schema-graph\">{\"@context\":\"https:\\\/\\\/schema.org\",\"@graph\":[{\"@type\":\"WebPage\",\"@id\":\"https:\\\/\\\/www.petroni.hr\\\/en\\\/proizvod\\\/grijalica-truma-combi-4-inet-x-panel\\\/\",\"url\":\"https:\\\/\\\/www.petroni.hr\\\/en\\\/proizvod\\\/grijalica-truma-combi-4-inet-x-panel\\\/\",\"name\":\"Grijalica TRUMA Combi 4 E iNET X panel | Petroni - rent | sale | service | conversions\",\"isPartOf\":{\"@id\":\"https:\\\/\\\/www.petroni.hr\\\/en\\\/#website\"},\"primaryImageOfPage\":{\"@id\":\"https:\\\/\\\/www.petroni.hr\\\/en\\\/proizvod\\\/grijalica-truma-combi-4-inet-x-panel\\\/#primaryimage\"},\"image\":{\"@id\":\"https:\\\/\\\/www.petroni.hr\\\/en\\\/proizvod\\\/grijalica-truma-combi-4-inet-x-panel\\\/#primaryimage\"},\"thumbnailUrl\":\"https:\\\/\\\/www.petroni.hr\\\/wp-content\\\/uploads\\\/2024\\\/03\\\/721922-Truma-Combi-4.jpg\",\"datePublished\":\"2024-03-21T06:18:32+00:00\",\"dateModified\":\"2025-12-22T12:45:28+00:00\",\"breadcrumb\":{\"@id\":\"https:\\\/\\\/www.petroni.hr\\\/en\\\/proizvod\\\/grijalica-truma-combi-4-inet-x-panel\\\/#breadcrumb\"},\"inLanguage\":\"en-US\",\"potentialAction\":[{\"@type\":\"ReadAction\",\"target\":[\"https:\\\/\\\/www.petroni.hr\\\/en\\\/proizvod\\\/grijalica-truma-combi-4-inet-x-panel\\\/\"]}]},{\"@type\":\"ImageObject\",\"inLanguage\":\"en-US\",\"@id\":\"https:\\\/\\\/www.petroni.hr\\\/en\\\/proizvod\\\/grijalica-truma-combi-4-inet-x-panel\\\/#primaryimage\",\"url\":\"https:\\\/\\\/www.petroni.hr\\\/wp-content\\\/uploads\\\/2024\\\/03\\\/721922-Truma-Combi-4.jpg\",\"contentUrl\":\"https:\\\/\\\/www.petroni.hr\\\/wp-content\\\/uploads\\\/2024\\\/03\\\/721922-Truma-Combi-4.jpg\",\"width\":800,\"height\":565},{\"@type\":\"BreadcrumbList\",\"@id\":\"https:\\\/\\\/www.petroni.hr\\\/en\\\/proizvod\\\/grijalica-truma-combi-4-inet-x-panel\\\/#breadcrumb\",\"itemListElement\":[{\"@type\":\"ListItem\",\"position\":1,\"name\":\"Po\u010detna stranica\",\"item\":\"https:\\\/\\\/www.petroni.hr\\\/en\\\/\"},{\"@type\":\"ListItem\",\"position\":2,\"name\":\"Shop\",\"item\":\"https:\\\/\\\/www.petroni.hr\\\/en\\\/shop\\\/\"},{\"@type\":\"ListItem\",\"position\":3,\"name\":\"Grijalica TRUMA Combi 4 E iNET X panel\"}]},{\"@type\":\"WebSite\",\"@id\":\"https:\\\/\\\/www.petroni.hr\\\/en\\\/#website\",\"url\":\"https:\\\/\\\/www.petroni.hr\\\/en\\\/\",\"name\":\"Petroni.hr\",\"description\":\"Experience the unprecedented freedom of travel\",\"publisher\":{\"@id\":\"https:\\\/\\\/www.petroni.hr\\\/en\\\/#organization\"},\"alternateName\":\"Petroni\",\"potentialAction\":[{\"@type\":\"SearchAction\",\"target\":{\"@type\":\"EntryPoint\",\"urlTemplate\":\"https:\\\/\\\/www.petroni.hr\\\/en\\\/?s={search_term_string}\"},\"query-input\":{\"@type\":\"PropertyValueSpecification\",\"valueRequired\":true,\"valueName\":\"search_term_string\"}}],\"inLanguage\":\"en-US\"},{\"@type\":\"Organization\",\"@id\":\"https:\\\/\\\/www.petroni.hr\\\/en\\\/#organization\",\"name\":\"Petroni d.o.o.\",\"alternateName\":\"Petroni\",\"url\":\"https:\\\/\\\/www.petroni.hr\\\/en\\\/\",\"logo\":{\"@type\":\"ImageObject\",\"inLanguage\":\"en-US\",\"@id\":\"https:\\\/\\\/www.petroni.hr\\\/en\\\/#\\\/schema\\\/logo\\\/image\\\/\",\"url\":\"https:\\\/\\\/www.petroni.hr\\\/wp-content\\\/uploads\\\/2024\\\/03\\\/cropped-Group-3.jpg\",\"contentUrl\":\"https:\\\/\\\/www.petroni.hr\\\/wp-content\\\/uploads\\\/2024\\\/03\\\/cropped-Group-3.jpg\",\"width\":512,\"height\":512,\"caption\":\"Petroni d.o.o.\"},\"image\":{\"@id\":\"https:\\\/\\\/www.petroni.hr\\\/en\\\/#\\\/schema\\\/logo\\\/image\\\/\"},\"sameAs\":[\"https:\\\/\\\/www.facebook.com\\\/Kamperi.Petroni.Sesvete\\\/?locale=hr_HR\"]}]}<\/script>\n<!-- \/ Yoast SEO plugin. -->","yoast_head_json":{"title":"Grijalica TRUMA Combi 4 E iNET X panel | Petroni - rent | sale | service | conversions","robots":{"index":"index","follow":"follow","max-snippet":"max-snippet:-1","max-image-preview":"max-image-preview:large","max-video-preview":"max-video-preview:-1"},"canonical":"https:\/\/www.petroni.hr\/en\/proizvod\/grijalica-truma-combi-4-inet-x-panel\/","og_locale":"en_US","og_type":"article","og_title":"Grijalica TRUMA Combi 4 E iNET X panel | Petroni - rent | sale | service | conversions","og_description":"Truma Combi 4 E grije i zagrijava vodu u samo jednom ure\u0111aju. Combi 4 E kombinira sve prednosti Combi 4 s prednostima elektri\u010dnog grija\u010da. Za razliku od Combi 4, ima i integrirane grija\u0107e elemente. To vam omogu\u0107uje kori\u0161tenje grija\u010da na kampovima s 12V napajanjem bez akumulatora vozila. Combi 4 E tro\u0161i vrlo malo elektri\u010dne energije. [&hellip;]","og_url":"https:\/\/www.petroni.hr\/en\/proizvod\/grijalica-truma-combi-4-inet-x-panel\/","og_site_name":"Petroni - rent | sale | service | conversions","article_publisher":"https:\/\/www.facebook.com\/Kamperi.Petroni.Sesvete\/?locale=hr_HR","article_modified_time":"2025-12-22T12:45:28+00:00","og_image":[{"width":800,"height":565,"url":"https:\/\/www.petroni.hr\/wp-content\/uploads\/2024\/03\/721922-Truma-Combi-4.jpg","type":"image\/jpeg"}],"twitter_card":"summary_large_image","twitter_misc":{"Est. reading time":"2 minutes"},"schema":{"@context":"https:\/\/schema.org","@graph":[{"@type":"WebPage","@id":"https:\/\/www.petroni.hr\/en\/proizvod\/grijalica-truma-combi-4-inet-x-panel\/","url":"https:\/\/www.petroni.hr\/en\/proizvod\/grijalica-truma-combi-4-inet-x-panel\/","name":"Grijalica TRUMA Combi 4 E iNET X panel | Petroni - rent | sale | service | conversions","isPartOf":{"@id":"https:\/\/www.petroni.hr\/en\/#website"},"primaryImageOfPage":{"@id":"https:\/\/www.petroni.hr\/en\/proizvod\/grijalica-truma-combi-4-inet-x-panel\/#primaryimage"},"image":{"@id":"https:\/\/www.petroni.hr\/en\/proizvod\/grijalica-truma-combi-4-inet-x-panel\/#primaryimage"},"thumbnailUrl":"https:\/\/www.petroni.hr\/wp-content\/uploads\/2024\/03\/721922-Truma-Combi-4.jpg","datePublished":"2024-03-21T06:18:32+00:00","dateModified":"2025-12-22T12:45:28+00:00","breadcrumb":{"@id":"https:\/\/www.petroni.hr\/en\/proizvod\/grijalica-truma-combi-4-inet-x-panel\/#breadcrumb"},"inLanguage":"en-US","potentialAction":[{"@type":"ReadAction","target":["https:\/\/www.petroni.hr\/en\/proizvod\/grijalica-truma-combi-4-inet-x-panel\/"]}]},{"@type":"ImageObject","inLanguage":"en-US","@id":"https:\/\/www.petroni.hr\/en\/proizvod\/grijalica-truma-combi-4-inet-x-panel\/#primaryimage","url":"https:\/\/www.petroni.hr\/wp-content\/uploads\/2024\/03\/721922-Truma-Combi-4.jpg","contentUrl":"https:\/\/www.petroni.hr\/wp-content\/uploads\/2024\/03\/721922-Truma-Combi-4.jpg","width":800,"height":565},{"@type":"BreadcrumbList","@id":"https:\/\/www.petroni.hr\/en\/proizvod\/grijalica-truma-combi-4-inet-x-panel\/#breadcrumb","itemListElement":[{"@type":"ListItem","position":1,"name":"Po\u010detna stranica","item":"https:\/\/www.petroni.hr\/en\/"},{"@type":"ListItem","position":2,"name":"Shop","item":"https:\/\/www.petroni.hr\/en\/shop\/"},{"@type":"ListItem","position":3,"name":"Grijalica TRUMA Combi 4 E iNET X panel"}]},{"@type":"WebSite","@id":"https:\/\/www.petroni.hr\/en\/#website","url":"https:\/\/www.petroni.hr\/en\/","name":"Petroni.hr","description":"Experience the unprecedented freedom of travel","publisher":{"@id":"https:\/\/www.petroni.hr\/en\/#organization"},"alternateName":"Petroni","potentialAction":[{"@type":"SearchAction","target":{"@type":"EntryPoint","urlTemplate":"https:\/\/www.petroni.hr\/en\/?s={search_term_string}"},"query-input":{"@type":"PropertyValueSpecification","valueRequired":true,"valueName":"search_term_string"}}],"inLanguage":"en-US"},{"@type":"Organization","@id":"https:\/\/www.petroni.hr\/en\/#organization","name":"Petroni d.o.o.","alternateName":"Petroni","url":"https:\/\/www.petroni.hr\/en\/","logo":{"@type":"ImageObject","inLanguage":"en-US","@id":"https:\/\/www.petroni.hr\/en\/#\/schema\/logo\/image\/","url":"https:\/\/www.petroni.hr\/wp-content\/uploads\/2024\/03\/cropped-Group-3.jpg","contentUrl":"https:\/\/www.petroni.hr\/wp-content\/uploads\/2024\/03\/cropped-Group-3.jpg","width":512,"height":512,"caption":"Petroni d.o.o."},"image":{"@id":"https:\/\/www.petroni.hr\/en\/#\/schema\/logo\/image\/"},"sameAs":["https:\/\/www.facebook.com\/Kamperi.Petroni.Sesvete\/?locale=hr_HR"]}]}},"_links":{"self":[{"href":"https:\/\/www.petroni.hr\/en\/wp-json\/wp\/v2\/product\/19402","targetHints":{"allow":["GET"]}}],"collection":[{"href":"https:\/\/www.petroni.hr\/en\/wp-json\/wp\/v2\/product"}],"about":[{"href":"https:\/\/www.petroni.hr\/en\/wp-json\/wp\/v2\/types\/product"}],"replies":[{"embeddable":true,"href":"https:\/\/www.petroni.hr\/en\/wp-json\/wp\/v2\/comments?post=19402"}],"wp:featuredmedia":[{"embeddable":true,"href":"https:\/\/www.petroni.hr\/en\/wp-json\/wp\/v2\/media\/18924"}],"wp:attachment":[{"href":"https:\/\/www.petroni.hr\/en\/wp-json\/wp\/v2\/media?parent=19402"}],"wp:term":[{"taxonomy":"product_brand","embeddable":true,"href":"https:\/\/www.petroni.hr\/en\/wp-json\/wp\/v2\/product_brand?post=19402"},{"taxonomy":"product_cat","embeddable":true,"href":"https:\/\/www.petroni.hr\/en\/wp-json\/wp\/v2\/product_cat?post=19402"},{"taxonomy":"product_tag","embeddable":true,"href":"https:\/\/www.petroni.hr\/en\/wp-json\/wp\/v2\/product_tag?post=19402"}],"curies":[{"name":"wp","href":"https:\/\/api.w.org\/{rel}","templated":true}]}}