{"id":19389,"date":"2024-03-22T07:02:53","date_gmt":"2024-03-22T06:02:53","guid":{"rendered":"https:\/\/www.petroni.hr\/proizvod\/pipa-mjesalica-za-tus-reich-trend-e\/"},"modified":"2026-04-10T09:00:31","modified_gmt":"2026-04-10T08:00:31","slug":"pipa-mjesalica-za-tus-reich-trend-e","status":"publish","type":"product","link":"https:\/\/www.petroni.hr\/en\/proizvod\/pipa-mjesalica-za-tus-reich-trend-e\/","title":{"rendered":"Pipa-mje\u0161alica za tu\u0161 REICH Trend E"},"content":{"rendered":"<p>Jednoru\u010dna mije\u0161alica TREND E &#8211; Trendsetter.<\/p>\n<p>Mje\u0161alice s jednom rukom imaju vodootporni prekida\u010d i kerami\u010dke ulo\u0161ke za ku\u0107anstvo.<\/p>\n<p>Serijski proizvod kod HYMER-a i ADRIA.<\/p>\n<p>Visina: 105 mm<br \/>\nSpajanje: UNIQUICK<br \/>\nNavoj: 3\/8&#8243;<br \/>\nDu\u017eina crijeva: 60 cm<br \/>\nPreklopni kapacitet maks.: 4 A<br \/>\nTlak zatvaranja (bar): 6 bara<br \/>\nProvrt: \u00d8 33 mm<br \/>\nTe\u017eina: 320g<br \/>\nBoja: Krom<br \/>\nMaterijal: Plastika<\/p>\n","protected":false},"excerpt":{"rendered":"<p>Jednoru\u010dna mije\u0161alica TREND E &#8211; Trendsetter. Mje\u0161alice s jednom rukom imaju vodootporni prekida\u010d i kerami\u010dke ulo\u0161ke za ku\u0107anstvo. Serijski proizvod kod HYMER-a i ADRIA. Visina: 105 mm Spajanje: UNIQUICK Navoj: 3\/8&#8243; Du\u017eina crijeva: 60 cm Preklopni kapacitet maks.: 4 A Tlak zatvaranja (bar): 6 bara Provrt: \u00d8 33 mm Te\u017eina: 320g Boja: Krom Materijal: Plastika<\/p>\n","protected":false},"featured_media":19005,"comment_status":"open","ping_status":"closed","template":"","meta":{"_acf_changed":false,"_themeisle_gutenberg_block_has_review":false},"product_brand":[],"product_cat":[289,286],"product_tag":[],"class_list":{"0":"post-19389","1":"product","2":"type-product","3":"status-publish","4":"has-post-thumbnail","6":"product_cat-pipe-mjesalice-en","7":"product_cat-water-sanitary-en","9":"first","10":"outofstock","11":"shipping-taxable","12":"purchasable","13":"product-type-simple"},"acf":[],"yoast_head":"<!-- This site is optimized with the Yoast SEO plugin v27.4 - https:\/\/yoast.com\/product\/yoast-seo-wordpress\/ -->\n<title>Pipa-mje\u0161alica za tu\u0161 REICH Trend E | Petroni - rent | sale | service | conversions<\/title>\n<meta name=\"robots\" content=\"index, follow, max-snippet:-1, max-image-preview:large, max-video-preview:-1\" \/>\n<link rel=\"canonical\" href=\"https:\/\/www.petroni.hr\/en\/proizvod\/pipa-mjesalica-za-tus-reich-trend-e\/\" \/>\n<meta property=\"og:locale\" content=\"en_US\" \/>\n<meta property=\"og:type\" content=\"article\" \/>\n<meta property=\"og:title\" content=\"Pipa-mje\u0161alica za tu\u0161 REICH Trend E | Petroni - rent | sale | service | conversions\" \/>\n<meta property=\"og:description\" content=\"Jednoru\u010dna mije\u0161alica TREND E &#8211; Trendsetter. Mje\u0161alice s jednom rukom imaju vodootporni prekida\u010d i kerami\u010dke ulo\u0161ke za ku\u0107anstvo. Serijski proizvod kod HYMER-a i ADRIA. Visina: 105 mm Spajanje: UNIQUICK Navoj: 3\/8&#8243; Du\u017eina crijeva: 60 cm Preklopni kapacitet maks.: 4 A Tlak zatvaranja (bar): 6 bara Provrt: \u00d8 33 mm Te\u017eina: 320g Boja: Krom Materijal: Plastika\" \/>\n<meta property=\"og:url\" content=\"https:\/\/www.petroni.hr\/en\/proizvod\/pipa-mjesalica-za-tus-reich-trend-e\/\" \/>\n<meta property=\"og:site_name\" content=\"Petroni - rent | sale | service | conversions\" \/>\n<meta property=\"article:publisher\" content=\"https:\/\/www.facebook.com\/Kamperi.Petroni.Sesvete\/?locale=hr_HR\" \/>\n<meta property=\"article:modified_time\" content=\"2026-04-10T08:00:31+00:00\" \/>\n<meta property=\"og:image\" content=\"https:\/\/www.petroni.hr\/wp-content\/uploads\/2024\/03\/631362-mjesalica-Trend-Reich-Adria-Hymer.jpg\" \/>\n\t<meta property=\"og:image:width\" content=\"700\" \/>\n\t<meta property=\"og:image:height\" content=\"494\" \/>\n\t<meta property=\"og:image:type\" content=\"image\/jpeg\" \/>\n<meta name=\"twitter:card\" content=\"summary_large_image\" \/>\n<meta name=\"twitter:label1\" content=\"Est. reading time\" \/>\n\t<meta name=\"twitter:data1\" content=\"1 minute\" \/>\n<script type=\"application\/ld+json\" class=\"yoast-schema-graph\">{\"@context\":\"https:\\\/\\\/schema.org\",\"@graph\":[{\"@type\":\"WebPage\",\"@id\":\"https:\\\/\\\/www.petroni.hr\\\/en\\\/proizvod\\\/pipa-mjesalica-za-tus-reich-trend-e\\\/\",\"url\":\"https:\\\/\\\/www.petroni.hr\\\/en\\\/proizvod\\\/pipa-mjesalica-za-tus-reich-trend-e\\\/\",\"name\":\"Pipa-mje\u0161alica za tu\u0161 REICH Trend E | Petroni - rent | sale | service | conversions\",\"isPartOf\":{\"@id\":\"https:\\\/\\\/www.petroni.hr\\\/en\\\/#website\"},\"primaryImageOfPage\":{\"@id\":\"https:\\\/\\\/www.petroni.hr\\\/en\\\/proizvod\\\/pipa-mjesalica-za-tus-reich-trend-e\\\/#primaryimage\"},\"image\":{\"@id\":\"https:\\\/\\\/www.petroni.hr\\\/en\\\/proizvod\\\/pipa-mjesalica-za-tus-reich-trend-e\\\/#primaryimage\"},\"thumbnailUrl\":\"https:\\\/\\\/www.petroni.hr\\\/wp-content\\\/uploads\\\/2024\\\/03\\\/631362-mjesalica-Trend-Reich-Adria-Hymer.jpg\",\"datePublished\":\"2024-03-22T06:02:53+00:00\",\"dateModified\":\"2026-04-10T08:00:31+00:00\",\"breadcrumb\":{\"@id\":\"https:\\\/\\\/www.petroni.hr\\\/en\\\/proizvod\\\/pipa-mjesalica-za-tus-reich-trend-e\\\/#breadcrumb\"},\"inLanguage\":\"en-US\",\"potentialAction\":[{\"@type\":\"ReadAction\",\"target\":[\"https:\\\/\\\/www.petroni.hr\\\/en\\\/proizvod\\\/pipa-mjesalica-za-tus-reich-trend-e\\\/\"]}]},{\"@type\":\"ImageObject\",\"inLanguage\":\"en-US\",\"@id\":\"https:\\\/\\\/www.petroni.hr\\\/en\\\/proizvod\\\/pipa-mjesalica-za-tus-reich-trend-e\\\/#primaryimage\",\"url\":\"https:\\\/\\\/www.petroni.hr\\\/wp-content\\\/uploads\\\/2024\\\/03\\\/631362-mjesalica-Trend-Reich-Adria-Hymer.jpg\",\"contentUrl\":\"https:\\\/\\\/www.petroni.hr\\\/wp-content\\\/uploads\\\/2024\\\/03\\\/631362-mjesalica-Trend-Reich-Adria-Hymer.jpg\",\"width\":700,\"height\":494},{\"@type\":\"BreadcrumbList\",\"@id\":\"https:\\\/\\\/www.petroni.hr\\\/en\\\/proizvod\\\/pipa-mjesalica-za-tus-reich-trend-e\\\/#breadcrumb\",\"itemListElement\":[{\"@type\":\"ListItem\",\"position\":1,\"name\":\"Po\u010detna stranica\",\"item\":\"https:\\\/\\\/www.petroni.hr\\\/en\\\/\"},{\"@type\":\"ListItem\",\"position\":2,\"name\":\"Shop\",\"item\":\"https:\\\/\\\/www.petroni.hr\\\/en\\\/shop\\\/\"},{\"@type\":\"ListItem\",\"position\":3,\"name\":\"Pipa-mje\u0161alica za tu\u0161 REICH Trend E\"}]},{\"@type\":\"WebSite\",\"@id\":\"https:\\\/\\\/www.petroni.hr\\\/en\\\/#website\",\"url\":\"https:\\\/\\\/www.petroni.hr\\\/en\\\/\",\"name\":\"Petroni.hr\",\"description\":\"Experience the unprecedented freedom of travel\",\"publisher\":{\"@id\":\"https:\\\/\\\/www.petroni.hr\\\/en\\\/#organization\"},\"alternateName\":\"Petroni\",\"potentialAction\":[{\"@type\":\"SearchAction\",\"target\":{\"@type\":\"EntryPoint\",\"urlTemplate\":\"https:\\\/\\\/www.petroni.hr\\\/en\\\/?s={search_term_string}\"},\"query-input\":{\"@type\":\"PropertyValueSpecification\",\"valueRequired\":true,\"valueName\":\"search_term_string\"}}],\"inLanguage\":\"en-US\"},{\"@type\":\"Organization\",\"@id\":\"https:\\\/\\\/www.petroni.hr\\\/en\\\/#organization\",\"name\":\"Petroni d.o.o.\",\"alternateName\":\"Petroni\",\"url\":\"https:\\\/\\\/www.petroni.hr\\\/en\\\/\",\"logo\":{\"@type\":\"ImageObject\",\"inLanguage\":\"en-US\",\"@id\":\"https:\\\/\\\/www.petroni.hr\\\/en\\\/#\\\/schema\\\/logo\\\/image\\\/\",\"url\":\"https:\\\/\\\/www.petroni.hr\\\/wp-content\\\/uploads\\\/2024\\\/03\\\/cropped-Group-3.jpg\",\"contentUrl\":\"https:\\\/\\\/www.petroni.hr\\\/wp-content\\\/uploads\\\/2024\\\/03\\\/cropped-Group-3.jpg\",\"width\":512,\"height\":512,\"caption\":\"Petroni d.o.o.\"},\"image\":{\"@id\":\"https:\\\/\\\/www.petroni.hr\\\/en\\\/#\\\/schema\\\/logo\\\/image\\\/\"},\"sameAs\":[\"https:\\\/\\\/www.facebook.com\\\/Kamperi.Petroni.Sesvete\\\/?locale=hr_HR\"]}]}<\/script>\n<!-- \/ Yoast SEO plugin. -->","yoast_head_json":{"title":"Pipa-mje\u0161alica za tu\u0161 REICH Trend E | Petroni - rent | sale | service | conversions","robots":{"index":"index","follow":"follow","max-snippet":"max-snippet:-1","max-image-preview":"max-image-preview:large","max-video-preview":"max-video-preview:-1"},"canonical":"https:\/\/www.petroni.hr\/en\/proizvod\/pipa-mjesalica-za-tus-reich-trend-e\/","og_locale":"en_US","og_type":"article","og_title":"Pipa-mje\u0161alica za tu\u0161 REICH Trend E | Petroni - rent | sale | service | conversions","og_description":"Jednoru\u010dna mije\u0161alica TREND E &#8211; Trendsetter. Mje\u0161alice s jednom rukom imaju vodootporni prekida\u010d i kerami\u010dke ulo\u0161ke za ku\u0107anstvo. Serijski proizvod kod HYMER-a i ADRIA. Visina: 105 mm Spajanje: UNIQUICK Navoj: 3\/8&#8243; Du\u017eina crijeva: 60 cm Preklopni kapacitet maks.: 4 A Tlak zatvaranja (bar): 6 bara Provrt: \u00d8 33 mm Te\u017eina: 320g Boja: Krom Materijal: Plastika","og_url":"https:\/\/www.petroni.hr\/en\/proizvod\/pipa-mjesalica-za-tus-reich-trend-e\/","og_site_name":"Petroni - rent | sale | service | conversions","article_publisher":"https:\/\/www.facebook.com\/Kamperi.Petroni.Sesvete\/?locale=hr_HR","article_modified_time":"2026-04-10T08:00:31+00:00","og_image":[{"width":700,"height":494,"url":"https:\/\/www.petroni.hr\/wp-content\/uploads\/2024\/03\/631362-mjesalica-Trend-Reich-Adria-Hymer.jpg","type":"image\/jpeg"}],"twitter_card":"summary_large_image","twitter_misc":{"Est. reading time":"1 minute"},"schema":{"@context":"https:\/\/schema.org","@graph":[{"@type":"WebPage","@id":"https:\/\/www.petroni.hr\/en\/proizvod\/pipa-mjesalica-za-tus-reich-trend-e\/","url":"https:\/\/www.petroni.hr\/en\/proizvod\/pipa-mjesalica-za-tus-reich-trend-e\/","name":"Pipa-mje\u0161alica za tu\u0161 REICH Trend E | Petroni - rent | sale | service | conversions","isPartOf":{"@id":"https:\/\/www.petroni.hr\/en\/#website"},"primaryImageOfPage":{"@id":"https:\/\/www.petroni.hr\/en\/proizvod\/pipa-mjesalica-za-tus-reich-trend-e\/#primaryimage"},"image":{"@id":"https:\/\/www.petroni.hr\/en\/proizvod\/pipa-mjesalica-za-tus-reich-trend-e\/#primaryimage"},"thumbnailUrl":"https:\/\/www.petroni.hr\/wp-content\/uploads\/2024\/03\/631362-mjesalica-Trend-Reich-Adria-Hymer.jpg","datePublished":"2024-03-22T06:02:53+00:00","dateModified":"2026-04-10T08:00:31+00:00","breadcrumb":{"@id":"https:\/\/www.petroni.hr\/en\/proizvod\/pipa-mjesalica-za-tus-reich-trend-e\/#breadcrumb"},"inLanguage":"en-US","potentialAction":[{"@type":"ReadAction","target":["https:\/\/www.petroni.hr\/en\/proizvod\/pipa-mjesalica-za-tus-reich-trend-e\/"]}]},{"@type":"ImageObject","inLanguage":"en-US","@id":"https:\/\/www.petroni.hr\/en\/proizvod\/pipa-mjesalica-za-tus-reich-trend-e\/#primaryimage","url":"https:\/\/www.petroni.hr\/wp-content\/uploads\/2024\/03\/631362-mjesalica-Trend-Reich-Adria-Hymer.jpg","contentUrl":"https:\/\/www.petroni.hr\/wp-content\/uploads\/2024\/03\/631362-mjesalica-Trend-Reich-Adria-Hymer.jpg","width":700,"height":494},{"@type":"BreadcrumbList","@id":"https:\/\/www.petroni.hr\/en\/proizvod\/pipa-mjesalica-za-tus-reich-trend-e\/#breadcrumb","itemListElement":[{"@type":"ListItem","position":1,"name":"Po\u010detna stranica","item":"https:\/\/www.petroni.hr\/en\/"},{"@type":"ListItem","position":2,"name":"Shop","item":"https:\/\/www.petroni.hr\/en\/shop\/"},{"@type":"ListItem","position":3,"name":"Pipa-mje\u0161alica za tu\u0161 REICH Trend E"}]},{"@type":"WebSite","@id":"https:\/\/www.petroni.hr\/en\/#website","url":"https:\/\/www.petroni.hr\/en\/","name":"Petroni.hr","description":"Experience the unprecedented freedom of travel","publisher":{"@id":"https:\/\/www.petroni.hr\/en\/#organization"},"alternateName":"Petroni","potentialAction":[{"@type":"SearchAction","target":{"@type":"EntryPoint","urlTemplate":"https:\/\/www.petroni.hr\/en\/?s={search_term_string}"},"query-input":{"@type":"PropertyValueSpecification","valueRequired":true,"valueName":"search_term_string"}}],"inLanguage":"en-US"},{"@type":"Organization","@id":"https:\/\/www.petroni.hr\/en\/#organization","name":"Petroni d.o.o.","alternateName":"Petroni","url":"https:\/\/www.petroni.hr\/en\/","logo":{"@type":"ImageObject","inLanguage":"en-US","@id":"https:\/\/www.petroni.hr\/en\/#\/schema\/logo\/image\/","url":"https:\/\/www.petroni.hr\/wp-content\/uploads\/2024\/03\/cropped-Group-3.jpg","contentUrl":"https:\/\/www.petroni.hr\/wp-content\/uploads\/2024\/03\/cropped-Group-3.jpg","width":512,"height":512,"caption":"Petroni d.o.o."},"image":{"@id":"https:\/\/www.petroni.hr\/en\/#\/schema\/logo\/image\/"},"sameAs":["https:\/\/www.facebook.com\/Kamperi.Petroni.Sesvete\/?locale=hr_HR"]}]}},"_links":{"self":[{"href":"https:\/\/www.petroni.hr\/en\/wp-json\/wp\/v2\/product\/19389","targetHints":{"allow":["GET"]}}],"collection":[{"href":"https:\/\/www.petroni.hr\/en\/wp-json\/wp\/v2\/product"}],"about":[{"href":"https:\/\/www.petroni.hr\/en\/wp-json\/wp\/v2\/types\/product"}],"replies":[{"embeddable":true,"href":"https:\/\/www.petroni.hr\/en\/wp-json\/wp\/v2\/comments?post=19389"}],"wp:featuredmedia":[{"embeddable":true,"href":"https:\/\/www.petroni.hr\/en\/wp-json\/wp\/v2\/media\/19005"}],"wp:attachment":[{"href":"https:\/\/www.petroni.hr\/en\/wp-json\/wp\/v2\/media?parent=19389"}],"wp:term":[{"taxonomy":"product_brand","embeddable":true,"href":"https:\/\/www.petroni.hr\/en\/wp-json\/wp\/v2\/product_brand?post=19389"},{"taxonomy":"product_cat","embeddable":true,"href":"https:\/\/www.petroni.hr\/en\/wp-json\/wp\/v2\/product_cat?post=19389"},{"taxonomy":"product_tag","embeddable":true,"href":"https:\/\/www.petroni.hr\/en\/wp-json\/wp\/v2\/product_tag?post=19389"}],"curies":[{"name":"wp","href":"https:\/\/api.w.org\/{rel}","templated":true}]}}