{"id":19381,"date":"2024-03-23T07:09:19","date_gmt":"2024-03-23T06:09:19","guid":{"rendered":"https:\/\/www.petroni.hr\/proizvod\/kartusa-plinska-220g-butan-100\/"},"modified":"2025-08-18T11:55:39","modified_gmt":"2025-08-18T10:55:39","slug":"kartusa-plinska-220g-butan-100","status":"publish","type":"product","link":"https:\/\/www.petroni.hr\/en\/proizvod\/kartusa-plinska-220g-butan-100\/","title":{"rendered":"Kartu\u0161a plinska 220g Butan 100%"},"content":{"rendered":"<p>Ventilski ulo\u017eak 220 g &#8211; CRV plinski ulo\u017eak<\/p>\n<p>CRV plinski ulo\u017eak\/ulo\u017eak s bajonetnim ventilom<\/p>\n<p>U tipi\u010dnom Camp4 dizajnu s nenadma\u0161nim omjerom cijene i u\u010dinka. Konstantan protok plina od po\u010detka do kraja osigurava dosljednu izvedbu.<\/p>\n<p>Sustav CRV (Countersink Release Vent) sprje\u010dava eksplozije pod ekstremno visokim temperaturama i pritiscima. 100% butan.<\/p>\n<p>Plinska smjesa: butan<br \/>\nSadr\u017eaj: 220 g<br \/>\nNavoj: ventil<br \/>\nPromjer: \u00d8 6,5 cm<br \/>\nVisina: 20 cm<\/p>\n<p>Informacije o opasnosti:<\/p>\n<p>Opasnost &#8211;<\/p>\n<p>H220: Vrlo zapaljiv plin.<br \/>\nH280 : Sadr\u017ei plin pod tlakom<br \/>\nH281: mo\u017ee eksplodirati ako se zagrijava.<br \/>\nH336 Mo\u017ee izazvati pospanost i vrtoglavicu.<\/p>\n","protected":false},"excerpt":{"rendered":"<p>Ventilski ulo\u017eak 220 g &#8211; CRV plinski ulo\u017eak CRV plinski ulo\u017eak\/ulo\u017eak s bajonetnim ventilom U tipi\u010dnom Camp4 dizajnu s nenadma\u0161nim omjerom cijene i u\u010dinka. Konstantan protok plina od po\u010detka do kraja osigurava dosljednu izvedbu. Sustav CRV (Countersink Release Vent) sprje\u010dava eksplozije pod ekstremno visokim temperaturama i pritiscima. 100% butan. Plinska smjesa: butan Sadr\u017eaj: 220 g [&hellip;]<\/p>\n","protected":false},"featured_media":19052,"comment_status":"open","ping_status":"closed","template":"","meta":{"_acf_changed":false,"_themeisle_gutenberg_block_has_review":false},"product_brand":[],"product_cat":[275],"product_tag":[],"class_list":{"0":"post-19381","1":"product","2":"type-product","3":"status-publish","4":"has-post-thumbnail","6":"product_cat-gas-tehnology-en","8":"first","9":"instock","10":"shipping-taxable","11":"purchasable","12":"product-type-simple"},"acf":[],"yoast_head":"<!-- This site is optimized with the Yoast SEO plugin v27.4 - https:\/\/yoast.com\/product\/yoast-seo-wordpress\/ -->\n<title>Kartu\u0161a plinska 220g Butan 100% | Petroni - rent | sale | service | conversions<\/title>\n<meta name=\"robots\" content=\"index, follow, max-snippet:-1, max-image-preview:large, max-video-preview:-1\" \/>\n<link rel=\"canonical\" href=\"https:\/\/www.petroni.hr\/en\/proizvod\/kartusa-plinska-220g-butan-100\/\" \/>\n<meta property=\"og:locale\" content=\"en_US\" \/>\n<meta property=\"og:type\" content=\"article\" \/>\n<meta property=\"og:title\" content=\"Kartu\u0161a plinska 220g Butan 100% | Petroni - rent | sale | service | conversions\" \/>\n<meta property=\"og:description\" content=\"Ventilski ulo\u017eak 220 g &#8211; CRV plinski ulo\u017eak CRV plinski ulo\u017eak\/ulo\u017eak s bajonetnim ventilom U tipi\u010dnom Camp4 dizajnu s nenadma\u0161nim omjerom cijene i u\u010dinka. Konstantan protok plina od po\u010detka do kraja osigurava dosljednu izvedbu. Sustav CRV (Countersink Release Vent) sprje\u010dava eksplozije pod ekstremno visokim temperaturama i pritiscima. 100% butan. Plinska smjesa: butan Sadr\u017eaj: 220 g [&hellip;]\" \/>\n<meta property=\"og:url\" content=\"https:\/\/www.petroni.hr\/en\/proizvod\/kartusa-plinska-220g-butan-100\/\" \/>\n<meta property=\"og:site_name\" content=\"Petroni - rent | sale | service | conversions\" \/>\n<meta property=\"article:publisher\" content=\"https:\/\/www.facebook.com\/Kamperi.Petroni.Sesvete\/?locale=hr_HR\" \/>\n<meta property=\"article:modified_time\" content=\"2025-08-18T10:55:39+00:00\" \/>\n<meta property=\"og:image\" content=\"https:\/\/www.petroni.hr\/wp-content\/uploads\/2024\/03\/942000-Kartusa-plinska.jpg\" \/>\n\t<meta property=\"og:image:width\" content=\"205\" \/>\n\t<meta property=\"og:image:height\" content=\"600\" \/>\n\t<meta property=\"og:image:type\" content=\"image\/jpeg\" \/>\n<meta name=\"twitter:card\" content=\"summary_large_image\" \/>\n<meta name=\"twitter:label1\" content=\"Est. reading time\" \/>\n\t<meta name=\"twitter:data1\" content=\"1 minute\" \/>\n<script type=\"application\/ld+json\" class=\"yoast-schema-graph\">{\"@context\":\"https:\\\/\\\/schema.org\",\"@graph\":[{\"@type\":\"WebPage\",\"@id\":\"https:\\\/\\\/www.petroni.hr\\\/en\\\/proizvod\\\/kartusa-plinska-220g-butan-100\\\/\",\"url\":\"https:\\\/\\\/www.petroni.hr\\\/en\\\/proizvod\\\/kartusa-plinska-220g-butan-100\\\/\",\"name\":\"Kartu\u0161a plinska 220g Butan 100% | Petroni - rent | sale | service | conversions\",\"isPartOf\":{\"@id\":\"https:\\\/\\\/www.petroni.hr\\\/en\\\/#website\"},\"primaryImageOfPage\":{\"@id\":\"https:\\\/\\\/www.petroni.hr\\\/en\\\/proizvod\\\/kartusa-plinska-220g-butan-100\\\/#primaryimage\"},\"image\":{\"@id\":\"https:\\\/\\\/www.petroni.hr\\\/en\\\/proizvod\\\/kartusa-plinska-220g-butan-100\\\/#primaryimage\"},\"thumbnailUrl\":\"https:\\\/\\\/www.petroni.hr\\\/wp-content\\\/uploads\\\/2024\\\/03\\\/942000-Kartusa-plinska.jpg\",\"datePublished\":\"2024-03-23T06:09:19+00:00\",\"dateModified\":\"2025-08-18T10:55:39+00:00\",\"breadcrumb\":{\"@id\":\"https:\\\/\\\/www.petroni.hr\\\/en\\\/proizvod\\\/kartusa-plinska-220g-butan-100\\\/#breadcrumb\"},\"inLanguage\":\"en-US\",\"potentialAction\":[{\"@type\":\"ReadAction\",\"target\":[\"https:\\\/\\\/www.petroni.hr\\\/en\\\/proizvod\\\/kartusa-plinska-220g-butan-100\\\/\"]}]},{\"@type\":\"ImageObject\",\"inLanguage\":\"en-US\",\"@id\":\"https:\\\/\\\/www.petroni.hr\\\/en\\\/proizvod\\\/kartusa-plinska-220g-butan-100\\\/#primaryimage\",\"url\":\"https:\\\/\\\/www.petroni.hr\\\/wp-content\\\/uploads\\\/2024\\\/03\\\/942000-Kartusa-plinska.jpg\",\"contentUrl\":\"https:\\\/\\\/www.petroni.hr\\\/wp-content\\\/uploads\\\/2024\\\/03\\\/942000-Kartusa-plinska.jpg\",\"width\":205,\"height\":600},{\"@type\":\"BreadcrumbList\",\"@id\":\"https:\\\/\\\/www.petroni.hr\\\/en\\\/proizvod\\\/kartusa-plinska-220g-butan-100\\\/#breadcrumb\",\"itemListElement\":[{\"@type\":\"ListItem\",\"position\":1,\"name\":\"Po\u010detna stranica\",\"item\":\"https:\\\/\\\/www.petroni.hr\\\/en\\\/\"},{\"@type\":\"ListItem\",\"position\":2,\"name\":\"Shop\",\"item\":\"https:\\\/\\\/www.petroni.hr\\\/en\\\/shop\\\/\"},{\"@type\":\"ListItem\",\"position\":3,\"name\":\"Kartu\u0161a plinska 220g Butan 100%\"}]},{\"@type\":\"WebSite\",\"@id\":\"https:\\\/\\\/www.petroni.hr\\\/en\\\/#website\",\"url\":\"https:\\\/\\\/www.petroni.hr\\\/en\\\/\",\"name\":\"Petroni.hr\",\"description\":\"Experience the unprecedented freedom of travel\",\"publisher\":{\"@id\":\"https:\\\/\\\/www.petroni.hr\\\/en\\\/#organization\"},\"alternateName\":\"Petroni\",\"potentialAction\":[{\"@type\":\"SearchAction\",\"target\":{\"@type\":\"EntryPoint\",\"urlTemplate\":\"https:\\\/\\\/www.petroni.hr\\\/en\\\/?s={search_term_string}\"},\"query-input\":{\"@type\":\"PropertyValueSpecification\",\"valueRequired\":true,\"valueName\":\"search_term_string\"}}],\"inLanguage\":\"en-US\"},{\"@type\":\"Organization\",\"@id\":\"https:\\\/\\\/www.petroni.hr\\\/en\\\/#organization\",\"name\":\"Petroni d.o.o.\",\"alternateName\":\"Petroni\",\"url\":\"https:\\\/\\\/www.petroni.hr\\\/en\\\/\",\"logo\":{\"@type\":\"ImageObject\",\"inLanguage\":\"en-US\",\"@id\":\"https:\\\/\\\/www.petroni.hr\\\/en\\\/#\\\/schema\\\/logo\\\/image\\\/\",\"url\":\"https:\\\/\\\/www.petroni.hr\\\/wp-content\\\/uploads\\\/2024\\\/03\\\/cropped-Group-3.jpg\",\"contentUrl\":\"https:\\\/\\\/www.petroni.hr\\\/wp-content\\\/uploads\\\/2024\\\/03\\\/cropped-Group-3.jpg\",\"width\":512,\"height\":512,\"caption\":\"Petroni d.o.o.\"},\"image\":{\"@id\":\"https:\\\/\\\/www.petroni.hr\\\/en\\\/#\\\/schema\\\/logo\\\/image\\\/\"},\"sameAs\":[\"https:\\\/\\\/www.facebook.com\\\/Kamperi.Petroni.Sesvete\\\/?locale=hr_HR\"]}]}<\/script>\n<!-- \/ Yoast SEO plugin. -->","yoast_head_json":{"title":"Kartu\u0161a plinska 220g Butan 100% | Petroni - rent | sale | service | conversions","robots":{"index":"index","follow":"follow","max-snippet":"max-snippet:-1","max-image-preview":"max-image-preview:large","max-video-preview":"max-video-preview:-1"},"canonical":"https:\/\/www.petroni.hr\/en\/proizvod\/kartusa-plinska-220g-butan-100\/","og_locale":"en_US","og_type":"article","og_title":"Kartu\u0161a plinska 220g Butan 100% | Petroni - rent | sale | service | conversions","og_description":"Ventilski ulo\u017eak 220 g &#8211; CRV plinski ulo\u017eak CRV plinski ulo\u017eak\/ulo\u017eak s bajonetnim ventilom U tipi\u010dnom Camp4 dizajnu s nenadma\u0161nim omjerom cijene i u\u010dinka. Konstantan protok plina od po\u010detka do kraja osigurava dosljednu izvedbu. Sustav CRV (Countersink Release Vent) sprje\u010dava eksplozije pod ekstremno visokim temperaturama i pritiscima. 100% butan. Plinska smjesa: butan Sadr\u017eaj: 220 g [&hellip;]","og_url":"https:\/\/www.petroni.hr\/en\/proizvod\/kartusa-plinska-220g-butan-100\/","og_site_name":"Petroni - rent | sale | service | conversions","article_publisher":"https:\/\/www.facebook.com\/Kamperi.Petroni.Sesvete\/?locale=hr_HR","article_modified_time":"2025-08-18T10:55:39+00:00","og_image":[{"width":205,"height":600,"url":"https:\/\/www.petroni.hr\/wp-content\/uploads\/2024\/03\/942000-Kartusa-plinska.jpg","type":"image\/jpeg"}],"twitter_card":"summary_large_image","twitter_misc":{"Est. reading time":"1 minute"},"schema":{"@context":"https:\/\/schema.org","@graph":[{"@type":"WebPage","@id":"https:\/\/www.petroni.hr\/en\/proizvod\/kartusa-plinska-220g-butan-100\/","url":"https:\/\/www.petroni.hr\/en\/proizvod\/kartusa-plinska-220g-butan-100\/","name":"Kartu\u0161a plinska 220g Butan 100% | Petroni - rent | sale | service | conversions","isPartOf":{"@id":"https:\/\/www.petroni.hr\/en\/#website"},"primaryImageOfPage":{"@id":"https:\/\/www.petroni.hr\/en\/proizvod\/kartusa-plinska-220g-butan-100\/#primaryimage"},"image":{"@id":"https:\/\/www.petroni.hr\/en\/proizvod\/kartusa-plinska-220g-butan-100\/#primaryimage"},"thumbnailUrl":"https:\/\/www.petroni.hr\/wp-content\/uploads\/2024\/03\/942000-Kartusa-plinska.jpg","datePublished":"2024-03-23T06:09:19+00:00","dateModified":"2025-08-18T10:55:39+00:00","breadcrumb":{"@id":"https:\/\/www.petroni.hr\/en\/proizvod\/kartusa-plinska-220g-butan-100\/#breadcrumb"},"inLanguage":"en-US","potentialAction":[{"@type":"ReadAction","target":["https:\/\/www.petroni.hr\/en\/proizvod\/kartusa-plinska-220g-butan-100\/"]}]},{"@type":"ImageObject","inLanguage":"en-US","@id":"https:\/\/www.petroni.hr\/en\/proizvod\/kartusa-plinska-220g-butan-100\/#primaryimage","url":"https:\/\/www.petroni.hr\/wp-content\/uploads\/2024\/03\/942000-Kartusa-plinska.jpg","contentUrl":"https:\/\/www.petroni.hr\/wp-content\/uploads\/2024\/03\/942000-Kartusa-plinska.jpg","width":205,"height":600},{"@type":"BreadcrumbList","@id":"https:\/\/www.petroni.hr\/en\/proizvod\/kartusa-plinska-220g-butan-100\/#breadcrumb","itemListElement":[{"@type":"ListItem","position":1,"name":"Po\u010detna stranica","item":"https:\/\/www.petroni.hr\/en\/"},{"@type":"ListItem","position":2,"name":"Shop","item":"https:\/\/www.petroni.hr\/en\/shop\/"},{"@type":"ListItem","position":3,"name":"Kartu\u0161a plinska 220g Butan 100%"}]},{"@type":"WebSite","@id":"https:\/\/www.petroni.hr\/en\/#website","url":"https:\/\/www.petroni.hr\/en\/","name":"Petroni.hr","description":"Experience the unprecedented freedom of travel","publisher":{"@id":"https:\/\/www.petroni.hr\/en\/#organization"},"alternateName":"Petroni","potentialAction":[{"@type":"SearchAction","target":{"@type":"EntryPoint","urlTemplate":"https:\/\/www.petroni.hr\/en\/?s={search_term_string}"},"query-input":{"@type":"PropertyValueSpecification","valueRequired":true,"valueName":"search_term_string"}}],"inLanguage":"en-US"},{"@type":"Organization","@id":"https:\/\/www.petroni.hr\/en\/#organization","name":"Petroni d.o.o.","alternateName":"Petroni","url":"https:\/\/www.petroni.hr\/en\/","logo":{"@type":"ImageObject","inLanguage":"en-US","@id":"https:\/\/www.petroni.hr\/en\/#\/schema\/logo\/image\/","url":"https:\/\/www.petroni.hr\/wp-content\/uploads\/2024\/03\/cropped-Group-3.jpg","contentUrl":"https:\/\/www.petroni.hr\/wp-content\/uploads\/2024\/03\/cropped-Group-3.jpg","width":512,"height":512,"caption":"Petroni d.o.o."},"image":{"@id":"https:\/\/www.petroni.hr\/en\/#\/schema\/logo\/image\/"},"sameAs":["https:\/\/www.facebook.com\/Kamperi.Petroni.Sesvete\/?locale=hr_HR"]}]}},"_links":{"self":[{"href":"https:\/\/www.petroni.hr\/en\/wp-json\/wp\/v2\/product\/19381","targetHints":{"allow":["GET"]}}],"collection":[{"href":"https:\/\/www.petroni.hr\/en\/wp-json\/wp\/v2\/product"}],"about":[{"href":"https:\/\/www.petroni.hr\/en\/wp-json\/wp\/v2\/types\/product"}],"replies":[{"embeddable":true,"href":"https:\/\/www.petroni.hr\/en\/wp-json\/wp\/v2\/comments?post=19381"}],"wp:featuredmedia":[{"embeddable":true,"href":"https:\/\/www.petroni.hr\/en\/wp-json\/wp\/v2\/media\/19052"}],"wp:attachment":[{"href":"https:\/\/www.petroni.hr\/en\/wp-json\/wp\/v2\/media?parent=19381"}],"wp:term":[{"taxonomy":"product_brand","embeddable":true,"href":"https:\/\/www.petroni.hr\/en\/wp-json\/wp\/v2\/product_brand?post=19381"},{"taxonomy":"product_cat","embeddable":true,"href":"https:\/\/www.petroni.hr\/en\/wp-json\/wp\/v2\/product_cat?post=19381"},{"taxonomy":"product_tag","embeddable":true,"href":"https:\/\/www.petroni.hr\/en\/wp-json\/wp\/v2\/product_tag?post=19381"}],"curies":[{"name":"wp","href":"https:\/\/api.w.org\/{rel}","templated":true}]}}