{"id":19371,"date":"2024-03-23T09:13:32","date_gmt":"2024-03-23T08:13:32","guid":{"rendered":"https:\/\/www.petroni.hr\/proizvod\/detektor-curenja-plina-gasokay\/"},"modified":"2026-03-05T11:02:36","modified_gmt":"2026-03-05T10:02:36","slug":"detektor-curenja-plina-gasokay","status":"publish","type":"product","link":"https:\/\/www.petroni.hr\/en\/proizvod\/detektor-curenja-plina-gasokay\/","title":{"rendered":"Detektor curenja plina GasOkay"},"content":{"rendered":"<p><span>Ovaj ure\u0111aj se postavlja\u00a0<\/span><strong><span>na bilo kojem mjestu<\/span><\/strong><span>\u00a0u plinskom krugu, a\u00a0<\/span><strong><span>sastoji se od cilindra unutar kojeg su smje\u0161tene dvije me\u0111usobno povezane niti<\/span><\/strong><span>\u00a0. Unutar njih nalazi se ru\u017ei\u010dasta viskozna teku\u0107ina. Pritiskom na cilindar plin prelazi u krug ampula koje su me\u0111usobno povezane. Ako je do\u0161lo do curenja,\u00a0<\/span><strong><span>uzvodno ili nizvodno<\/span><\/strong><span>\u00a0od ure\u0111aja, teku\u0107ina unutar koje je normalno na istoj razini u dvije okomite grane, po\u010dela bi\u00a0<\/span><strong><span>te\u0107i prema strani<\/span><\/strong><span>\u00a0sustava gdje\u00a0<\/span><strong><span>postoji<\/span><\/strong><span>\u00a0gubitak tlaka.<\/span><\/p>\n<p><span>Nakon \u0161to ste razumjeli\u00a0<\/span><strong><span>u kojem se dijelu sustava\u00a0<\/span><\/strong><strong><span>nalazi curenje<\/span><\/strong><span>\u00a0, bilo prema cilindru ili prema korisnicima poput \u0161tednjaka ili \u0161tednjaka,\u00a0<\/span><strong><span>mogu se provesti ciljane provjere<\/span><\/strong><span>\u00a0. Pomo\u0107u detektora curenja ili sapunice mo\u017eete provjeriti spojeve cilindra, regulatora i vi\u0161e. Ako nije odmah jasno \u0161to uzrokuje curenje,\u00a0<\/span><strong><span>cilindar treba zatvoriti<\/span><\/strong><span> i vozilo odvesti u\u00a0<\/span><strong><span>ovla\u0161teni servis<\/span><\/strong><span>\u00a0.<\/span><\/p>\n<p>Podignite razinu sigurnosti plinskog sustava va\u0161eg vozila s GasOkay trenutnim detektorom curenja!<br \/>\nTo je sigurnosni ure\u0111aj jednostavan za kori\u0161tenje koji vam omogu\u0107uje da samostalno testirate nepropusnost va\u0161eg plinskog sustava, odmah otkrivaju\u0107i ima li curenja, \u010dak i onih najmanjih. Pouzdan alat za provo\u0111enje trenutne provjere sustava ako se sumnja na curenje.<\/p>\n<p>Kako radi?<br \/>\nDvije ampule s ru\u017ei\u010dastom \u017eelatiranom teku\u0107inom smje\u0161tene su unutar plave kapsule. Kada se kapsula pritisne, ampule se spajaju na sustav i dolaze pod pritisak, dok ih LED svjetlo osvjetljava pozadinskim svjetlom kako bi se olak\u0161alo o\u010ditavanje. Ako je sustav pod pravilnim tlakom, razina teku\u0107ine izme\u0111u dviju ampula bit \u0107e ista; ako postoji curenje, razina teku\u0107ine \u0107e se pomaknuti unutar jedne od dviju ampula, u smjeru curenja plina.<br \/>\nOsim otkrivanja gubitka tlaka, GasOkay vam stoga omogu\u0107uje da znate u kojem dijelu sustava trebate tra\u017eiti to\u010dku koju treba popraviti, bilo uzvodno ili nizvodno od detektora, olak\u0161avaju\u0107i ovu operaciju.<\/p>\n<p>Kako ga instalirati?<br \/>\nGasOkay se montira na plinski vod s \u00d8 8 mm krutim spojnim elementima za cijevi. Tako\u0111er je mogu\u0107e instalirati vi\u0161e od jednog na strate\u0161kim to\u010dkama, na primjer izme\u0111u regulatora tlaka i razvodnih slavina ili izme\u0111u potonjih i zavr\u0161nih ure\u0111aja. Na ovaj na\u010din bit \u0107e mogu\u0107e nadzirati cijeli sustav dijele\u0107i ga na sektore, \u0161to \u0107e olak\u0161ati prepoznavanje eventualnih kriti\u010dnosti.<\/p>\n<p>Prednosti GasOkaya<br \/>\n&#8211; Omogu\u0107uje krajnjem korisniku samostalno testiranje postrojenja u bilo kojem trenutku<br \/>\n&#8211; Trenuta\u010dno detektira svako curenje plina u sustavu, \u010dak i ono najmanje<br \/>\n&#8211; Olak\u0161ava otkrivanje curenja radi popravka smanjenjem broja dijelova postrojenja koje treba pregledati.<\/p>\n<p>&nbsp;<\/p>\n<div class=\"wp-block-jetpack-tiled-gallery aligncenter is-style-rectangular\">\n<div class=\"tiled-gallery__gallery\" data-jetpack-block-initialized=\"true\">\n<div class=\"tiled-gallery__row\">\n<div class=\"tiled-gallery__col\">\n<figure class=\"tiled-gallery__item\"><\/figure>\n<\/div>\n<div class=\"tiled-gallery__col\"><\/div>\n<\/div>\n<\/div>\n<\/div>\n","protected":false},"excerpt":{"rendered":"<p>Ovaj ure\u0111aj se postavlja\u00a0na bilo kojem mjestu\u00a0u plinskom krugu, a\u00a0sastoji se od cilindra unutar kojeg su smje\u0161tene dvije me\u0111usobno povezane niti\u00a0. Unutar njih nalazi se ru\u017ei\u010dasta viskozna teku\u0107ina. Pritiskom na cilindar plin prelazi u krug ampula koje su me\u0111usobno povezane. Ako je do\u0161lo do curenja,\u00a0uzvodno ili nizvodno\u00a0od ure\u0111aja, teku\u0107ina unutar koje je normalno na istoj [&hellip;]<\/p>\n","protected":false},"featured_media":19094,"comment_status":"open","ping_status":"closed","template":"","meta":{"_acf_changed":false,"_themeisle_gutenberg_block_has_review":false},"product_brand":[],"product_cat":[275,302],"product_tag":[],"class_list":{"0":"post-19371","1":"product","2":"type-product","3":"status-publish","4":"has-post-thumbnail","6":"product_cat-gas-tehnology-en","7":"product_cat-security-en","9":"first","10":"instock","11":"shipping-taxable","12":"purchasable","13":"product-type-simple"},"acf":[],"yoast_head":"<!-- This site is optimized with the Yoast SEO plugin v27.4 - https:\/\/yoast.com\/product\/yoast-seo-wordpress\/ -->\n<title>Detektor curenja plina GasOkay | Petroni - rent | sale | service | conversions<\/title>\n<meta name=\"robots\" content=\"index, follow, max-snippet:-1, max-image-preview:large, max-video-preview:-1\" \/>\n<link rel=\"canonical\" href=\"https:\/\/www.petroni.hr\/en\/proizvod\/detektor-curenja-plina-gasokay\/\" \/>\n<meta property=\"og:locale\" content=\"en_US\" \/>\n<meta property=\"og:type\" content=\"article\" \/>\n<meta property=\"og:title\" content=\"Detektor curenja plina GasOkay | Petroni - rent | sale | service | conversions\" \/>\n<meta property=\"og:description\" content=\"Ovaj ure\u0111aj se postavlja\u00a0na bilo kojem mjestu\u00a0u plinskom krugu, a\u00a0sastoji se od cilindra unutar kojeg su smje\u0161tene dvije me\u0111usobno povezane niti\u00a0. Unutar njih nalazi se ru\u017ei\u010dasta viskozna teku\u0107ina. Pritiskom na cilindar plin prelazi u krug ampula koje su me\u0111usobno povezane. Ako je do\u0161lo do curenja,\u00a0uzvodno ili nizvodno\u00a0od ure\u0111aja, teku\u0107ina unutar koje je normalno na istoj [&hellip;]\" \/>\n<meta property=\"og:url\" content=\"https:\/\/www.petroni.hr\/en\/proizvod\/detektor-curenja-plina-gasokay\/\" \/>\n<meta property=\"og:site_name\" content=\"Petroni - rent | sale | service | conversions\" \/>\n<meta property=\"article:publisher\" content=\"https:\/\/www.facebook.com\/Kamperi.Petroni.Sesvete\/?locale=hr_HR\" \/>\n<meta property=\"article:modified_time\" content=\"2026-03-05T10:02:36+00:00\" \/>\n<meta property=\"og:image\" content=\"https:\/\/www.petroni.hr\/wp-content\/uploads\/2024\/03\/FUG108-GASOKAY.jpg\" \/>\n\t<meta property=\"og:image:width\" content=\"500\" \/>\n\t<meta property=\"og:image:height\" content=\"280\" \/>\n\t<meta property=\"og:image:type\" content=\"image\/jpeg\" \/>\n<meta name=\"twitter:card\" content=\"summary_large_image\" \/>\n<meta name=\"twitter:label1\" content=\"Est. reading time\" \/>\n\t<meta name=\"twitter:data1\" content=\"3 minutes\" \/>\n<script type=\"application\/ld+json\" class=\"yoast-schema-graph\">{\"@context\":\"https:\\\/\\\/schema.org\",\"@graph\":[{\"@type\":\"WebPage\",\"@id\":\"https:\\\/\\\/www.petroni.hr\\\/en\\\/proizvod\\\/detektor-curenja-plina-gasokay\\\/\",\"url\":\"https:\\\/\\\/www.petroni.hr\\\/en\\\/proizvod\\\/detektor-curenja-plina-gasokay\\\/\",\"name\":\"Detektor curenja plina GasOkay | Petroni - rent | sale | service | conversions\",\"isPartOf\":{\"@id\":\"https:\\\/\\\/www.petroni.hr\\\/en\\\/#website\"},\"primaryImageOfPage\":{\"@id\":\"https:\\\/\\\/www.petroni.hr\\\/en\\\/proizvod\\\/detektor-curenja-plina-gasokay\\\/#primaryimage\"},\"image\":{\"@id\":\"https:\\\/\\\/www.petroni.hr\\\/en\\\/proizvod\\\/detektor-curenja-plina-gasokay\\\/#primaryimage\"},\"thumbnailUrl\":\"https:\\\/\\\/www.petroni.hr\\\/wp-content\\\/uploads\\\/2024\\\/03\\\/FUG108-GASOKAY.jpg\",\"datePublished\":\"2024-03-23T08:13:32+00:00\",\"dateModified\":\"2026-03-05T10:02:36+00:00\",\"breadcrumb\":{\"@id\":\"https:\\\/\\\/www.petroni.hr\\\/en\\\/proizvod\\\/detektor-curenja-plina-gasokay\\\/#breadcrumb\"},\"inLanguage\":\"en-US\",\"potentialAction\":[{\"@type\":\"ReadAction\",\"target\":[\"https:\\\/\\\/www.petroni.hr\\\/en\\\/proizvod\\\/detektor-curenja-plina-gasokay\\\/\"]}]},{\"@type\":\"ImageObject\",\"inLanguage\":\"en-US\",\"@id\":\"https:\\\/\\\/www.petroni.hr\\\/en\\\/proizvod\\\/detektor-curenja-plina-gasokay\\\/#primaryimage\",\"url\":\"https:\\\/\\\/www.petroni.hr\\\/wp-content\\\/uploads\\\/2024\\\/03\\\/FUG108-GASOKAY.jpg\",\"contentUrl\":\"https:\\\/\\\/www.petroni.hr\\\/wp-content\\\/uploads\\\/2024\\\/03\\\/FUG108-GASOKAY.jpg\",\"width\":500,\"height\":280},{\"@type\":\"BreadcrumbList\",\"@id\":\"https:\\\/\\\/www.petroni.hr\\\/en\\\/proizvod\\\/detektor-curenja-plina-gasokay\\\/#breadcrumb\",\"itemListElement\":[{\"@type\":\"ListItem\",\"position\":1,\"name\":\"Po\u010detna stranica\",\"item\":\"https:\\\/\\\/www.petroni.hr\\\/en\\\/\"},{\"@type\":\"ListItem\",\"position\":2,\"name\":\"Shop\",\"item\":\"https:\\\/\\\/www.petroni.hr\\\/en\\\/shop\\\/\"},{\"@type\":\"ListItem\",\"position\":3,\"name\":\"Detektor curenja plina GasOkay\"}]},{\"@type\":\"WebSite\",\"@id\":\"https:\\\/\\\/www.petroni.hr\\\/en\\\/#website\",\"url\":\"https:\\\/\\\/www.petroni.hr\\\/en\\\/\",\"name\":\"Petroni.hr\",\"description\":\"Experience the unprecedented freedom of travel\",\"publisher\":{\"@id\":\"https:\\\/\\\/www.petroni.hr\\\/en\\\/#organization\"},\"alternateName\":\"Petroni\",\"potentialAction\":[{\"@type\":\"SearchAction\",\"target\":{\"@type\":\"EntryPoint\",\"urlTemplate\":\"https:\\\/\\\/www.petroni.hr\\\/en\\\/?s={search_term_string}\"},\"query-input\":{\"@type\":\"PropertyValueSpecification\",\"valueRequired\":true,\"valueName\":\"search_term_string\"}}],\"inLanguage\":\"en-US\"},{\"@type\":\"Organization\",\"@id\":\"https:\\\/\\\/www.petroni.hr\\\/en\\\/#organization\",\"name\":\"Petroni d.o.o.\",\"alternateName\":\"Petroni\",\"url\":\"https:\\\/\\\/www.petroni.hr\\\/en\\\/\",\"logo\":{\"@type\":\"ImageObject\",\"inLanguage\":\"en-US\",\"@id\":\"https:\\\/\\\/www.petroni.hr\\\/en\\\/#\\\/schema\\\/logo\\\/image\\\/\",\"url\":\"https:\\\/\\\/www.petroni.hr\\\/wp-content\\\/uploads\\\/2024\\\/03\\\/cropped-Group-3.jpg\",\"contentUrl\":\"https:\\\/\\\/www.petroni.hr\\\/wp-content\\\/uploads\\\/2024\\\/03\\\/cropped-Group-3.jpg\",\"width\":512,\"height\":512,\"caption\":\"Petroni d.o.o.\"},\"image\":{\"@id\":\"https:\\\/\\\/www.petroni.hr\\\/en\\\/#\\\/schema\\\/logo\\\/image\\\/\"},\"sameAs\":[\"https:\\\/\\\/www.facebook.com\\\/Kamperi.Petroni.Sesvete\\\/?locale=hr_HR\"]}]}<\/script>\n<!-- \/ Yoast SEO plugin. -->","yoast_head_json":{"title":"Detektor curenja plina GasOkay | Petroni - rent | sale | service | conversions","robots":{"index":"index","follow":"follow","max-snippet":"max-snippet:-1","max-image-preview":"max-image-preview:large","max-video-preview":"max-video-preview:-1"},"canonical":"https:\/\/www.petroni.hr\/en\/proizvod\/detektor-curenja-plina-gasokay\/","og_locale":"en_US","og_type":"article","og_title":"Detektor curenja plina GasOkay | Petroni - rent | sale | service | conversions","og_description":"Ovaj ure\u0111aj se postavlja\u00a0na bilo kojem mjestu\u00a0u plinskom krugu, a\u00a0sastoji se od cilindra unutar kojeg su smje\u0161tene dvije me\u0111usobno povezane niti\u00a0. Unutar njih nalazi se ru\u017ei\u010dasta viskozna teku\u0107ina. Pritiskom na cilindar plin prelazi u krug ampula koje su me\u0111usobno povezane. Ako je do\u0161lo do curenja,\u00a0uzvodno ili nizvodno\u00a0od ure\u0111aja, teku\u0107ina unutar koje je normalno na istoj [&hellip;]","og_url":"https:\/\/www.petroni.hr\/en\/proizvod\/detektor-curenja-plina-gasokay\/","og_site_name":"Petroni - rent | sale | service | conversions","article_publisher":"https:\/\/www.facebook.com\/Kamperi.Petroni.Sesvete\/?locale=hr_HR","article_modified_time":"2026-03-05T10:02:36+00:00","og_image":[{"width":500,"height":280,"url":"https:\/\/www.petroni.hr\/wp-content\/uploads\/2024\/03\/FUG108-GASOKAY.jpg","type":"image\/jpeg"}],"twitter_card":"summary_large_image","twitter_misc":{"Est. reading time":"3 minutes"},"schema":{"@context":"https:\/\/schema.org","@graph":[{"@type":"WebPage","@id":"https:\/\/www.petroni.hr\/en\/proizvod\/detektor-curenja-plina-gasokay\/","url":"https:\/\/www.petroni.hr\/en\/proizvod\/detektor-curenja-plina-gasokay\/","name":"Detektor curenja plina GasOkay | Petroni - rent | sale | service | conversions","isPartOf":{"@id":"https:\/\/www.petroni.hr\/en\/#website"},"primaryImageOfPage":{"@id":"https:\/\/www.petroni.hr\/en\/proizvod\/detektor-curenja-plina-gasokay\/#primaryimage"},"image":{"@id":"https:\/\/www.petroni.hr\/en\/proizvod\/detektor-curenja-plina-gasokay\/#primaryimage"},"thumbnailUrl":"https:\/\/www.petroni.hr\/wp-content\/uploads\/2024\/03\/FUG108-GASOKAY.jpg","datePublished":"2024-03-23T08:13:32+00:00","dateModified":"2026-03-05T10:02:36+00:00","breadcrumb":{"@id":"https:\/\/www.petroni.hr\/en\/proizvod\/detektor-curenja-plina-gasokay\/#breadcrumb"},"inLanguage":"en-US","potentialAction":[{"@type":"ReadAction","target":["https:\/\/www.petroni.hr\/en\/proizvod\/detektor-curenja-plina-gasokay\/"]}]},{"@type":"ImageObject","inLanguage":"en-US","@id":"https:\/\/www.petroni.hr\/en\/proizvod\/detektor-curenja-plina-gasokay\/#primaryimage","url":"https:\/\/www.petroni.hr\/wp-content\/uploads\/2024\/03\/FUG108-GASOKAY.jpg","contentUrl":"https:\/\/www.petroni.hr\/wp-content\/uploads\/2024\/03\/FUG108-GASOKAY.jpg","width":500,"height":280},{"@type":"BreadcrumbList","@id":"https:\/\/www.petroni.hr\/en\/proizvod\/detektor-curenja-plina-gasokay\/#breadcrumb","itemListElement":[{"@type":"ListItem","position":1,"name":"Po\u010detna stranica","item":"https:\/\/www.petroni.hr\/en\/"},{"@type":"ListItem","position":2,"name":"Shop","item":"https:\/\/www.petroni.hr\/en\/shop\/"},{"@type":"ListItem","position":3,"name":"Detektor curenja plina GasOkay"}]},{"@type":"WebSite","@id":"https:\/\/www.petroni.hr\/en\/#website","url":"https:\/\/www.petroni.hr\/en\/","name":"Petroni.hr","description":"Experience the unprecedented freedom of travel","publisher":{"@id":"https:\/\/www.petroni.hr\/en\/#organization"},"alternateName":"Petroni","potentialAction":[{"@type":"SearchAction","target":{"@type":"EntryPoint","urlTemplate":"https:\/\/www.petroni.hr\/en\/?s={search_term_string}"},"query-input":{"@type":"PropertyValueSpecification","valueRequired":true,"valueName":"search_term_string"}}],"inLanguage":"en-US"},{"@type":"Organization","@id":"https:\/\/www.petroni.hr\/en\/#organization","name":"Petroni d.o.o.","alternateName":"Petroni","url":"https:\/\/www.petroni.hr\/en\/","logo":{"@type":"ImageObject","inLanguage":"en-US","@id":"https:\/\/www.petroni.hr\/en\/#\/schema\/logo\/image\/","url":"https:\/\/www.petroni.hr\/wp-content\/uploads\/2024\/03\/cropped-Group-3.jpg","contentUrl":"https:\/\/www.petroni.hr\/wp-content\/uploads\/2024\/03\/cropped-Group-3.jpg","width":512,"height":512,"caption":"Petroni d.o.o."},"image":{"@id":"https:\/\/www.petroni.hr\/en\/#\/schema\/logo\/image\/"},"sameAs":["https:\/\/www.facebook.com\/Kamperi.Petroni.Sesvete\/?locale=hr_HR"]}]}},"_links":{"self":[{"href":"https:\/\/www.petroni.hr\/en\/wp-json\/wp\/v2\/product\/19371","targetHints":{"allow":["GET"]}}],"collection":[{"href":"https:\/\/www.petroni.hr\/en\/wp-json\/wp\/v2\/product"}],"about":[{"href":"https:\/\/www.petroni.hr\/en\/wp-json\/wp\/v2\/types\/product"}],"replies":[{"embeddable":true,"href":"https:\/\/www.petroni.hr\/en\/wp-json\/wp\/v2\/comments?post=19371"}],"wp:featuredmedia":[{"embeddable":true,"href":"https:\/\/www.petroni.hr\/en\/wp-json\/wp\/v2\/media\/19094"}],"wp:attachment":[{"href":"https:\/\/www.petroni.hr\/en\/wp-json\/wp\/v2\/media?parent=19371"}],"wp:term":[{"taxonomy":"product_brand","embeddable":true,"href":"https:\/\/www.petroni.hr\/en\/wp-json\/wp\/v2\/product_brand?post=19371"},{"taxonomy":"product_cat","embeddable":true,"href":"https:\/\/www.petroni.hr\/en\/wp-json\/wp\/v2\/product_cat?post=19371"},{"taxonomy":"product_tag","embeddable":true,"href":"https:\/\/www.petroni.hr\/en\/wp-json\/wp\/v2\/product_tag?post=19371"}],"curies":[{"name":"wp","href":"https:\/\/api.w.org\/{rel}","templated":true}]}}